{"id":13868,"date":"2024-03-01T12:10:56","date_gmt":"2024-03-01T12:10:56","guid":{"rendered":"https:\/\/cervejaletra.pt\/?page_id=13868"},"modified":"2024-03-05T15:48:07","modified_gmt":"2024-03-05T15:48:07","slug":"letraria-obidos","status":"publish","type":"page","link":"https:\/\/cervejaletra.pt\/en\/letraria-obidos\/","title":{"rendered":"Letraria \u00d3bidos"},"content":{"rendered":"<div id=\"letra-braga-banner\" data-vc-full-width=\"true\" data-vc-full-width-init=\"false\" data-vc-stretch-content=\"true\" class=\"vc_row wpb_row vc_row-fluid wpb_animate_when_almost_visible wpb_fadeIn fadeIn vc_custom_1709653685138 vc_row-has-fill vc_row-o-full-height vc_row-o-columns-middle vc_row-o-equal-height vc_row-flex\"><div class=\"wpb_column vc_column_container vc_col-sm-12\"><div class=\"vc_column-inner\"><div class=\"wpb_wrapper\">\n\t<div  class=\"wpb_single_image wpb_content_element vc_align_center  wpb_animate_when_almost_visible wpb_fadeIn fadeIn\">\n\t\t\n\t\t<figure class=\"wpb_wrapper vc_figure\">\n\t\t\t<div class=\"vc_single_image-wrapper   vc_box_border_grey\"><img width=\"716\" height=\"421\" data-src=\"https:\/\/cervejaletra.pt\/wp-content\/uploads\/2024\/03\/o\u0301bidos.png\" class=\"vc_single_image-img attachment-full lazyload\" alt=\"\" loading=\"lazy\" data-srcset=\"https:\/\/cervejaletra.pt\/wp-content\/uploads\/2024\/03\/o\u0301bidos.png 716w, https:\/\/cervejaletra.pt\/wp-content\/uploads\/2024\/03\/o\u0301bidos-300x176.png 300w, https:\/\/cervejaletra.pt\/wp-content\/uploads\/2024\/03\/o\u0301bidos-18x12.png 18w, https:\/\/cervejaletra.pt\/wp-content\/uploads\/2024\/03\/o\u0301bidos-680x400.png 680w\" data-sizes=\"(max-width: 716px) 100vw, 716px\" src=\"data:image\/gif;base64,R0lGODlhAQABAAAAACH5BAEKAAEALAAAAAABAAEAAAICTAEAOw==\" style=\"--smush-placeholder-width: 716px; --smush-placeholder-aspect-ratio: 716\/421;\" \/><noscript><img width=\"716\" height=\"421\" src=\"https:\/\/cervejaletra.pt\/wp-content\/uploads\/2024\/03\/o\u0301bidos.png\" class=\"vc_single_image-img attachment-full\" alt=\"\" loading=\"lazy\" srcset=\"https:\/\/cervejaletra.pt\/wp-content\/uploads\/2024\/03\/o\u0301bidos.png 716w, https:\/\/cervejaletra.pt\/wp-content\/uploads\/2024\/03\/o\u0301bidos-300x176.png 300w, https:\/\/cervejaletra.pt\/wp-content\/uploads\/2024\/03\/o\u0301bidos-18x12.png 18w, https:\/\/cervejaletra.pt\/wp-content\/uploads\/2024\/03\/o\u0301bidos-680x400.png 680w\" sizes=\"(max-width: 716px) 100vw, 716px\" \/><\/noscript><\/div>\n\t\t<\/figure>\n\t<\/div>\n<\/div><\/div><\/div><\/div><div class=\"vc_row-full-width vc_clearfix\"><\/div><div id=\"letra-braga-header\" data-vc-full-width=\"true\" data-vc-full-width-init=\"false\" class=\"vc_row wpb_row vc_row-fluid vverde vc_custom_1629803206723 vc_row-o-equal-height vc_row-flex\"><div class=\"wpb_animate_when_almost_visible wpb_fadeInLeft fadeInLeft wpb_column vc_column_container vc_col-sm-6\"><div class=\"vc_column-inner\"><div class=\"wpb_wrapper\">\n\t<div  class=\"wpb_single_image wpb_content_element vc_align_center\">\n\t\t\n\t\t<figure class=\"wpb_wrapper vc_figure\">\n\t\t\t<div class=\"vc_single_image-wrapper   vc_box_border_grey\"><img width=\"598\" height=\"815\" data-src=\"https:\/\/cervejaletra.pt\/wp-content\/uploads\/2024\/03\/obidos-1-final.jpg\" class=\"vc_single_image-img attachment-full lazyload\" alt=\"\" loading=\"lazy\" data-srcset=\"https:\/\/cervejaletra.pt\/wp-content\/uploads\/2024\/03\/obidos-1-final.jpg 598w, https:\/\/cervejaletra.pt\/wp-content\/uploads\/2024\/03\/obidos-1-final-220x300.jpg 220w, https:\/\/cervejaletra.pt\/wp-content\/uploads\/2024\/03\/obidos-1-final-9x12.jpg 9w\" data-sizes=\"(max-width: 598px) 100vw, 598px\" src=\"data:image\/gif;base64,R0lGODlhAQABAAAAACH5BAEKAAEALAAAAAABAAEAAAICTAEAOw==\" style=\"--smush-placeholder-width: 598px; --smush-placeholder-aspect-ratio: 598\/815;\" \/><noscript><img width=\"598\" height=\"815\" src=\"https:\/\/cervejaletra.pt\/wp-content\/uploads\/2024\/03\/obidos-1-final.jpg\" class=\"vc_single_image-img attachment-full\" alt=\"\" loading=\"lazy\" srcset=\"https:\/\/cervejaletra.pt\/wp-content\/uploads\/2024\/03\/obidos-1-final.jpg 598w, https:\/\/cervejaletra.pt\/wp-content\/uploads\/2024\/03\/obidos-1-final-220x300.jpg 220w, https:\/\/cervejaletra.pt\/wp-content\/uploads\/2024\/03\/obidos-1-final-9x12.jpg 9w\" sizes=\"(max-width: 598px) 100vw, 598px\" \/><\/noscript><\/div>\n\t\t<\/figure>\n\t<\/div>\n<\/div><\/div><\/div><div class=\"wpb_animate_when_almost_visible wpb_fadeInRight fadeInRight wpb_column vc_column_container vc_col-sm-6\"><div class=\"vc_column-inner\"><div class=\"wpb_wrapper\">\n\t<div class=\"wpb_text_column wpb_content_element\" >\n\t\t<div class=\"wpb_wrapper\">\n\t\t\t<h1>UM BAR COM TERRA\u00c7O COM VISTA PARA A MURALHA.<\/h1>\n\n\t\t<\/div>\n\t<\/div>\n\n\t<div class=\"wpb_text_column wpb_content_element  text_desc\" >\n\t\t<div class=\"wpb_wrapper\">\n\t\t\t<p>Descobre a Letraria de \u00d3bidos, o s\u00e9timo bar da Cerveja Letra, em \u00d3bidos junto \u00e0 muralha medieval. Com 12 torneiras da melhor cerveja artesanal, saboreie petiscos e uma variedade de bebidas. Visite nosso p\u00e1tio e mergulhe na hist\u00f3ria de \u00d3bidos.<\/p>\n\n\t\t<\/div>\n\t<\/div>\n\n\t<div class=\"wpb_text_column wpb_content_element\" >\n\t\t<div class=\"wpb_wrapper\">\n\t\t\t<p><strong><a href=\"https:\/\/maps.app.goo.gl\/cACGFwWpVuR63GWc8\" target=\"_blank\" rel=\"noopener\">R. Padre Nuno Tavares 6, 2510-001 \u00d3bidos<\/a><\/strong><br \/>\n<strong><a href=\"tel: 351262955360\">+351 262 955 360<\/a><\/strong><br \/>\n<strong><a href=\"mailto:letrariaobidos@cervejaletra.pt\">letrariaobidos@cervejaletra.pt<\/a><\/strong><\/p>\n\n\t\t<\/div>\n\t<\/div>\n<a href=\"https:\/\/maps.app.goo.gl\/cACGFwWpVuR63GWc8\" target=\"_blank\" class=\"konte-button button-normal text-dark align-left normal  letbtn button rounded\">Get directions<\/a><\/div><\/div><\/div><\/div><div class=\"vc_row-full-width vc_clearfix\"><\/div><div id=\"letra-braga-taps\" data-vc-full-width=\"true\" data-vc-full-width-init=\"false\" class=\"vc_row wpb_row vc_row-fluid vverde vc_custom_1623938032857\"><div class=\"taps_image wpb_column vc_column_container vc_col-sm-3\"><div class=\"vc_column-inner\"><div class=\"wpb_wrapper\">\n\t<div  class=\"wpb_single_image wpb_content_element vc_align_right  wpb_animate_when_almost_visible wpb_appear appear  taps_image\">\n\t\t\n\t\t<figure class=\"wpb_wrapper vc_figure\">\n\t\t\t<div class=\"vc_single_image-wrapper   vc_box_border_grey\"><img width=\"476\" height=\"450\" data-src=\"https:\/\/cervejaletra.pt\/wp-content\/uploads\/2021\/06\/taps-2.png\" class=\"vc_single_image-img attachment-full lazyload\" alt=\"\" loading=\"lazy\" data-srcset=\"https:\/\/cervejaletra.pt\/wp-content\/uploads\/2021\/06\/taps-2.png 476w, https:\/\/cervejaletra.pt\/wp-content\/uploads\/2021\/06\/taps-2-400x378.png 400w, https:\/\/cervejaletra.pt\/wp-content\/uploads\/2021\/06\/taps-2-300x284.png 300w\" data-sizes=\"(max-width: 476px) 100vw, 476px\" src=\"data:image\/gif;base64,R0lGODlhAQABAAAAACH5BAEKAAEALAAAAAABAAEAAAICTAEAOw==\" style=\"--smush-placeholder-width: 476px; --smush-placeholder-aspect-ratio: 476\/450;\" \/><noscript><img width=\"476\" height=\"450\" src=\"https:\/\/cervejaletra.pt\/wp-content\/uploads\/2021\/06\/taps-2.png\" class=\"vc_single_image-img attachment-full\" alt=\"\" loading=\"lazy\" srcset=\"https:\/\/cervejaletra.pt\/wp-content\/uploads\/2021\/06\/taps-2.png 476w, https:\/\/cervejaletra.pt\/wp-content\/uploads\/2021\/06\/taps-2-400x378.png 400w, https:\/\/cervejaletra.pt\/wp-content\/uploads\/2021\/06\/taps-2-300x284.png 300w\" sizes=\"(max-width: 476px) 100vw, 476px\" \/><\/noscript><\/div>\n\t\t<\/figure>\n\t<\/div>\n<\/div><\/div><\/div><div class=\"wpb_column vc_column_container vc_col-sm-9\"><div class=\"vc_column-inner\"><div class=\"wpb_wrapper\">\n\t<div  class=\"wpb_single_image wpb_content_element vc_align_left  wpb_animate_when_almost_visible wpb_bottom-to-top bottom-to-top\">\n\t\t\n\t\t<figure class=\"wpb_wrapper vc_figure\">\n\t\t\t<div class=\"vc_single_image-wrapper   vc_box_border_grey\"><img width=\"1038\" height=\"602\" data-src=\"https:\/\/cervejaletra.pt\/wp-content\/uploads\/2024\/03\/obidos-2-final.jpg\" class=\"vc_single_image-img attachment-full lazyload\" alt=\"\" loading=\"lazy\" data-srcset=\"https:\/\/cervejaletra.pt\/wp-content\/uploads\/2024\/03\/obidos-2-final.jpg 1038w, https:\/\/cervejaletra.pt\/wp-content\/uploads\/2024\/03\/obidos-2-final-300x174.jpg 300w, https:\/\/cervejaletra.pt\/wp-content\/uploads\/2024\/03\/obidos-2-final-1024x594.jpg 1024w, https:\/\/cervejaletra.pt\/wp-content\/uploads\/2024\/03\/obidos-2-final-768x445.jpg 768w, https:\/\/cervejaletra.pt\/wp-content\/uploads\/2024\/03\/obidos-2-final-18x10.jpg 18w, https:\/\/cervejaletra.pt\/wp-content\/uploads\/2024\/03\/obidos-2-final-360x210.jpg 360w, https:\/\/cervejaletra.pt\/wp-content\/uploads\/2024\/03\/obidos-2-final-920x534.jpg 920w, https:\/\/cervejaletra.pt\/wp-content\/uploads\/2024\/03\/obidos-2-final-680x394.jpg 680w\" data-sizes=\"(max-width: 1038px) 100vw, 1038px\" src=\"data:image\/gif;base64,R0lGODlhAQABAAAAACH5BAEKAAEALAAAAAABAAEAAAICTAEAOw==\" style=\"--smush-placeholder-width: 1038px; --smush-placeholder-aspect-ratio: 1038\/602;\" \/><noscript><img width=\"1038\" height=\"602\" src=\"https:\/\/cervejaletra.pt\/wp-content\/uploads\/2024\/03\/obidos-2-final.jpg\" class=\"vc_single_image-img attachment-full\" alt=\"\" loading=\"lazy\" srcset=\"https:\/\/cervejaletra.pt\/wp-content\/uploads\/2024\/03\/obidos-2-final.jpg 1038w, https:\/\/cervejaletra.pt\/wp-content\/uploads\/2024\/03\/obidos-2-final-300x174.jpg 300w, https:\/\/cervejaletra.pt\/wp-content\/uploads\/2024\/03\/obidos-2-final-1024x594.jpg 1024w, https:\/\/cervejaletra.pt\/wp-content\/uploads\/2024\/03\/obidos-2-final-768x445.jpg 768w, https:\/\/cervejaletra.pt\/wp-content\/uploads\/2024\/03\/obidos-2-final-18x10.jpg 18w, https:\/\/cervejaletra.pt\/wp-content\/uploads\/2024\/03\/obidos-2-final-360x210.jpg 360w, https:\/\/cervejaletra.pt\/wp-content\/uploads\/2024\/03\/obidos-2-final-920x534.jpg 920w, https:\/\/cervejaletra.pt\/wp-content\/uploads\/2024\/03\/obidos-2-final-680x394.jpg 680w\" sizes=\"(max-width: 1038px) 100vw, 1038px\" \/><\/noscript><\/div>\n\t\t<\/figure>\n\t<\/div>\n<\/div><\/div><\/div><\/div><div class=\"vc_row-full-width vc_clearfix\"><\/div><div id=\"letra-braga-desc\" class=\"vc_row wpb_row vc_row-fluid vverde vc_custom_1630940899574 vc_row-o-equal-height vc_row-o-content-middle vc_row-flex\"><div class=\"wpb_animate_when_almost_visible wpb_appear appear wpb_column vc_column_container vc_col-sm-6\"><div class=\"vc_column-inner\"><div class=\"wpb_wrapper\">\n\t<div  class=\"wpb_single_image wpb_content_element vc_align_center\">\n\t\t\n\t\t<figure class=\"wpb_wrapper vc_figure\">\n\t\t\t<div class=\"vc_single_image-wrapper   vc_box_border_grey\"><img width=\"702\" height=\"829\" data-src=\"https:\/\/cervejaletra.pt\/wp-content\/uploads\/2024\/03\/obidos-3-final.png\" class=\"vc_single_image-img attachment-full lazyload\" alt=\"\" loading=\"lazy\" data-srcset=\"https:\/\/cervejaletra.pt\/wp-content\/uploads\/2024\/03\/obidos-3-final.png 702w, https:\/\/cervejaletra.pt\/wp-content\/uploads\/2024\/03\/obidos-3-final-254x300.png 254w, https:\/\/cervejaletra.pt\/wp-content\/uploads\/2024\/03\/obidos-3-final-10x12.png 10w, https:\/\/cervejaletra.pt\/wp-content\/uploads\/2024\/03\/obidos-3-final-680x803.png 680w\" data-sizes=\"(max-width: 702px) 100vw, 702px\" src=\"data:image\/gif;base64,R0lGODlhAQABAAAAACH5BAEKAAEALAAAAAABAAEAAAICTAEAOw==\" style=\"--smush-placeholder-width: 702px; --smush-placeholder-aspect-ratio: 702\/829;\" \/><noscript><img width=\"702\" height=\"829\" src=\"https:\/\/cervejaletra.pt\/wp-content\/uploads\/2024\/03\/obidos-3-final.png\" class=\"vc_single_image-img attachment-full\" alt=\"\" loading=\"lazy\" srcset=\"https:\/\/cervejaletra.pt\/wp-content\/uploads\/2024\/03\/obidos-3-final.png 702w, https:\/\/cervejaletra.pt\/wp-content\/uploads\/2024\/03\/obidos-3-final-254x300.png 254w, https:\/\/cervejaletra.pt\/wp-content\/uploads\/2024\/03\/obidos-3-final-10x12.png 10w, https:\/\/cervejaletra.pt\/wp-content\/uploads\/2024\/03\/obidos-3-final-680x803.png 680w\" sizes=\"(max-width: 702px) 100vw, 702px\" \/><\/noscript><\/div>\n\t\t<\/figure>\n\t<\/div>\n<\/div><\/div><\/div><div class=\"wpb_animate_when_almost_visible wpb_fadeIn fadeIn wpb_column vc_column_container vc_col-sm-6\"><div class=\"vc_column-inner\"><div class=\"wpb_wrapper\">\n\t<div class=\"wpb_text_column wpb_content_element  text_desc\" >\n\t\t<div class=\"wpb_wrapper\">\n\t\t\t<p>Consulta aqui os petiscos e iguarias que temos dispon\u00edvel mas na hora de escolher pede ao nosso staff sugest\u00f5es de harmoniza\u00e7\u00e3o para uma experi\u00eancia gastron\u00f3mica de fazer as tuas papilas gustativas vibrar e salivar por mais.<\/p>\n\n\t\t<\/div>\n\t<\/div>\n<div class=\"vc_row wpb_row vc_inner vc_row-fluid vc_row-o-equal-height vc_row-o-content-middle vc_row-flex\"><div class=\"botaomenu wpb_column vc_column_container vc_col-sm-6 vc_col-xs-6\"><div class=\"vc_column-inner\"><div class=\"wpb_wrapper\"><a href=\"https:\/\/cervejaletra.pt\/en\/menu-letraria-obidos\/\" title=\"Menu Letraria \u00d3bidos\" target=\"_blank\" class=\"konte-button button-outline text-dark align-left normal   button rounded\">See menu<\/a><\/div><\/div><\/div><div class=\"wpb_column vc_column_container vc_col-sm-2 vc_col-xs-2\"><div class=\"vc_column-inner\"><div class=\"wpb_wrapper\"><\/div><\/div><\/div><div class=\"wpb_column vc_column_container vc_col-sm-2 vc_col-xs-2\"><div class=\"vc_column-inner\"><div class=\"wpb_wrapper\"><\/div><\/div><\/div><div class=\"wpb_column vc_column_container vc_col-sm-2 vc_col-xs-2\"><div class=\"vc_column-inner\"><div class=\"wpb_wrapper\"><\/div><\/div><\/div><\/div><\/div><\/div><\/div><\/div><div id=\"letra-braga-follow\" class=\"vc_row wpb_row vc_row-fluid vverde vc_custom_1629468123017 vc_row-o-equal-height vc_row-o-content-middle vc_row-flex\"><div class=\"wpb_animate_when_almost_visible wpb_fadeIn fadeIn wpb_column vc_column_container vc_col-sm-6\"><div class=\"vc_column-inner\"><div class=\"wpb_wrapper\">\n\t<div class=\"wpb_text_column wpb_content_element  vc_custom_1709296639278\" >\n\t\t<div class=\"wpb_wrapper\">\n\t\t\t<h1 style=\"text-transform: uppercase;\">Gostas de &#8220;Hoppy Hour&#8221;?<\/h1>\n\n\t\t<\/div>\n\t<\/div>\n\n\t<div class=\"wpb_text_column wpb_content_element  text_desc\" >\n\t\t<div class=\"wpb_wrapper\">\n\t\t\t<p>De quarta-feira a Domingo das 5pm \u00e0s 6pm temos copo de 50cL pelo pre\u00e7o de copo de 25cL. Aproveita!<\/p>\n\n\t\t<\/div>\n\t<\/div>\n<div class=\"vc_row wpb_row vc_inner vc_row-fluid\"><div class=\"wpb_column vc_column_container vc_col-sm-6\"><div class=\"vc_column-inner\"><div class=\"wpb_wrapper\">\n\t<div class=\"wpb_text_column wpb_content_element\" >\n\t\t<div class=\"wpb_wrapper\">\n\t\t\t<h3>FOLLOW US<\/h3>\n\n\t\t<\/div>\n\t<\/div>\n<\/div><\/div><\/div><div class=\"wpb_column vc_column_container vc_col-sm-6\"><div class=\"vc_column-inner\"><div class=\"wpb_wrapper\"><div class=\"vc_icon_element vc_icon_element-outer vc_icon_element-align-left\"><div class=\"vc_icon_element-inner vc_icon_element-color-sandy_brown vc_icon_element-size-lg vc_icon_element-style- vc_icon_element-background-color-grey\" ><span class=\"vc_icon_element-icon fab fa-instagram\" ><\/span><a class=\"vc_icon_element-link\" href=\"https:\/\/www.instagram.com\/letraria_obidos\/\"  title=\"\" target=\"_blank\"><\/a><\/div><\/div><div class=\"vc_icon_element vc_icon_element-outer vc_icon_element-align-left\"><div class=\"vc_icon_element-inner vc_icon_element-color-sandy_brown vc_icon_element-size-lg vc_icon_element-style- vc_icon_element-background-color-grey\" ><span class=\"vc_icon_element-icon fab fa-facebook-f\" ><\/span><a class=\"vc_icon_element-link\" href=\"https:\/\/www.facebook.com\/letrariaobidos\/\"  title=\"\" target=\"_blank\"><\/a><\/div><\/div><\/div><\/div><\/div><\/div><\/div><\/div><\/div><div class=\"wpb_animate_when_almost_visible wpb_appear appear wpb_column vc_column_container vc_col-sm-6\"><div class=\"vc_column-inner\"><div class=\"wpb_wrapper\">\n\t<div  class=\"wpb_single_image wpb_content_element vc_align_center\">\n\t\t\n\t\t<figure class=\"wpb_wrapper vc_figure\">\n\t\t\t<div class=\"vc_single_image-wrapper   vc_box_border_grey\"><img width=\"698\" height=\"698\" data-src=\"https:\/\/cervejaletra.pt\/wp-content\/uploads\/2024\/03\/obidos-4-final.png\" class=\"vc_single_image-img attachment-full lazyload\" alt=\"\" loading=\"lazy\" data-srcset=\"https:\/\/cervejaletra.pt\/wp-content\/uploads\/2024\/03\/obidos-4-final.png 698w, https:\/\/cervejaletra.pt\/wp-content\/uploads\/2024\/03\/obidos-4-final-300x300.png 300w, https:\/\/cervejaletra.pt\/wp-content\/uploads\/2024\/03\/obidos-4-final-150x150.png 150w, https:\/\/cervejaletra.pt\/wp-content\/uploads\/2024\/03\/obidos-4-final-12x12.png 12w, https:\/\/cervejaletra.pt\/wp-content\/uploads\/2024\/03\/obidos-4-final-680x680.png 680w\" data-sizes=\"(max-width: 698px) 100vw, 698px\" src=\"data:image\/gif;base64,R0lGODlhAQABAAAAACH5BAEKAAEALAAAAAABAAEAAAICTAEAOw==\" style=\"--smush-placeholder-width: 698px; --smush-placeholder-aspect-ratio: 698\/698;\" \/><noscript><img width=\"698\" height=\"698\" src=\"https:\/\/cervejaletra.pt\/wp-content\/uploads\/2024\/03\/obidos-4-final.png\" class=\"vc_single_image-img attachment-full\" alt=\"\" loading=\"lazy\" srcset=\"https:\/\/cervejaletra.pt\/wp-content\/uploads\/2024\/03\/obidos-4-final.png 698w, https:\/\/cervejaletra.pt\/wp-content\/uploads\/2024\/03\/obidos-4-final-300x300.png 300w, https:\/\/cervejaletra.pt\/wp-content\/uploads\/2024\/03\/obidos-4-final-150x150.png 150w, https:\/\/cervejaletra.pt\/wp-content\/uploads\/2024\/03\/obidos-4-final-12x12.png 12w, https:\/\/cervejaletra.pt\/wp-content\/uploads\/2024\/03\/obidos-4-final-680x680.png 680w\" sizes=\"(max-width: 698px) 100vw, 698px\" \/><\/noscript><\/div>\n\t\t<\/figure>\n\t<\/div>\n<\/div><\/div><\/div><\/div><div data-vc-full-width=\"true\" data-vc-full-width-init=\"false\" data-vc-stretch-content=\"true\" class=\"vc_row wpb_row vc_row-fluid wpb_animate_when_almost_visible wpb_fadeIn fadeIn vc_row-no-padding\"><div class=\"wpb_column vc_column_container vc_col-sm-12\"><div class=\"vc_column-inner\"><div class=\"wpb_wrapper\"><div class=\"vc_row wpb_row vc_inner vc_row-fluid vc_custom_1630941125995\"><div class=\"wpb_column vc_column_container vc_col-sm-12 vc_hidden-lg vc_hidden-md vc_hidden-sm\"><div class=\"vc_column-inner vc_custom_1630424419111\"><div class=\"wpb_wrapper\">\n\t<div class=\"wpb_text_column wpb_content_element  vc_custom_1709296728294\" >\n\t\t<div class=\"wpb_wrapper\">\n\t\t\t<p style=\"text-align: center; font-size: 1.6em;\"><i class=\"fab fa-instagram\" style=\"color: #edb647;\"><\/i>\u00a0<a style=\"color: #edb647; font-family: 'HWT';\" href=\"https:\/\/www.instagram.com\/letraria_obidos\/\">#letrariaobidos<\/a><\/p>\n\n\t\t<\/div>\n\t<\/div>\n<\/div><\/div><\/div><\/div>\n\t<div class=\"wpb_text_column wpb_content_element  vc_custom_1649424091970\" >\n\t\t<div class=\"wpb_wrapper\">\n\t\t\t<p>[instagram-feed feed=2]<\/p>\n\n\t\t<\/div>\n\t<\/div>\n<\/div><\/div><\/div><\/div><div class=\"vc_row-full-width vc_clearfix\"><\/div><div id=\"letra-braga-truck\" data-vc-full-width=\"true\" data-vc-full-width-init=\"false\" class=\"vc_row wpb_row vc_row-fluid wpb_animate_when_almost_visible wpb_bottom-to-top bottom-to-top vc_custom_1651833538115 vc_row-has-fill\"><div class=\"wpb_column vc_column_container vc_col-sm-3\"><div class=\"vc_column-inner\"><div class=\"wpb_wrapper\"><\/div><\/div><\/div><div class=\"wpb_column vc_column_container vc_col-sm-6\"><div class=\"vc_column-inner\"><div class=\"wpb_wrapper\">\n\t<div class=\"wpb_text_column wpb_content_element\" >\n\t\t<div class=\"wpb_wrapper\">\n\t\t\t<h1 style=\"text-align: center;\">DO YOU WANT THE LETRA IN YOUR EVENT?<\/h1>\n\n\t\t<\/div>\n\t<\/div>\n<p class=\"konte-button-wrapper text-center\"><a href=\"https:\/\/cervejaletra.pt\/en\/contactos\/\" title=\"BeerTruck\" class=\"konte-button button-normal text-dark align-center normal  letbtn button rounded\">CONTACT US<\/a><\/p><\/div><\/div><\/div><div class=\"wpb_column vc_column_container vc_col-sm-3\"><div class=\"vc_column-inner\"><div class=\"wpb_wrapper\"><\/div><\/div><\/div><\/div><div class=\"vc_row-full-width vc_clearfix\"><\/div>","protected":false},"excerpt":{"rendered":"UM BAR COM TERRA\u00c7O COM VISTA PARA A MURALHA. Descobre a Letraria de \u00d3bidos, o s\u00e9timo bar da Cerveja Letra, em \u00d3bidos junto \u00e0 muralha medieval. Com 12 torneiras da&hellip;","protected":false},"author":9,"featured_media":0,"parent":0,"menu_order":0,"comment_status":"closed","ping_status":"closed","template":"","meta":[],"yoast_head":"<!-- This site is optimized with the Yoast SEO plugin v19.13 - https:\/\/yoast.com\/wordpress\/plugins\/seo\/ -->\n<title>Letraria \u00d3bidos - Letra<\/title>\n<meta name=\"robots\" content=\"index, follow, max-snippet:-1, max-image-preview:large, max-video-preview:-1\" \/>\n<link rel=\"canonical\" href=\"https:\/\/cervejaletra.pt\/en\/letraria-obidos\/\" \/>\n<meta property=\"og:locale\" content=\"en_GB\" \/>\n<meta property=\"og:type\" content=\"article\" \/>\n<meta property=\"og:title\" content=\"Letraria \u00d3bidos - Letra\" \/>\n<meta property=\"og:url\" content=\"https:\/\/cervejaletra.pt\/en\/letraria-obidos\/\" \/>\n<meta property=\"og:site_name\" content=\"Letra\" \/>\n<meta property=\"article:modified_time\" content=\"2024-03-05T15:48:07+00:00\" \/>\n<meta name=\"twitter:card\" content=\"summary_large_image\" \/>\n<meta name=\"twitter:label1\" content=\"Estimated reading time\" \/>\n\t<meta name=\"twitter:data1\" content=\"2 minutes\" \/>\n<script type=\"application\/ld+json\" class=\"yoast-schema-graph\">{\"@context\":\"https:\/\/schema.org\",\"@graph\":[{\"@type\":\"WebPage\",\"@id\":\"https:\/\/cervejaletra.pt\/letraria-obidos\/\",\"url\":\"https:\/\/cervejaletra.pt\/letraria-obidos\/\",\"name\":\"Letraria \u00d3bidos - Letra\",\"isPartOf\":{\"@id\":\"https:\/\/cervejaletra.pt\/#website\"},\"datePublished\":\"2024-03-01T12:10:56+00:00\",\"dateModified\":\"2024-03-05T15:48:07+00:00\",\"breadcrumb\":{\"@id\":\"https:\/\/cervejaletra.pt\/letraria-obidos\/#breadcrumb\"},\"inLanguage\":\"en-GB\",\"potentialAction\":[{\"@type\":\"ReadAction\",\"target\":[\"https:\/\/cervejaletra.pt\/letraria-obidos\/\"]}]},{\"@type\":\"BreadcrumbList\",\"@id\":\"https:\/\/cervejaletra.pt\/letraria-obidos\/#breadcrumb\",\"itemListElement\":[{\"@type\":\"ListItem\",\"position\":1,\"name\":\"In\u00edcio\",\"item\":\"https:\/\/cervejaletra.pt\/\"},{\"@type\":\"ListItem\",\"position\":2,\"name\":\"Letraria \u00d3bidos\"}]},{\"@type\":\"WebSite\",\"@id\":\"https:\/\/cervejaletra.pt\/#website\",\"url\":\"https:\/\/cervejaletra.pt\/\",\"name\":\"Cerveja Letra\",\"description\":\"Cerveja Artesanal Minhota\",\"publisher\":{\"@id\":\"https:\/\/cervejaletra.pt\/#organization\"},\"alternateName\":\"Letra\",\"potentialAction\":[{\"@type\":\"SearchAction\",\"target\":{\"@type\":\"EntryPoint\",\"urlTemplate\":\"https:\/\/cervejaletra.pt\/?s={search_term_string}\"},\"query-input\":\"required name=search_term_string\"}],\"inLanguage\":\"en-GB\"},{\"@type\":\"Organization\",\"@id\":\"https:\/\/cervejaletra.pt\/#organization\",\"name\":\"Cerveja Letra\",\"alternateName\":\"Letra\",\"url\":\"https:\/\/cervejaletra.pt\/\",\"logo\":{\"@type\":\"ImageObject\",\"inLanguage\":\"en-GB\",\"@id\":\"https:\/\/cervejaletra.pt\/#\/schema\/logo\/image\/\",\"url\":\"https:\/\/cervejaletra.pt\/wp-content\/uploads\/2022\/05\/logotipo_preto.svg\",\"contentUrl\":\"https:\/\/cervejaletra.pt\/wp-content\/uploads\/2022\/05\/logotipo_preto.svg\",\"width\":134,\"height\":39,\"caption\":\"Cerveja Letra\"},\"image\":{\"@id\":\"https:\/\/cervejaletra.pt\/#\/schema\/logo\/image\/\"}}]}<\/script>\n<!-- \/ Yoast SEO plugin. -->","yoast_head_json":{"title":"Letraria \u00d3bidos - Letra","robots":{"index":"index","follow":"follow","max-snippet":"max-snippet:-1","max-image-preview":"max-image-preview:large","max-video-preview":"max-video-preview:-1"},"canonical":"https:\/\/cervejaletra.pt\/en\/letraria-obidos\/","og_locale":"en_GB","og_type":"article","og_title":"Letraria \u00d3bidos - Letra","og_url":"https:\/\/cervejaletra.pt\/en\/letraria-obidos\/","og_site_name":"Letra","article_modified_time":"2024-03-05T15:48:07+00:00","twitter_card":"summary_large_image","twitter_misc":{"Estimated reading time":"2 minutes"},"schema":{"@context":"https:\/\/schema.org","@graph":[{"@type":"WebPage","@id":"https:\/\/cervejaletra.pt\/letraria-obidos\/","url":"https:\/\/cervejaletra.pt\/letraria-obidos\/","name":"Letraria \u00d3bidos - Letra","isPartOf":{"@id":"https:\/\/cervejaletra.pt\/#website"},"datePublished":"2024-03-01T12:10:56+00:00","dateModified":"2024-03-05T15:48:07+00:00","breadcrumb":{"@id":"https:\/\/cervejaletra.pt\/letraria-obidos\/#breadcrumb"},"inLanguage":"en-GB","potentialAction":[{"@type":"ReadAction","target":["https:\/\/cervejaletra.pt\/letraria-obidos\/"]}]},{"@type":"BreadcrumbList","@id":"https:\/\/cervejaletra.pt\/letraria-obidos\/#breadcrumb","itemListElement":[{"@type":"ListItem","position":1,"name":"In\u00edcio","item":"https:\/\/cervejaletra.pt\/"},{"@type":"ListItem","position":2,"name":"Letraria \u00d3bidos"}]},{"@type":"WebSite","@id":"https:\/\/cervejaletra.pt\/#website","url":"https:\/\/cervejaletra.pt\/","name":"Cerveja Letra","description":"Cerveja Artesanal Minhota","publisher":{"@id":"https:\/\/cervejaletra.pt\/#organization"},"alternateName":"Letra","potentialAction":[{"@type":"SearchAction","target":{"@type":"EntryPoint","urlTemplate":"https:\/\/cervejaletra.pt\/?s={search_term_string}"},"query-input":"required name=search_term_string"}],"inLanguage":"en-GB"},{"@type":"Organization","@id":"https:\/\/cervejaletra.pt\/#organization","name":"Cerveja Letra","alternateName":"Letra","url":"https:\/\/cervejaletra.pt\/","logo":{"@type":"ImageObject","inLanguage":"en-GB","@id":"https:\/\/cervejaletra.pt\/#\/schema\/logo\/image\/","url":"https:\/\/cervejaletra.pt\/wp-content\/uploads\/2022\/05\/logotipo_preto.svg","contentUrl":"https:\/\/cervejaletra.pt\/wp-content\/uploads\/2022\/05\/logotipo_preto.svg","width":134,"height":39,"caption":"Cerveja Letra"},"image":{"@id":"https:\/\/cervejaletra.pt\/#\/schema\/logo\/image\/"}}]}},"_links":{"self":[{"href":"https:\/\/cervejaletra.pt\/en\/wp-json\/wp\/v2\/pages\/13868"}],"collection":[{"href":"https:\/\/cervejaletra.pt\/en\/wp-json\/wp\/v2\/pages"}],"about":[{"href":"https:\/\/cervejaletra.pt\/en\/wp-json\/wp\/v2\/types\/page"}],"author":[{"embeddable":true,"href":"https:\/\/cervejaletra.pt\/en\/wp-json\/wp\/v2\/users\/9"}],"replies":[{"embeddable":true,"href":"https:\/\/cervejaletra.pt\/en\/wp-json\/wp\/v2\/comments?post=13868"}],"version-history":[{"count":5,"href":"https:\/\/cervejaletra.pt\/en\/wp-json\/wp\/v2\/pages\/13868\/revisions"}],"predecessor-version":[{"id":13901,"href":"https:\/\/cervejaletra.pt\/en\/wp-json\/wp\/v2\/pages\/13868\/revisions\/13901"}],"wp:attachment":[{"href":"https:\/\/cervejaletra.pt\/en\/wp-json\/wp\/v2\/media?parent=13868"}],"curies":[{"name":"wp","href":"https:\/\/api.w.org\/{rel}","templated":true}]}}