{"id":14196,"date":"2024-05-27T17:13:56","date_gmt":"2024-05-27T16:13:56","guid":{"rendered":"https:\/\/cervejaletra.pt\/?post_type=product&#038;p=14196"},"modified":"2026-04-08T11:34:02","modified_gmt":"2026-04-08T10:34:02","slug":"sidra-duura","status":"publish","type":"product","link":"https:\/\/cervejaletra.pt\/en\/product\/sidra-duura\/","title":{"rendered":"SIDRA DUURA"},"content":{"rendered":"<h1>SIDRA DUURA<\/h1>\n<ul>\n<li>Duura \u00e9 uma Sidra artesanal produzida no Minho, com a variedade de ma\u00e7\u00e3: Porta da Loja. O Minho \u00e9 o maior pomar do mundo desta variedade de ma\u00e7\u00e3. Caracteriza-se pela dureza da casca que lhe permite durar bastante tempo!<\/li>\n<\/ul>\n<p>Duura, um sabor que dura e perdura! A n\u00e3o perder!<\/p>","protected":false},"excerpt":{"rendered":"<h1>SIDRA DUURA<\/h1>\n<h2>Portuguese Hard Cider<\/h2>\n<p>6.5% (alc) | 6\u00baC Ideal | 44cl<\/p>\n<ul>\n<li>Duura \u00e9 uma Sidra artesanal produzida no Minho, com a variedade de ma\u00e7\u00e3: Porta da Loja. O Minho \u00e9 o maior pomar do mundo desta variedade de ma\u00e7\u00e3. Caracteriza-se pela dureza da casca que lhe permite durar bastante tempo!<\/li>\n<\/ul>\n<p>Duura, um sabor que dura e perdura! A n\u00e3o perder!<\/p>","protected":false},"featured_media":14210,"template":"","meta":[],"product_cat":[20,21],"product_tag":[117,115,114,118,116],"giftcard-category":[],"supplier_id":null,"supplier_sku":"","barcode":null,"atum_controlled":true,"out_stock_date":null,"out_stock_threshold":null,"inheritable":false,"inbound_stock":0,"stock_on_hold":14,"sold_today":0,"sales_last_days":1,"reserved_stock":0,"customer_returns":0,"warehouse_damage":0,"lost_in_post":0,"other_logs":0,"out_stock_days":0,"lost_sales":0,"has_location":false,"update_date":"2026-04-15T06:48:18","atum_locations":[],"atum_stock_status":"instock","restock_status":false,"low_stock_amount":"","sales_update_date":"2026-04-15T06:48:18","calc_backorders":null,"yoast_head":"<!-- This site is optimized with the Yoast SEO plugin v19.13 - https:\/\/yoast.com\/wordpress\/plugins\/seo\/ -->\n<title>SIDRA DUURA - Letra<\/title>\n<meta name=\"description\" content=\"Duura \u00e9 uma Sidra artesanal produzida no Minho, com a variedade de ma\u00e7\u00e3: Porta da Loja. O Minho \u00e9 o maior pomar do mundo desta variedade de ma\u00e7\u00e3. Descobre..\" \/>\n<meta name=\"robots\" content=\"index, follow, max-snippet:-1, max-image-preview:large, max-video-preview:-1\" \/>\n<link rel=\"canonical\" href=\"https:\/\/cervejaletra.pt\/en\/product\/sidra-duura\/\" \/>\n<meta property=\"og:locale\" content=\"en_GB\" \/>\n<meta property=\"og:type\" content=\"article\" \/>\n<meta property=\"og:title\" content=\"SIDRA DUURA - Letra\" \/>\n<meta property=\"og:description\" content=\"Duura \u00e9 uma Sidra artesanal produzida no Minho, com a variedade de ma\u00e7\u00e3: Porta da Loja. O Minho \u00e9 o maior pomar do mundo desta variedade de ma\u00e7\u00e3. Descobre..\" \/>\n<meta property=\"og:url\" content=\"https:\/\/cervejaletra.pt\/en\/product\/sidra-duura\/\" \/>\n<meta property=\"og:site_name\" content=\"Letra\" \/>\n<meta property=\"article:modified_time\" content=\"2026-04-08T10:34:02+00:00\" \/>\n<meta property=\"og:image\" content=\"https:\/\/cervejaletra.pt\/wp-content\/uploads\/2024\/05\/Duura_Portuguese_Hard_Cider.png\" \/>\n\t<meta property=\"og:image:width\" content=\"800\" \/>\n\t<meta property=\"og:image:height\" content=\"1020\" \/>\n\t<meta property=\"og:image:type\" content=\"image\/png\" \/>\n<meta name=\"twitter:card\" content=\"summary_large_image\" \/>\n<meta name=\"twitter:label1\" content=\"Estimated reading time\" \/>\n\t<meta name=\"twitter:data1\" content=\"1 minute\" \/>\n<script type=\"application\/ld+json\" class=\"yoast-schema-graph\">{\"@context\":\"https:\/\/schema.org\",\"@graph\":[{\"@type\":\"WebPage\",\"@id\":\"https:\/\/cervejaletra.pt\/produto\/sidra-duura\/\",\"url\":\"https:\/\/cervejaletra.pt\/produto\/sidra-duura\/\",\"name\":\"SIDRA DUURA - Letra\",\"isPartOf\":{\"@id\":\"https:\/\/cervejaletra.pt\/#website\"},\"datePublished\":\"2024-05-27T16:13:56+00:00\",\"dateModified\":\"2026-04-08T10:34:02+00:00\",\"description\":\"Duura \u00e9 uma Sidra artesanal produzida no Minho, com a variedade de ma\u00e7\u00e3: Porta da Loja. O Minho \u00e9 o maior pomar do mundo desta variedade de ma\u00e7\u00e3. Descobre..\",\"breadcrumb\":{\"@id\":\"https:\/\/cervejaletra.pt\/produto\/sidra-duura\/#breadcrumb\"},\"inLanguage\":\"en-GB\",\"potentialAction\":[{\"@type\":\"ReadAction\",\"target\":[\"https:\/\/cervejaletra.pt\/produto\/sidra-duura\/\"]}]},{\"@type\":\"BreadcrumbList\",\"@id\":\"https:\/\/cervejaletra.pt\/produto\/sidra-duura\/#breadcrumb\",\"itemListElement\":[{\"@type\":\"ListItem\",\"position\":1,\"name\":\"In\u00edcio\",\"item\":\"https:\/\/cervejaletra.pt\/\"},{\"@type\":\"ListItem\",\"position\":2,\"name\":\"Loja\",\"item\":\"https:\/\/cervejaletra.pt\/loja\/\"},{\"@type\":\"ListItem\",\"position\":3,\"name\":\"SIDRA DUURA\"}]},{\"@type\":\"WebSite\",\"@id\":\"https:\/\/cervejaletra.pt\/#website\",\"url\":\"https:\/\/cervejaletra.pt\/\",\"name\":\"Cerveja Letra\",\"description\":\"Cerveja Artesanal Minhota\",\"publisher\":{\"@id\":\"https:\/\/cervejaletra.pt\/#organization\"},\"alternateName\":\"Letra\",\"potentialAction\":[{\"@type\":\"SearchAction\",\"target\":{\"@type\":\"EntryPoint\",\"urlTemplate\":\"https:\/\/cervejaletra.pt\/?s={search_term_string}\"},\"query-input\":\"required name=search_term_string\"}],\"inLanguage\":\"en-GB\"},{\"@type\":\"Organization\",\"@id\":\"https:\/\/cervejaletra.pt\/#organization\",\"name\":\"Cerveja Letra\",\"alternateName\":\"Letra\",\"url\":\"https:\/\/cervejaletra.pt\/\",\"logo\":{\"@type\":\"ImageObject\",\"inLanguage\":\"en-GB\",\"@id\":\"https:\/\/cervejaletra.pt\/#\/schema\/logo\/image\/\",\"url\":\"https:\/\/cervejaletra.pt\/wp-content\/uploads\/2022\/05\/logotipo_preto.svg\",\"contentUrl\":\"https:\/\/cervejaletra.pt\/wp-content\/uploads\/2022\/05\/logotipo_preto.svg\",\"width\":134,\"height\":39,\"caption\":\"Cerveja Letra\"},\"image\":{\"@id\":\"https:\/\/cervejaletra.pt\/#\/schema\/logo\/image\/\"}}]}<\/script>\n<!-- \/ Yoast SEO plugin. -->","yoast_head_json":{"title":"SIDRA DUURA - Letra","description":"Duura \u00e9 uma Sidra artesanal produzida no Minho, com a variedade de ma\u00e7\u00e3: Porta da Loja. O Minho \u00e9 o maior pomar do mundo desta variedade de ma\u00e7\u00e3. Descobre..","robots":{"index":"index","follow":"follow","max-snippet":"max-snippet:-1","max-image-preview":"max-image-preview:large","max-video-preview":"max-video-preview:-1"},"canonical":"https:\/\/cervejaletra.pt\/en\/product\/sidra-duura\/","og_locale":"en_GB","og_type":"article","og_title":"SIDRA DUURA - Letra","og_description":"Duura \u00e9 uma Sidra artesanal produzida no Minho, com a variedade de ma\u00e7\u00e3: Porta da Loja. O Minho \u00e9 o maior pomar do mundo desta variedade de ma\u00e7\u00e3. Descobre..","og_url":"https:\/\/cervejaletra.pt\/en\/product\/sidra-duura\/","og_site_name":"Letra","article_modified_time":"2026-04-08T10:34:02+00:00","og_image":[{"width":800,"height":1020,"url":"https:\/\/cervejaletra.pt\/wp-content\/uploads\/2024\/05\/Duura_Portuguese_Hard_Cider.png","type":"image\/png"}],"twitter_card":"summary_large_image","twitter_misc":{"Estimated reading time":"1 minute"},"schema":{"@context":"https:\/\/schema.org","@graph":[{"@type":"WebPage","@id":"https:\/\/cervejaletra.pt\/produto\/sidra-duura\/","url":"https:\/\/cervejaletra.pt\/produto\/sidra-duura\/","name":"SIDRA DUURA - Letra","isPartOf":{"@id":"https:\/\/cervejaletra.pt\/#website"},"datePublished":"2024-05-27T16:13:56+00:00","dateModified":"2026-04-08T10:34:02+00:00","description":"Duura \u00e9 uma Sidra artesanal produzida no Minho, com a variedade de ma\u00e7\u00e3: Porta da Loja. O Minho \u00e9 o maior pomar do mundo desta variedade de ma\u00e7\u00e3. Descobre..","breadcrumb":{"@id":"https:\/\/cervejaletra.pt\/produto\/sidra-duura\/#breadcrumb"},"inLanguage":"en-GB","potentialAction":[{"@type":"ReadAction","target":["https:\/\/cervejaletra.pt\/produto\/sidra-duura\/"]}]},{"@type":"BreadcrumbList","@id":"https:\/\/cervejaletra.pt\/produto\/sidra-duura\/#breadcrumb","itemListElement":[{"@type":"ListItem","position":1,"name":"In\u00edcio","item":"https:\/\/cervejaletra.pt\/"},{"@type":"ListItem","position":2,"name":"Loja","item":"https:\/\/cervejaletra.pt\/loja\/"},{"@type":"ListItem","position":3,"name":"SIDRA DUURA"}]},{"@type":"WebSite","@id":"https:\/\/cervejaletra.pt\/#website","url":"https:\/\/cervejaletra.pt\/","name":"Cerveja Letra","description":"Cerveja Artesanal Minhota","publisher":{"@id":"https:\/\/cervejaletra.pt\/#organization"},"alternateName":"Letra","potentialAction":[{"@type":"SearchAction","target":{"@type":"EntryPoint","urlTemplate":"https:\/\/cervejaletra.pt\/?s={search_term_string}"},"query-input":"required name=search_term_string"}],"inLanguage":"en-GB"},{"@type":"Organization","@id":"https:\/\/cervejaletra.pt\/#organization","name":"Cerveja Letra","alternateName":"Letra","url":"https:\/\/cervejaletra.pt\/","logo":{"@type":"ImageObject","inLanguage":"en-GB","@id":"https:\/\/cervejaletra.pt\/#\/schema\/logo\/image\/","url":"https:\/\/cervejaletra.pt\/wp-content\/uploads\/2022\/05\/logotipo_preto.svg","contentUrl":"https:\/\/cervejaletra.pt\/wp-content\/uploads\/2022\/05\/logotipo_preto.svg","width":134,"height":39,"caption":"Cerveja Letra"},"image":{"@id":"https:\/\/cervejaletra.pt\/#\/schema\/logo\/image\/"}}]}},"_links":{"self":[{"href":"https:\/\/cervejaletra.pt\/en\/wp-json\/wp\/v2\/product\/14196"}],"collection":[{"href":"https:\/\/cervejaletra.pt\/en\/wp-json\/wp\/v2\/product"}],"about":[{"href":"https:\/\/cervejaletra.pt\/en\/wp-json\/wp\/v2\/types\/product"}],"wp:featuredmedia":[{"embeddable":true,"href":"https:\/\/cervejaletra.pt\/en\/wp-json\/wp\/v2\/media\/14210"}],"wp:attachment":[{"href":"https:\/\/cervejaletra.pt\/en\/wp-json\/wp\/v2\/media?parent=14196"}],"wp:term":[{"taxonomy":"product_cat","embeddable":true,"href":"https:\/\/cervejaletra.pt\/en\/wp-json\/wp\/v2\/product_cat?post=14196"},{"taxonomy":"product_tag","embeddable":true,"href":"https:\/\/cervejaletra.pt\/en\/wp-json\/wp\/v2\/product_tag?post=14196"},{"taxonomy":"giftcard-category","embeddable":true,"href":"https:\/\/cervejaletra.pt\/en\/wp-json\/wp\/v2\/giftcard-category?post=14196"}],"curies":[{"name":"wp","href":"https:\/\/api.w.org\/{rel}","templated":true}]}}