{"id":16294,"date":"2025-08-08T12:01:36","date_gmt":"2025-08-08T11:01:36","guid":{"rendered":"https:\/\/cervejaletra.pt\/?post_type=product&#038;p=16294"},"modified":"2026-04-09T17:11:31","modified_gmt":"2026-04-09T16:11:31","slug":"duura-kit-letra","status":"publish","type":"product","link":"https:\/\/cervejaletra.pt\/en\/product\/duura-kit-letra\/","title":{"rendered":"DUURA KIT"},"content":{"rendered":"<h2>O KIT DUURA chega com mais de 30% de desconto <strong data-start=\"342\" data-end=\"375\">\u2014 aproveita antes que esgote !<\/strong><\/h2>\n<h2>Uma cidra feita a 100% de ma\u00e7\u00e3, aut\u00eantica, fresca e perfeita para dias para ocasi\u00f5es festivas.. ou para quando quiseres !<\/h2>\n<p>Este pack cont\u00e9m:<\/p>\n<p>5 x latas 44cL da DUURA (cidra de ma\u00e7\u00e3)<\/p>\n<p>1 x copo da DUURA<\/p>\n<h6><strong>Limitado ao Stock Existente.<\/strong><\/h6>","protected":false},"excerpt":{"rendered":"<h2>O KIT DUURA chega com mais de 35% de desconto <strong data-start=\"342\" data-end=\"375\">\u2014 aproveita antes que esgote !<\/strong><\/h2>\n<h2>Uma cidra feita a 100% de ma\u00e7\u00e3, aut\u00eantica, fresca e perfeita para dias para ocasi\u00f5es festivas.. ou para quando quiseres !<\/h2>\n<p>Este pack cont\u00e9m:<\/p>\n<p>5 x latas 44cL da DUURA (cidra de ma\u00e7\u00e3)<\/p>\n<p>1 x copo da DUURA<\/p>\n<h6>Limitado ao Stock Existente.<\/h6>","protected":false},"featured_media":16679,"template":"","meta":[],"product_cat":[37,105],"product_tag":[117,115,114,118,116],"giftcard-category":[],"supplier_id":null,"supplier_sku":"","barcode":null,"atum_controlled":true,"out_stock_date":null,"out_stock_threshold":null,"inheritable":false,"inbound_stock":0,"stock_on_hold":0,"sold_today":0,"sales_last_days":2,"reserved_stock":0,"customer_returns":0,"warehouse_damage":0,"lost_in_post":0,"other_logs":0,"out_stock_days":0,"lost_sales":0,"has_location":false,"update_date":"2026-04-15T06:48:18","atum_locations":[],"atum_stock_status":"instock","restock_status":false,"low_stock_amount":"","sales_update_date":"2026-04-15T06:48:18","calc_backorders":null,"yoast_head":"<!-- This site is optimized with the Yoast SEO plugin v19.13 - https:\/\/yoast.com\/wordpress\/plugins\/seo\/ -->\n<title>DUURA KIT - Letra<\/title>\n<meta name=\"description\" content=\"Duura Kit - Uma cidra feita a 100% de ma\u00e7\u00e3, aut\u00eantica, fresca e perfeita para dias quentes ou para ocasi\u00f5es festivas.. ou para quando quiseres ! Descobre ...\" \/>\n<meta name=\"robots\" content=\"index, follow, max-snippet:-1, max-image-preview:large, max-video-preview:-1\" \/>\n<link rel=\"canonical\" href=\"https:\/\/cervejaletra.pt\/en\/product\/duura-kit-letra\/\" \/>\n<meta property=\"og:locale\" content=\"en_GB\" \/>\n<meta property=\"og:type\" content=\"article\" \/>\n<meta property=\"og:title\" content=\"DUURA KIT - Letra\" \/>\n<meta property=\"og:description\" content=\"Duura Kit - Uma cidra feita a 100% de ma\u00e7\u00e3, aut\u00eantica, fresca e perfeita para dias quentes ou para ocasi\u00f5es festivas.. ou para quando quiseres ! Descobre ...\" \/>\n<meta property=\"og:url\" content=\"https:\/\/cervejaletra.pt\/en\/product\/duura-kit-letra\/\" \/>\n<meta property=\"og:site_name\" content=\"Letra\" \/>\n<meta property=\"article:modified_time\" content=\"2026-04-09T16:11:31+00:00\" \/>\n<meta property=\"og:image\" content=\"https:\/\/cervejaletra.pt\/wp-content\/uploads\/2025\/08\/DUURA-KIT-1200-x-1200-px-1-1024x1024.png\" \/>\n\t<meta property=\"og:image:width\" content=\"1024\" \/>\n\t<meta property=\"og:image:height\" content=\"1024\" \/>\n\t<meta property=\"og:image:type\" content=\"image\/png\" \/>\n<meta name=\"twitter:card\" content=\"summary_large_image\" \/>\n<meta name=\"twitter:label1\" content=\"Estimated reading time\" \/>\n\t<meta name=\"twitter:data1\" content=\"1 minute\" \/>\n<script type=\"application\/ld+json\" class=\"yoast-schema-graph\">{\"@context\":\"https:\/\/schema.org\",\"@graph\":[{\"@type\":\"WebPage\",\"@id\":\"https:\/\/cervejaletra.pt\/produto\/duura-kit-letra\/\",\"url\":\"https:\/\/cervejaletra.pt\/produto\/duura-kit-letra\/\",\"name\":\"DUURA KIT - Letra\",\"isPartOf\":{\"@id\":\"https:\/\/cervejaletra.pt\/#website\"},\"datePublished\":\"2025-08-08T11:01:36+00:00\",\"dateModified\":\"2026-04-09T16:11:31+00:00\",\"description\":\"Duura Kit - Uma cidra feita a 100% de ma\u00e7\u00e3, aut\u00eantica, fresca e perfeita para dias quentes ou para ocasi\u00f5es festivas.. ou para quando quiseres ! Descobre ...\",\"breadcrumb\":{\"@id\":\"https:\/\/cervejaletra.pt\/produto\/duura-kit-letra\/#breadcrumb\"},\"inLanguage\":\"en-GB\",\"potentialAction\":[{\"@type\":\"ReadAction\",\"target\":[\"https:\/\/cervejaletra.pt\/produto\/duura-kit-letra\/\"]}]},{\"@type\":\"BreadcrumbList\",\"@id\":\"https:\/\/cervejaletra.pt\/produto\/duura-kit-letra\/#breadcrumb\",\"itemListElement\":[{\"@type\":\"ListItem\",\"position\":1,\"name\":\"In\u00edcio\",\"item\":\"https:\/\/cervejaletra.pt\/\"},{\"@type\":\"ListItem\",\"position\":2,\"name\":\"Loja\",\"item\":\"https:\/\/cervejaletra.pt\/loja\/\"},{\"@type\":\"ListItem\",\"position\":3,\"name\":\"DUURA KIT\"}]},{\"@type\":\"WebSite\",\"@id\":\"https:\/\/cervejaletra.pt\/#website\",\"url\":\"https:\/\/cervejaletra.pt\/\",\"name\":\"Cerveja Letra\",\"description\":\"Cerveja Artesanal Minhota\",\"publisher\":{\"@id\":\"https:\/\/cervejaletra.pt\/#organization\"},\"alternateName\":\"Letra\",\"potentialAction\":[{\"@type\":\"SearchAction\",\"target\":{\"@type\":\"EntryPoint\",\"urlTemplate\":\"https:\/\/cervejaletra.pt\/?s={search_term_string}\"},\"query-input\":\"required name=search_term_string\"}],\"inLanguage\":\"en-GB\"},{\"@type\":\"Organization\",\"@id\":\"https:\/\/cervejaletra.pt\/#organization\",\"name\":\"Cerveja Letra\",\"alternateName\":\"Letra\",\"url\":\"https:\/\/cervejaletra.pt\/\",\"logo\":{\"@type\":\"ImageObject\",\"inLanguage\":\"en-GB\",\"@id\":\"https:\/\/cervejaletra.pt\/#\/schema\/logo\/image\/\",\"url\":\"https:\/\/cervejaletra.pt\/wp-content\/uploads\/2022\/05\/logotipo_preto.svg\",\"contentUrl\":\"https:\/\/cervejaletra.pt\/wp-content\/uploads\/2022\/05\/logotipo_preto.svg\",\"width\":134,\"height\":39,\"caption\":\"Cerveja Letra\"},\"image\":{\"@id\":\"https:\/\/cervejaletra.pt\/#\/schema\/logo\/image\/\"}}]}<\/script>\n<!-- \/ Yoast SEO plugin. -->","yoast_head_json":{"title":"DUURA KIT - Letra","description":"Duura Kit - Uma cidra feita a 100% de ma\u00e7\u00e3, aut\u00eantica, fresca e perfeita para dias quentes ou para ocasi\u00f5es festivas.. ou para quando quiseres ! Descobre ...","robots":{"index":"index","follow":"follow","max-snippet":"max-snippet:-1","max-image-preview":"max-image-preview:large","max-video-preview":"max-video-preview:-1"},"canonical":"https:\/\/cervejaletra.pt\/en\/product\/duura-kit-letra\/","og_locale":"en_GB","og_type":"article","og_title":"DUURA KIT - Letra","og_description":"Duura Kit - Uma cidra feita a 100% de ma\u00e7\u00e3, aut\u00eantica, fresca e perfeita para dias quentes ou para ocasi\u00f5es festivas.. ou para quando quiseres ! Descobre ...","og_url":"https:\/\/cervejaletra.pt\/en\/product\/duura-kit-letra\/","og_site_name":"Letra","article_modified_time":"2026-04-09T16:11:31+00:00","og_image":[{"width":1024,"height":1024,"url":"https:\/\/cervejaletra.pt\/wp-content\/uploads\/2025\/08\/DUURA-KIT-1200-x-1200-px-1-1024x1024.png","type":"image\/png"}],"twitter_card":"summary_large_image","twitter_misc":{"Estimated reading time":"1 minute"},"schema":{"@context":"https:\/\/schema.org","@graph":[{"@type":"WebPage","@id":"https:\/\/cervejaletra.pt\/produto\/duura-kit-letra\/","url":"https:\/\/cervejaletra.pt\/produto\/duura-kit-letra\/","name":"DUURA KIT - Letra","isPartOf":{"@id":"https:\/\/cervejaletra.pt\/#website"},"datePublished":"2025-08-08T11:01:36+00:00","dateModified":"2026-04-09T16:11:31+00:00","description":"Duura Kit - Uma cidra feita a 100% de ma\u00e7\u00e3, aut\u00eantica, fresca e perfeita para dias quentes ou para ocasi\u00f5es festivas.. ou para quando quiseres ! Descobre ...","breadcrumb":{"@id":"https:\/\/cervejaletra.pt\/produto\/duura-kit-letra\/#breadcrumb"},"inLanguage":"en-GB","potentialAction":[{"@type":"ReadAction","target":["https:\/\/cervejaletra.pt\/produto\/duura-kit-letra\/"]}]},{"@type":"BreadcrumbList","@id":"https:\/\/cervejaletra.pt\/produto\/duura-kit-letra\/#breadcrumb","itemListElement":[{"@type":"ListItem","position":1,"name":"In\u00edcio","item":"https:\/\/cervejaletra.pt\/"},{"@type":"ListItem","position":2,"name":"Loja","item":"https:\/\/cervejaletra.pt\/loja\/"},{"@type":"ListItem","position":3,"name":"DUURA KIT"}]},{"@type":"WebSite","@id":"https:\/\/cervejaletra.pt\/#website","url":"https:\/\/cervejaletra.pt\/","name":"Cerveja Letra","description":"Cerveja Artesanal Minhota","publisher":{"@id":"https:\/\/cervejaletra.pt\/#organization"},"alternateName":"Letra","potentialAction":[{"@type":"SearchAction","target":{"@type":"EntryPoint","urlTemplate":"https:\/\/cervejaletra.pt\/?s={search_term_string}"},"query-input":"required name=search_term_string"}],"inLanguage":"en-GB"},{"@type":"Organization","@id":"https:\/\/cervejaletra.pt\/#organization","name":"Cerveja Letra","alternateName":"Letra","url":"https:\/\/cervejaletra.pt\/","logo":{"@type":"ImageObject","inLanguage":"en-GB","@id":"https:\/\/cervejaletra.pt\/#\/schema\/logo\/image\/","url":"https:\/\/cervejaletra.pt\/wp-content\/uploads\/2022\/05\/logotipo_preto.svg","contentUrl":"https:\/\/cervejaletra.pt\/wp-content\/uploads\/2022\/05\/logotipo_preto.svg","width":134,"height":39,"caption":"Cerveja Letra"},"image":{"@id":"https:\/\/cervejaletra.pt\/#\/schema\/logo\/image\/"}}]}},"_links":{"self":[{"href":"https:\/\/cervejaletra.pt\/en\/wp-json\/wp\/v2\/product\/16294"}],"collection":[{"href":"https:\/\/cervejaletra.pt\/en\/wp-json\/wp\/v2\/product"}],"about":[{"href":"https:\/\/cervejaletra.pt\/en\/wp-json\/wp\/v2\/types\/product"}],"wp:featuredmedia":[{"embeddable":true,"href":"https:\/\/cervejaletra.pt\/en\/wp-json\/wp\/v2\/media\/16679"}],"wp:attachment":[{"href":"https:\/\/cervejaletra.pt\/en\/wp-json\/wp\/v2\/media?parent=16294"}],"wp:term":[{"taxonomy":"product_cat","embeddable":true,"href":"https:\/\/cervejaletra.pt\/en\/wp-json\/wp\/v2\/product_cat?post=16294"},{"taxonomy":"product_tag","embeddable":true,"href":"https:\/\/cervejaletra.pt\/en\/wp-json\/wp\/v2\/product_tag?post=16294"},{"taxonomy":"giftcard-category","embeddable":true,"href":"https:\/\/cervejaletra.pt\/en\/wp-json\/wp\/v2\/giftcard-category?post=16294"}],"curies":[{"name":"wp","href":"https:\/\/api.w.org\/{rel}","templated":true}]}}