{"id":16419,"date":"2025-09-02T12:03:04","date_gmt":"2025-09-02T11:03:04","guid":{"rendered":"https:\/\/cervejaletra.pt\/?post_type=product&#038;p=16419"},"modified":"2025-10-06T09:36:46","modified_gmt":"2025-10-06T08:36:46","slug":"t-shirt-letra","status":"publish","type":"product","link":"https:\/\/cervejaletra.pt\/en\/product\/t-shirt-letra\/","title":{"rendered":"T-shirt LETRA"},"content":{"rendered":"<p data-start=\"682\" data-end=\"797\">A <strong data-start=\"684\" data-end=\"720\">T-shirt oficial da Cerveja Letra<\/strong> \u00e9 o artigo perfeito para os verdadeiros apreciadores de cerveja artesanal.<\/p>\n<p data-start=\"805\" data-end=\"931\">Com um <strong data-start=\"812\" data-end=\"832\">design exclusivo<\/strong> e o log\u00f3tipo ic\u00f3nico da Letra, esta pe\u00e7a faz parte da cole\u00e7\u00e3o oficial de merchandising da marca.<\/p>\n<p data-start=\"939\" data-end=\"1045\">Ideal para festivais, conv\u00edvios ou para usares no dia a dia, mostrando sempre o teu esp\u00edrito craft beer..<\/p>\n<h3 data-start=\"939\" data-end=\"1045\">Tamanho \u00fanico: <strong>L<\/strong><\/h3>\n<p data-start=\"1102\" data-end=\"1174\"><strong data-start=\"1102\" data-end=\"1174\">Garante j\u00e1 a tua T-shirt e leva contigo o esp\u00edrito da Cerveja Letra.<\/strong><\/p>","protected":false},"excerpt":{"rendered":"<p data-start=\"682\" data-end=\"797\">A <strong data-start=\"684\" data-end=\"720\">T-shirt oficial da Cerveja Letra<\/strong> \u00e9 o artigo perfeito para os verdadeiros apreciadores de cerveja artesanal.<\/p>\n<p data-start=\"805\" data-end=\"931\">Com um <strong data-start=\"812\" data-end=\"832\">design exclusivo<\/strong> e o log\u00f3tipo ic\u00f3nico da Letra, esta pe\u00e7a faz parte da cole\u00e7\u00e3o oficial de merchandising da marca.<\/p>\n<p data-start=\"939\" data-end=\"1045\">Ideal para festivais, conv\u00edvios ou para usares no dia a dia, mostrando sempre o teu esp\u00edrito craft beer..<\/p>\n<h3 data-start=\"939\" data-end=\"1045\">Tamanho \u00fanico: <strong>L<\/strong><\/h3>\n<p data-start=\"1102\" data-end=\"1174\"><strong data-start=\"1102\" data-end=\"1174\">Garante j\u00e1 a tua T-shirt e leva contigo o esp\u00edrito da Cerveja Letra.<\/strong><\/p>","protected":false},"featured_media":16427,"template":"","meta":[],"product_cat":[44],"product_tag":[152,116,151,150],"giftcard-category":[],"supplier_id":null,"supplier_sku":"","barcode":null,"atum_controlled":true,"out_stock_date":null,"out_stock_threshold":null,"inheritable":false,"inbound_stock":null,"stock_on_hold":0,"sold_today":0,"sales_last_days":0,"reserved_stock":null,"customer_returns":null,"warehouse_damage":null,"lost_in_post":null,"other_logs":null,"out_stock_days":0,"lost_sales":0,"has_location":false,"update_date":"2026-04-15T06:48:12","atum_locations":[],"atum_stock_status":"outofstock","restock_status":false,"low_stock_amount":"","sales_update_date":"2026-04-15T06:48:12","calc_backorders":null,"yoast_head":"<!-- This site is optimized with the Yoast SEO plugin v19.13 - https:\/\/yoast.com\/wordpress\/plugins\/seo\/ -->\n<title>T-shirt LETRA - Letra<\/title>\n<meta name=\"description\" content=\"\u201cMostra o teu estilo com a T-shirt oficial da Cerveja Letra. Design exclusivo, merchandising oficial e envio r\u00e1pido em Portugal e Europa.\u201d\" \/>\n<meta name=\"robots\" content=\"index, follow, max-snippet:-1, max-image-preview:large, max-video-preview:-1\" \/>\n<link rel=\"canonical\" href=\"https:\/\/cervejaletra.pt\/en\/product\/t-shirt-letra\/\" \/>\n<meta property=\"og:locale\" content=\"en_GB\" \/>\n<meta property=\"og:type\" content=\"article\" \/>\n<meta property=\"og:title\" content=\"T-shirt LETRA - Letra\" \/>\n<meta property=\"og:description\" content=\"\u201cMostra o teu estilo com a T-shirt oficial da Cerveja Letra. Design exclusivo, merchandising oficial e envio r\u00e1pido em Portugal e Europa.\u201d\" \/>\n<meta property=\"og:url\" content=\"https:\/\/cervejaletra.pt\/en\/product\/t-shirt-letra\/\" \/>\n<meta property=\"og:site_name\" content=\"Letra\" \/>\n<meta property=\"article:modified_time\" content=\"2025-10-06T08:36:46+00:00\" \/>\n<meta property=\"og:image\" content=\"https:\/\/cervejaletra.pt\/wp-content\/uploads\/2025\/09\/Foto-T-shirt-2-1.png\" \/>\n\t<meta property=\"og:image:width\" content=\"5000\" \/>\n\t<meta property=\"og:image:height\" content=\"5000\" \/>\n\t<meta property=\"og:image:type\" content=\"image\/png\" \/>\n<meta name=\"twitter:card\" content=\"summary_large_image\" \/>\n<meta name=\"twitter:label1\" content=\"Estimated reading time\" \/>\n\t<meta name=\"twitter:data1\" content=\"1 minute\" \/>\n<script type=\"application\/ld+json\" class=\"yoast-schema-graph\">{\"@context\":\"https:\/\/schema.org\",\"@graph\":[{\"@type\":\"WebPage\",\"@id\":\"https:\/\/cervejaletra.pt\/produto\/t-shirt-letra\/\",\"url\":\"https:\/\/cervejaletra.pt\/produto\/t-shirt-letra\/\",\"name\":\"T-shirt LETRA - Letra\",\"isPartOf\":{\"@id\":\"https:\/\/cervejaletra.pt\/#website\"},\"datePublished\":\"2025-09-02T11:03:04+00:00\",\"dateModified\":\"2025-10-06T08:36:46+00:00\",\"description\":\"\u201cMostra o teu estilo com a T-shirt oficial da Cerveja Letra. Design exclusivo, merchandising oficial e envio r\u00e1pido em Portugal e Europa.\u201d\",\"breadcrumb\":{\"@id\":\"https:\/\/cervejaletra.pt\/produto\/t-shirt-letra\/#breadcrumb\"},\"inLanguage\":\"en-GB\",\"potentialAction\":[{\"@type\":\"ReadAction\",\"target\":[\"https:\/\/cervejaletra.pt\/produto\/t-shirt-letra\/\"]}]},{\"@type\":\"BreadcrumbList\",\"@id\":\"https:\/\/cervejaletra.pt\/produto\/t-shirt-letra\/#breadcrumb\",\"itemListElement\":[{\"@type\":\"ListItem\",\"position\":1,\"name\":\"In\u00edcio\",\"item\":\"https:\/\/cervejaletra.pt\/\"},{\"@type\":\"ListItem\",\"position\":2,\"name\":\"Loja\",\"item\":\"https:\/\/cervejaletra.pt\/loja\/\"},{\"@type\":\"ListItem\",\"position\":3,\"name\":\"T-shirt LETRA\"}]},{\"@type\":\"WebSite\",\"@id\":\"https:\/\/cervejaletra.pt\/#website\",\"url\":\"https:\/\/cervejaletra.pt\/\",\"name\":\"Cerveja Letra\",\"description\":\"Cerveja Artesanal Minhota\",\"publisher\":{\"@id\":\"https:\/\/cervejaletra.pt\/#organization\"},\"alternateName\":\"Letra\",\"potentialAction\":[{\"@type\":\"SearchAction\",\"target\":{\"@type\":\"EntryPoint\",\"urlTemplate\":\"https:\/\/cervejaletra.pt\/?s={search_term_string}\"},\"query-input\":\"required name=search_term_string\"}],\"inLanguage\":\"en-GB\"},{\"@type\":\"Organization\",\"@id\":\"https:\/\/cervejaletra.pt\/#organization\",\"name\":\"Cerveja Letra\",\"alternateName\":\"Letra\",\"url\":\"https:\/\/cervejaletra.pt\/\",\"logo\":{\"@type\":\"ImageObject\",\"inLanguage\":\"en-GB\",\"@id\":\"https:\/\/cervejaletra.pt\/#\/schema\/logo\/image\/\",\"url\":\"https:\/\/cervejaletra.pt\/wp-content\/uploads\/2022\/05\/logotipo_preto.svg\",\"contentUrl\":\"https:\/\/cervejaletra.pt\/wp-content\/uploads\/2022\/05\/logotipo_preto.svg\",\"width\":134,\"height\":39,\"caption\":\"Cerveja Letra\"},\"image\":{\"@id\":\"https:\/\/cervejaletra.pt\/#\/schema\/logo\/image\/\"}}]}<\/script>\n<!-- \/ Yoast SEO plugin. -->","yoast_head_json":{"title":"T-shirt LETRA - Letra","description":"\u201cMostra o teu estilo com a T-shirt oficial da Cerveja Letra. Design exclusivo, merchandising oficial e envio r\u00e1pido em Portugal e Europa.\u201d","robots":{"index":"index","follow":"follow","max-snippet":"max-snippet:-1","max-image-preview":"max-image-preview:large","max-video-preview":"max-video-preview:-1"},"canonical":"https:\/\/cervejaletra.pt\/en\/product\/t-shirt-letra\/","og_locale":"en_GB","og_type":"article","og_title":"T-shirt LETRA - Letra","og_description":"\u201cMostra o teu estilo com a T-shirt oficial da Cerveja Letra. Design exclusivo, merchandising oficial e envio r\u00e1pido em Portugal e Europa.\u201d","og_url":"https:\/\/cervejaletra.pt\/en\/product\/t-shirt-letra\/","og_site_name":"Letra","article_modified_time":"2025-10-06T08:36:46+00:00","og_image":[{"width":5000,"height":5000,"url":"https:\/\/cervejaletra.pt\/wp-content\/uploads\/2025\/09\/Foto-T-shirt-2-1.png","type":"image\/png"}],"twitter_card":"summary_large_image","twitter_misc":{"Estimated reading time":"1 minute"},"schema":{"@context":"https:\/\/schema.org","@graph":[{"@type":"WebPage","@id":"https:\/\/cervejaletra.pt\/produto\/t-shirt-letra\/","url":"https:\/\/cervejaletra.pt\/produto\/t-shirt-letra\/","name":"T-shirt LETRA - Letra","isPartOf":{"@id":"https:\/\/cervejaletra.pt\/#website"},"datePublished":"2025-09-02T11:03:04+00:00","dateModified":"2025-10-06T08:36:46+00:00","description":"\u201cMostra o teu estilo com a T-shirt oficial da Cerveja Letra. Design exclusivo, merchandising oficial e envio r\u00e1pido em Portugal e Europa.\u201d","breadcrumb":{"@id":"https:\/\/cervejaletra.pt\/produto\/t-shirt-letra\/#breadcrumb"},"inLanguage":"en-GB","potentialAction":[{"@type":"ReadAction","target":["https:\/\/cervejaletra.pt\/produto\/t-shirt-letra\/"]}]},{"@type":"BreadcrumbList","@id":"https:\/\/cervejaletra.pt\/produto\/t-shirt-letra\/#breadcrumb","itemListElement":[{"@type":"ListItem","position":1,"name":"In\u00edcio","item":"https:\/\/cervejaletra.pt\/"},{"@type":"ListItem","position":2,"name":"Loja","item":"https:\/\/cervejaletra.pt\/loja\/"},{"@type":"ListItem","position":3,"name":"T-shirt LETRA"}]},{"@type":"WebSite","@id":"https:\/\/cervejaletra.pt\/#website","url":"https:\/\/cervejaletra.pt\/","name":"Cerveja Letra","description":"Cerveja Artesanal Minhota","publisher":{"@id":"https:\/\/cervejaletra.pt\/#organization"},"alternateName":"Letra","potentialAction":[{"@type":"SearchAction","target":{"@type":"EntryPoint","urlTemplate":"https:\/\/cervejaletra.pt\/?s={search_term_string}"},"query-input":"required name=search_term_string"}],"inLanguage":"en-GB"},{"@type":"Organization","@id":"https:\/\/cervejaletra.pt\/#organization","name":"Cerveja Letra","alternateName":"Letra","url":"https:\/\/cervejaletra.pt\/","logo":{"@type":"ImageObject","inLanguage":"en-GB","@id":"https:\/\/cervejaletra.pt\/#\/schema\/logo\/image\/","url":"https:\/\/cervejaletra.pt\/wp-content\/uploads\/2022\/05\/logotipo_preto.svg","contentUrl":"https:\/\/cervejaletra.pt\/wp-content\/uploads\/2022\/05\/logotipo_preto.svg","width":134,"height":39,"caption":"Cerveja Letra"},"image":{"@id":"https:\/\/cervejaletra.pt\/#\/schema\/logo\/image\/"}}]}},"_links":{"self":[{"href":"https:\/\/cervejaletra.pt\/en\/wp-json\/wp\/v2\/product\/16419"}],"collection":[{"href":"https:\/\/cervejaletra.pt\/en\/wp-json\/wp\/v2\/product"}],"about":[{"href":"https:\/\/cervejaletra.pt\/en\/wp-json\/wp\/v2\/types\/product"}],"wp:featuredmedia":[{"embeddable":true,"href":"https:\/\/cervejaletra.pt\/en\/wp-json\/wp\/v2\/media\/16427"}],"wp:attachment":[{"href":"https:\/\/cervejaletra.pt\/en\/wp-json\/wp\/v2\/media?parent=16419"}],"wp:term":[{"taxonomy":"product_cat","embeddable":true,"href":"https:\/\/cervejaletra.pt\/en\/wp-json\/wp\/v2\/product_cat?post=16419"},{"taxonomy":"product_tag","embeddable":true,"href":"https:\/\/cervejaletra.pt\/en\/wp-json\/wp\/v2\/product_tag?post=16419"},{"taxonomy":"giftcard-category","embeddable":true,"href":"https:\/\/cervejaletra.pt\/en\/wp-json\/wp\/v2\/giftcard-category?post=16419"}],"curies":[{"name":"wp","href":"https:\/\/api.w.org\/{rel}","templated":true}]}}