{"id":16437,"date":"2025-09-03T11:57:34","date_gmt":"2025-09-03T10:57:34","guid":{"rendered":"https:\/\/cervejaletra.pt\/?post_type=product&#038;p=16437"},"modified":"2025-10-06T12:50:15","modified_gmt":"2025-10-06T11:50:15","slug":"sweatshirt-barbudo","status":"publish","type":"product","link":"https:\/\/cervejaletra.pt\/en\/product\/sweatshirt-barbudo\/","title":{"rendered":"Sweatshirt Barbudo"},"content":{"rendered":"<p>Para quem vive a cultura cervejeira com personalidade.<\/p>\n<p>Crewneck preta com camada invis\u00edvel de hist\u00f3ria: nas costas, ilustra\u00e7\u00e3o que resume a Letra \u2014 irrever\u00eancia gr\u00e1fica e tradi\u00e7\u00e3o. Funciona nas ruas, no bar, no palco. Estilo que fala baixo, mas marca.<\/p>\n<h3 data-start=\"939\" data-end=\"1045\">Tamanho \u00fanico:\u00a0<strong>L<\/strong><\/h3>","protected":false},"excerpt":{"rendered":"<p>Sweatshirt Barbudo \u2013 conforto e estilo num s\u00f3. Com design exclusivo inspirado na criatividade da Cerveja Letra, esta pe\u00e7a une streetwear e atitude. Ideal para quem vive a cultura cervejeira com personalidade.<\/p>\n<p>Se vives a cultura da <strong data-start=\"415\" data-end=\"432\">Cerveja Letra<\/strong> e queres lev\u00e1-la para a rua, esta <strong data-start=\"467\" data-end=\"487\">sweatshirt Letra<\/strong> \u00e9 o match. F\u00e1cil de combinar, feita para acompanhar copos, riffs e boas conversas. Um design que mistura arte, humor e a identidade artesanal da marca.<\/p>\n<h3 data-start=\"939\" data-end=\"1045\">Tamanho \u00fanico:\u00a0<strong>L<\/strong><\/h3>","protected":false},"featured_media":16440,"template":"","meta":[],"product_cat":[44],"product_tag":[159,158,161,160,162,155,157,153,154,156],"giftcard-category":[],"supplier_id":null,"supplier_sku":"","barcode":null,"atum_controlled":true,"out_stock_date":null,"out_stock_threshold":null,"inheritable":false,"inbound_stock":null,"stock_on_hold":0,"sold_today":0,"sales_last_days":0,"reserved_stock":null,"customer_returns":null,"warehouse_damage":null,"lost_in_post":null,"other_logs":null,"out_stock_days":0,"lost_sales":0,"has_location":false,"update_date":"2026-04-15T06:48:15","atum_locations":[],"atum_stock_status":"outofstock","restock_status":false,"low_stock_amount":"","sales_update_date":"2026-04-15T06:48:15","calc_backorders":null,"yoast_head":"<!-- This site is optimized with the Yoast SEO plugin v19.13 - https:\/\/yoast.com\/wordpress\/plugins\/seo\/ -->\n<title>Sweatshirt Barbudo - Letra<\/title>\n<meta name=\"description\" content=\"Sweatshirt Barbudo \u2013 conforto e estilo num s\u00f3. Com design exclusivo inspirado na criatividade da Cerveja Letra, esta pe\u00e7a une streetwear e atitude...\" \/>\n<meta name=\"robots\" content=\"index, follow, max-snippet:-1, max-image-preview:large, max-video-preview:-1\" \/>\n<link rel=\"canonical\" href=\"https:\/\/cervejaletra.pt\/en\/product\/sweatshirt-barbudo\/\" \/>\n<meta property=\"og:locale\" content=\"en_GB\" \/>\n<meta property=\"og:type\" content=\"article\" \/>\n<meta property=\"og:title\" content=\"Sweatshirt Barbudo - Letra\" \/>\n<meta property=\"og:description\" content=\"Sweatshirt Barbudo \u2013 conforto e estilo num s\u00f3. Com design exclusivo inspirado na criatividade da Cerveja Letra, esta pe\u00e7a une streetwear e atitude...\" \/>\n<meta property=\"og:url\" content=\"https:\/\/cervejaletra.pt\/en\/product\/sweatshirt-barbudo\/\" \/>\n<meta property=\"og:site_name\" content=\"Letra\" \/>\n<meta property=\"article:modified_time\" content=\"2025-10-06T11:50:15+00:00\" \/>\n<meta property=\"og:image\" content=\"https:\/\/cervejaletra.pt\/wp-content\/uploads\/2025\/09\/Foto-SweatShirt-Barbudo.png\" \/>\n\t<meta property=\"og:image:width\" content=\"1200\" \/>\n\t<meta property=\"og:image:height\" content=\"1200\" \/>\n\t<meta property=\"og:image:type\" content=\"image\/png\" \/>\n<meta name=\"twitter:card\" content=\"summary_large_image\" \/>\n<meta name=\"twitter:label1\" content=\"Estimated reading time\" \/>\n\t<meta name=\"twitter:data1\" content=\"1 minute\" \/>\n<script type=\"application\/ld+json\" class=\"yoast-schema-graph\">{\"@context\":\"https:\/\/schema.org\",\"@graph\":[{\"@type\":\"WebPage\",\"@id\":\"https:\/\/cervejaletra.pt\/produto\/sweatshirt-barbudo\/\",\"url\":\"https:\/\/cervejaletra.pt\/produto\/sweatshirt-barbudo\/\",\"name\":\"Sweatshirt Barbudo - Letra\",\"isPartOf\":{\"@id\":\"https:\/\/cervejaletra.pt\/#website\"},\"datePublished\":\"2025-09-03T10:57:34+00:00\",\"dateModified\":\"2025-10-06T11:50:15+00:00\",\"description\":\"Sweatshirt Barbudo \u2013 conforto e estilo num s\u00f3. Com design exclusivo inspirado na criatividade da Cerveja Letra, esta pe\u00e7a une streetwear e atitude...\",\"breadcrumb\":{\"@id\":\"https:\/\/cervejaletra.pt\/produto\/sweatshirt-barbudo\/#breadcrumb\"},\"inLanguage\":\"en-GB\",\"potentialAction\":[{\"@type\":\"ReadAction\",\"target\":[\"https:\/\/cervejaletra.pt\/produto\/sweatshirt-barbudo\/\"]}]},{\"@type\":\"BreadcrumbList\",\"@id\":\"https:\/\/cervejaletra.pt\/produto\/sweatshirt-barbudo\/#breadcrumb\",\"itemListElement\":[{\"@type\":\"ListItem\",\"position\":1,\"name\":\"In\u00edcio\",\"item\":\"https:\/\/cervejaletra.pt\/\"},{\"@type\":\"ListItem\",\"position\":2,\"name\":\"Loja\",\"item\":\"https:\/\/cervejaletra.pt\/loja\/\"},{\"@type\":\"ListItem\",\"position\":3,\"name\":\"Sweatshirt Barbudo\"}]},{\"@type\":\"WebSite\",\"@id\":\"https:\/\/cervejaletra.pt\/#website\",\"url\":\"https:\/\/cervejaletra.pt\/\",\"name\":\"Cerveja Letra\",\"description\":\"Cerveja Artesanal Minhota\",\"publisher\":{\"@id\":\"https:\/\/cervejaletra.pt\/#organization\"},\"alternateName\":\"Letra\",\"potentialAction\":[{\"@type\":\"SearchAction\",\"target\":{\"@type\":\"EntryPoint\",\"urlTemplate\":\"https:\/\/cervejaletra.pt\/?s={search_term_string}\"},\"query-input\":\"required name=search_term_string\"}],\"inLanguage\":\"en-GB\"},{\"@type\":\"Organization\",\"@id\":\"https:\/\/cervejaletra.pt\/#organization\",\"name\":\"Cerveja Letra\",\"alternateName\":\"Letra\",\"url\":\"https:\/\/cervejaletra.pt\/\",\"logo\":{\"@type\":\"ImageObject\",\"inLanguage\":\"en-GB\",\"@id\":\"https:\/\/cervejaletra.pt\/#\/schema\/logo\/image\/\",\"url\":\"https:\/\/cervejaletra.pt\/wp-content\/uploads\/2022\/05\/logotipo_preto.svg\",\"contentUrl\":\"https:\/\/cervejaletra.pt\/wp-content\/uploads\/2022\/05\/logotipo_preto.svg\",\"width\":134,\"height\":39,\"caption\":\"Cerveja Letra\"},\"image\":{\"@id\":\"https:\/\/cervejaletra.pt\/#\/schema\/logo\/image\/\"}}]}<\/script>\n<!-- \/ Yoast SEO plugin. -->","yoast_head_json":{"title":"Sweatshirt Barbudo - Letra","description":"Sweatshirt Barbudo \u2013 conforto e estilo num s\u00f3. Com design exclusivo inspirado na criatividade da Cerveja Letra, esta pe\u00e7a une streetwear e atitude...","robots":{"index":"index","follow":"follow","max-snippet":"max-snippet:-1","max-image-preview":"max-image-preview:large","max-video-preview":"max-video-preview:-1"},"canonical":"https:\/\/cervejaletra.pt\/en\/product\/sweatshirt-barbudo\/","og_locale":"en_GB","og_type":"article","og_title":"Sweatshirt Barbudo - Letra","og_description":"Sweatshirt Barbudo \u2013 conforto e estilo num s\u00f3. Com design exclusivo inspirado na criatividade da Cerveja Letra, esta pe\u00e7a une streetwear e atitude...","og_url":"https:\/\/cervejaletra.pt\/en\/product\/sweatshirt-barbudo\/","og_site_name":"Letra","article_modified_time":"2025-10-06T11:50:15+00:00","og_image":[{"width":1200,"height":1200,"url":"https:\/\/cervejaletra.pt\/wp-content\/uploads\/2025\/09\/Foto-SweatShirt-Barbudo.png","type":"image\/png"}],"twitter_card":"summary_large_image","twitter_misc":{"Estimated reading time":"1 minute"},"schema":{"@context":"https:\/\/schema.org","@graph":[{"@type":"WebPage","@id":"https:\/\/cervejaletra.pt\/produto\/sweatshirt-barbudo\/","url":"https:\/\/cervejaletra.pt\/produto\/sweatshirt-barbudo\/","name":"Sweatshirt Barbudo - Letra","isPartOf":{"@id":"https:\/\/cervejaletra.pt\/#website"},"datePublished":"2025-09-03T10:57:34+00:00","dateModified":"2025-10-06T11:50:15+00:00","description":"Sweatshirt Barbudo \u2013 conforto e estilo num s\u00f3. Com design exclusivo inspirado na criatividade da Cerveja Letra, esta pe\u00e7a une streetwear e atitude...","breadcrumb":{"@id":"https:\/\/cervejaletra.pt\/produto\/sweatshirt-barbudo\/#breadcrumb"},"inLanguage":"en-GB","potentialAction":[{"@type":"ReadAction","target":["https:\/\/cervejaletra.pt\/produto\/sweatshirt-barbudo\/"]}]},{"@type":"BreadcrumbList","@id":"https:\/\/cervejaletra.pt\/produto\/sweatshirt-barbudo\/#breadcrumb","itemListElement":[{"@type":"ListItem","position":1,"name":"In\u00edcio","item":"https:\/\/cervejaletra.pt\/"},{"@type":"ListItem","position":2,"name":"Loja","item":"https:\/\/cervejaletra.pt\/loja\/"},{"@type":"ListItem","position":3,"name":"Sweatshirt Barbudo"}]},{"@type":"WebSite","@id":"https:\/\/cervejaletra.pt\/#website","url":"https:\/\/cervejaletra.pt\/","name":"Cerveja Letra","description":"Cerveja Artesanal Minhota","publisher":{"@id":"https:\/\/cervejaletra.pt\/#organization"},"alternateName":"Letra","potentialAction":[{"@type":"SearchAction","target":{"@type":"EntryPoint","urlTemplate":"https:\/\/cervejaletra.pt\/?s={search_term_string}"},"query-input":"required name=search_term_string"}],"inLanguage":"en-GB"},{"@type":"Organization","@id":"https:\/\/cervejaletra.pt\/#organization","name":"Cerveja Letra","alternateName":"Letra","url":"https:\/\/cervejaletra.pt\/","logo":{"@type":"ImageObject","inLanguage":"en-GB","@id":"https:\/\/cervejaletra.pt\/#\/schema\/logo\/image\/","url":"https:\/\/cervejaletra.pt\/wp-content\/uploads\/2022\/05\/logotipo_preto.svg","contentUrl":"https:\/\/cervejaletra.pt\/wp-content\/uploads\/2022\/05\/logotipo_preto.svg","width":134,"height":39,"caption":"Cerveja Letra"},"image":{"@id":"https:\/\/cervejaletra.pt\/#\/schema\/logo\/image\/"}}]}},"_links":{"self":[{"href":"https:\/\/cervejaletra.pt\/en\/wp-json\/wp\/v2\/product\/16437"}],"collection":[{"href":"https:\/\/cervejaletra.pt\/en\/wp-json\/wp\/v2\/product"}],"about":[{"href":"https:\/\/cervejaletra.pt\/en\/wp-json\/wp\/v2\/types\/product"}],"wp:featuredmedia":[{"embeddable":true,"href":"https:\/\/cervejaletra.pt\/en\/wp-json\/wp\/v2\/media\/16440"}],"wp:attachment":[{"href":"https:\/\/cervejaletra.pt\/en\/wp-json\/wp\/v2\/media?parent=16437"}],"wp:term":[{"taxonomy":"product_cat","embeddable":true,"href":"https:\/\/cervejaletra.pt\/en\/wp-json\/wp\/v2\/product_cat?post=16437"},{"taxonomy":"product_tag","embeddable":true,"href":"https:\/\/cervejaletra.pt\/en\/wp-json\/wp\/v2\/product_tag?post=16437"},{"taxonomy":"giftcard-category","embeddable":true,"href":"https:\/\/cervejaletra.pt\/en\/wp-json\/wp\/v2\/giftcard-category?post=16437"}],"curies":[{"name":"wp","href":"https:\/\/api.w.org\/{rel}","templated":true}]}}