{"id":16510,"date":"2025-10-03T14:33:36","date_gmt":"2025-10-03T13:33:36","guid":{"rendered":"https:\/\/cervejaletra.pt\/?post_type=product&#038;p=16510"},"modified":"2026-04-12T20:36:30","modified_gmt":"2026-04-12T19:36:30","slug":"harvestfriends-2025","status":"publish","type":"product","link":"https:\/\/cervejaletra.pt\/en\/product\/harvestfriends-2025\/","title":{"rendered":"Harvest&#038;Friends 2025"},"content":{"rendered":"<h1>Harvest&amp;Friends 2025<\/h1>\n<p>&nbsp;<\/p>\n<p><u>Uma Imperial Stout <\/u>com 11% de \u00e1lcool produzida no dia da colheita do l\u00fapulo durante o <strong>Letra Harvest Fest<\/strong>.<\/p>\n<p>Com uma ousada dosagem de l\u00fapulo fresco Cascade colhido durante a manh\u00e3 e colocado diretamente na cuba durante a produ\u00e7\u00e3o de tarde, confere deste modo um amargor equilibrado e aroma frutado.<\/p>\n<p>Esta edi\u00e7\u00e3o tem um ingrediente extra: o carinho! pois esta cerveja \u00e9 fruto do trabalho manual dos nossos amigos a separar os cones do l\u00fapulo.<\/p>\n<p>Uma cerveja dedicada a todos os amigos que nos ajudaram e um convite para participarem na colheita do pr\u00f3ximo ano!<\/p>\n<p>&nbsp;<\/p>","protected":false},"excerpt":{"rendered":"<h1>Harvest&amp;Friends 2025<\/h1>\n<p><u>Uma Imperial Stout <\/u>com 11% de \u00e1lcool produzida no dia da colheita do l\u00fapulo durante o <strong>Letra Harvest Fest<\/strong>.<\/p>\n<p>Com uma ousada dosagem de l\u00fapulo fresco Cascade colhido durante a manh\u00e3 e colocado diretamente na cuba durante a produ\u00e7\u00e3o de tarde, confere deste modo um amargor equilibrado e aroma frutado.<\/p>\n<p>Esta edi\u00e7\u00e3o tem um ingrediente extra: o carinho! pois esta cerveja \u00e9 fruto do trabalho manual dos nossos amigos a separar os cones do l\u00fapulo.<\/p>\n<p>Uma cerveja dedicada a todos os amigos que nos ajudaram e um convite para participarem na colheita do pr\u00f3ximo ano!<\/p>\n<p>&nbsp;<\/p>","protected":false},"featured_media":16512,"template":"","meta":[],"product_cat":[20],"product_tag":[52],"giftcard-category":[],"supplier_id":null,"supplier_sku":"","barcode":null,"atum_controlled":true,"out_stock_date":null,"out_stock_threshold":null,"inheritable":false,"inbound_stock":null,"stock_on_hold":3,"sold_today":0,"sales_last_days":14,"reserved_stock":null,"customer_returns":null,"warehouse_damage":null,"lost_in_post":null,"other_logs":null,"out_stock_days":0,"lost_sales":0,"has_location":false,"update_date":"2026-04-15T06:48:18","atum_locations":[],"atum_stock_status":"instock","restock_status":true,"low_stock_amount":"","sales_update_date":"2026-04-15T06:48:18","calc_backorders":null,"yoast_head":"<!-- This site is optimized with the Yoast SEO plugin v19.13 - https:\/\/yoast.com\/wordpress\/plugins\/seo\/ -->\n<title>Harvest&amp;Friends 2025 - Letra<\/title>\n<meta name=\"description\" content=\"Uma Imperial Stout com 11% de \u00e1lcool produzida no dia da colheita do l\u00fapulo durante o Letra Harvest Fest.\" \/>\n<meta name=\"robots\" content=\"index, follow, max-snippet:-1, max-image-preview:large, max-video-preview:-1\" \/>\n<link rel=\"canonical\" href=\"https:\/\/cervejaletra.pt\/en\/product\/harvestfriends-2025\/\" \/>\n<meta property=\"og:locale\" content=\"en_GB\" \/>\n<meta property=\"og:type\" content=\"article\" \/>\n<meta property=\"og:title\" content=\"Harvest&amp;Friends 2025 - Letra\" \/>\n<meta property=\"og:description\" content=\"Uma Imperial Stout com 11% de \u00e1lcool produzida no dia da colheita do l\u00fapulo durante o Letra Harvest Fest.\" \/>\n<meta property=\"og:url\" content=\"https:\/\/cervejaletra.pt\/en\/product\/harvestfriends-2025\/\" \/>\n<meta property=\"og:site_name\" content=\"Letra\" \/>\n<meta property=\"article:modified_time\" content=\"2026-04-12T19:36:30+00:00\" \/>\n<meta property=\"og:image\" content=\"https:\/\/cervejaletra.pt\/wp-content\/uploads\/2025\/10\/HARVESTFRIENDS-25-GARRAFA-copo-974x1024.png\" \/>\n\t<meta property=\"og:image:width\" content=\"974\" \/>\n\t<meta property=\"og:image:height\" content=\"1024\" \/>\n\t<meta property=\"og:image:type\" content=\"image\/png\" \/>\n<meta name=\"twitter:card\" content=\"summary_large_image\" \/>\n<meta name=\"twitter:label1\" content=\"Estimated reading time\" \/>\n\t<meta name=\"twitter:data1\" content=\"1 minute\" \/>\n<script type=\"application\/ld+json\" class=\"yoast-schema-graph\">{\"@context\":\"https:\/\/schema.org\",\"@graph\":[{\"@type\":\"WebPage\",\"@id\":\"https:\/\/cervejaletra.pt\/produto\/harvestfriends-2025\/\",\"url\":\"https:\/\/cervejaletra.pt\/produto\/harvestfriends-2025\/\",\"name\":\"Harvest&Friends 2025 - Letra\",\"isPartOf\":{\"@id\":\"https:\/\/cervejaletra.pt\/#website\"},\"datePublished\":\"2025-10-03T13:33:36+00:00\",\"dateModified\":\"2026-04-12T19:36:30+00:00\",\"description\":\"Uma Imperial Stout com 11% de \u00e1lcool produzida no dia da colheita do l\u00fapulo durante o Letra Harvest Fest.\",\"breadcrumb\":{\"@id\":\"https:\/\/cervejaletra.pt\/produto\/harvestfriends-2025\/#breadcrumb\"},\"inLanguage\":\"en-GB\",\"potentialAction\":[{\"@type\":\"ReadAction\",\"target\":[\"https:\/\/cervejaletra.pt\/produto\/harvestfriends-2025\/\"]}]},{\"@type\":\"BreadcrumbList\",\"@id\":\"https:\/\/cervejaletra.pt\/produto\/harvestfriends-2025\/#breadcrumb\",\"itemListElement\":[{\"@type\":\"ListItem\",\"position\":1,\"name\":\"In\u00edcio\",\"item\":\"https:\/\/cervejaletra.pt\/\"},{\"@type\":\"ListItem\",\"position\":2,\"name\":\"Loja\",\"item\":\"https:\/\/cervejaletra.pt\/loja\/\"},{\"@type\":\"ListItem\",\"position\":3,\"name\":\"Harvest&#038;Friends 2025\"}]},{\"@type\":\"WebSite\",\"@id\":\"https:\/\/cervejaletra.pt\/#website\",\"url\":\"https:\/\/cervejaletra.pt\/\",\"name\":\"Cerveja Letra\",\"description\":\"Cerveja Artesanal Minhota\",\"publisher\":{\"@id\":\"https:\/\/cervejaletra.pt\/#organization\"},\"alternateName\":\"Letra\",\"potentialAction\":[{\"@type\":\"SearchAction\",\"target\":{\"@type\":\"EntryPoint\",\"urlTemplate\":\"https:\/\/cervejaletra.pt\/?s={search_term_string}\"},\"query-input\":\"required name=search_term_string\"}],\"inLanguage\":\"en-GB\"},{\"@type\":\"Organization\",\"@id\":\"https:\/\/cervejaletra.pt\/#organization\",\"name\":\"Cerveja Letra\",\"alternateName\":\"Letra\",\"url\":\"https:\/\/cervejaletra.pt\/\",\"logo\":{\"@type\":\"ImageObject\",\"inLanguage\":\"en-GB\",\"@id\":\"https:\/\/cervejaletra.pt\/#\/schema\/logo\/image\/\",\"url\":\"https:\/\/cervejaletra.pt\/wp-content\/uploads\/2022\/05\/logotipo_preto.svg\",\"contentUrl\":\"https:\/\/cervejaletra.pt\/wp-content\/uploads\/2022\/05\/logotipo_preto.svg\",\"width\":134,\"height\":39,\"caption\":\"Cerveja Letra\"},\"image\":{\"@id\":\"https:\/\/cervejaletra.pt\/#\/schema\/logo\/image\/\"}}]}<\/script>\n<!-- \/ Yoast SEO plugin. -->","yoast_head_json":{"title":"Harvest&Friends 2025 - Letra","description":"Uma Imperial Stout com 11% de \u00e1lcool produzida no dia da colheita do l\u00fapulo durante o Letra Harvest Fest.","robots":{"index":"index","follow":"follow","max-snippet":"max-snippet:-1","max-image-preview":"max-image-preview:large","max-video-preview":"max-video-preview:-1"},"canonical":"https:\/\/cervejaletra.pt\/en\/product\/harvestfriends-2025\/","og_locale":"en_GB","og_type":"article","og_title":"Harvest&Friends 2025 - Letra","og_description":"Uma Imperial Stout com 11% de \u00e1lcool produzida no dia da colheita do l\u00fapulo durante o Letra Harvest Fest.","og_url":"https:\/\/cervejaletra.pt\/en\/product\/harvestfriends-2025\/","og_site_name":"Letra","article_modified_time":"2026-04-12T19:36:30+00:00","og_image":[{"width":974,"height":1024,"url":"https:\/\/cervejaletra.pt\/wp-content\/uploads\/2025\/10\/HARVESTFRIENDS-25-GARRAFA-copo-974x1024.png","type":"image\/png"}],"twitter_card":"summary_large_image","twitter_misc":{"Estimated reading time":"1 minute"},"schema":{"@context":"https:\/\/schema.org","@graph":[{"@type":"WebPage","@id":"https:\/\/cervejaletra.pt\/produto\/harvestfriends-2025\/","url":"https:\/\/cervejaletra.pt\/produto\/harvestfriends-2025\/","name":"Harvest&Friends 2025 - Letra","isPartOf":{"@id":"https:\/\/cervejaletra.pt\/#website"},"datePublished":"2025-10-03T13:33:36+00:00","dateModified":"2026-04-12T19:36:30+00:00","description":"Uma Imperial Stout com 11% de \u00e1lcool produzida no dia da colheita do l\u00fapulo durante o Letra Harvest Fest.","breadcrumb":{"@id":"https:\/\/cervejaletra.pt\/produto\/harvestfriends-2025\/#breadcrumb"},"inLanguage":"en-GB","potentialAction":[{"@type":"ReadAction","target":["https:\/\/cervejaletra.pt\/produto\/harvestfriends-2025\/"]}]},{"@type":"BreadcrumbList","@id":"https:\/\/cervejaletra.pt\/produto\/harvestfriends-2025\/#breadcrumb","itemListElement":[{"@type":"ListItem","position":1,"name":"In\u00edcio","item":"https:\/\/cervejaletra.pt\/"},{"@type":"ListItem","position":2,"name":"Loja","item":"https:\/\/cervejaletra.pt\/loja\/"},{"@type":"ListItem","position":3,"name":"Harvest&#038;Friends 2025"}]},{"@type":"WebSite","@id":"https:\/\/cervejaletra.pt\/#website","url":"https:\/\/cervejaletra.pt\/","name":"Cerveja Letra","description":"Cerveja Artesanal Minhota","publisher":{"@id":"https:\/\/cervejaletra.pt\/#organization"},"alternateName":"Letra","potentialAction":[{"@type":"SearchAction","target":{"@type":"EntryPoint","urlTemplate":"https:\/\/cervejaletra.pt\/?s={search_term_string}"},"query-input":"required name=search_term_string"}],"inLanguage":"en-GB"},{"@type":"Organization","@id":"https:\/\/cervejaletra.pt\/#organization","name":"Cerveja Letra","alternateName":"Letra","url":"https:\/\/cervejaletra.pt\/","logo":{"@type":"ImageObject","inLanguage":"en-GB","@id":"https:\/\/cervejaletra.pt\/#\/schema\/logo\/image\/","url":"https:\/\/cervejaletra.pt\/wp-content\/uploads\/2022\/05\/logotipo_preto.svg","contentUrl":"https:\/\/cervejaletra.pt\/wp-content\/uploads\/2022\/05\/logotipo_preto.svg","width":134,"height":39,"caption":"Cerveja Letra"},"image":{"@id":"https:\/\/cervejaletra.pt\/#\/schema\/logo\/image\/"}}]}},"_links":{"self":[{"href":"https:\/\/cervejaletra.pt\/en\/wp-json\/wp\/v2\/product\/16510"}],"collection":[{"href":"https:\/\/cervejaletra.pt\/en\/wp-json\/wp\/v2\/product"}],"about":[{"href":"https:\/\/cervejaletra.pt\/en\/wp-json\/wp\/v2\/types\/product"}],"wp:featuredmedia":[{"embeddable":true,"href":"https:\/\/cervejaletra.pt\/en\/wp-json\/wp\/v2\/media\/16512"}],"wp:attachment":[{"href":"https:\/\/cervejaletra.pt\/en\/wp-json\/wp\/v2\/media?parent=16510"}],"wp:term":[{"taxonomy":"product_cat","embeddable":true,"href":"https:\/\/cervejaletra.pt\/en\/wp-json\/wp\/v2\/product_cat?post=16510"},{"taxonomy":"product_tag","embeddable":true,"href":"https:\/\/cervejaletra.pt\/en\/wp-json\/wp\/v2\/product_tag?post=16510"},{"taxonomy":"giftcard-category","embeddable":true,"href":"https:\/\/cervejaletra.pt\/en\/wp-json\/wp\/v2\/giftcard-category?post=16510"}],"curies":[{"name":"wp","href":"https:\/\/api.w.org\/{rel}","templated":true}]}}