{"id":17243,"date":"2026-02-10T11:07:30","date_gmt":"2026-02-10T11:07:30","guid":{"rendered":"https:\/\/cervejaletra.pt\/?post_type=product&#038;p=17243"},"modified":"2026-04-21T10:55:13","modified_gmt":"2026-04-21T09:55:13","slug":"craft-love-2-0","status":"publish","type":"product","link":"https:\/\/cervejaletra.pt\/en\/product\/craft-love-2-0\/","title":{"rendered":"CRAFT LOVE 2.0"},"content":{"rendered":"<p>We present you <strong data-start=\"333\" data-end=\"351\">Craft Love 2.0<\/strong>, a nossa nova <strong data-start=\"366\" data-end=\"380\">Fruit Sour<\/strong>, criada para celebrar o <strong data-start=\"405\" data-end=\"428\">Dia de S\u00e3o Valentim<\/strong> e tudo aquilo que o amor representa. Leve, \u00e1cida e intensamente frutada, esta \u00e9 uma cerveja pensada para partilhar, brindar e criar mem\u00f3rias.<\/p>\n<p style=\"text-align: left;\" data-start=\"873\" data-end=\"1134\">Procur\u00e1mos criar uma cerveja fresca e equilibrada, perfeita para momentos especiais. Com <strong data-start=\"985\" data-end=\"1003\">5,8% de \u00e1lcool<\/strong>, \u00e9 uma <strong data-start=\"1011\" data-end=\"1025\">Fruit Sour<\/strong> com acidez suave, corpo leve e um perfil frutado bem definido, gra\u00e7as \u00e0 adi\u00e7\u00e3o de <strong data-start=\"1108\" data-end=\"1131\">framboesa e morango<\/strong>.<\/p>\n<p style=\"text-align: left;\" data-start=\"1136\" data-end=\"1267\">O resultado \u00e9 uma cerveja refrescante, f\u00e1cil de beber e cheia de personalidade, ideal para celebrar o amor em todas as suas formas.<\/p>\n<p data-start=\"1136\" data-end=\"1267\">Saber mais sobre a hist\u00f3ria da <strong>Craft Love 2.0 Aqui !<\/strong><\/p>\n<p data-start=\"1136\" data-end=\"1267\">","protected":false},"excerpt":{"rendered":"<p>We present you <strong data-start=\"333\" data-end=\"351\">Craft Love 2.0<\/strong>, a nossa nova <strong data-start=\"366\" data-end=\"380\">Fruit Sour<\/strong>, criada para celebrar o <strong data-start=\"405\" data-end=\"428\">Dia de S\u00e3o Valentim<\/strong> e tudo aquilo que o amor representa. Leve, \u00e1cida e intensamente frutada, esta \u00e9 uma cerveja pensada para partilhar, brindar e criar mem\u00f3rias.<\/p>\n<p style=\"text-align: left;\" data-start=\"873\" data-end=\"1134\">Procur\u00e1mos criar uma cerveja fresca e equilibrada, perfeita para momentos especiais. Com <strong data-start=\"985\" data-end=\"1003\">5,8% de \u00e1lcool<\/strong>, \u00e9 uma <strong data-start=\"1011\" data-end=\"1025\">Fruit Sour<\/strong> com acidez suave, corpo leve e um perfil frutado bem definido, gra\u00e7as \u00e0 adi\u00e7\u00e3o de <strong data-start=\"1108\" data-end=\"1131\">framboesa e morango<\/strong>.<\/p>\n<p style=\"text-align: left;\" data-start=\"1136\" data-end=\"1267\">O resultado \u00e9 uma cerveja refrescante, f\u00e1cil de beber e cheia de personalidade, ideal para celebrar o amor em todas as suas formas.<\/p>\n<p data-start=\"1136\" data-end=\"1267\">Saber mais sobre a hist\u00f3ria da <a href=\"https:\/\/cervejaletra.pt\/en\/craft-love-2-0\/\"><strong>Craft Love 2.0 Aqui !<\/strong><\/a><\/p>","protected":false},"featured_media":17245,"template":"","meta":[],"product_cat":[21,17],"product_tag":[],"giftcard-category":[],"supplier_id":null,"supplier_sku":"","barcode":null,"atum_controlled":true,"out_stock_date":null,"out_stock_threshold":null,"inheritable":false,"inbound_stock":0,"stock_on_hold":0,"sold_today":0,"sales_last_days":5,"reserved_stock":0,"customer_returns":0,"warehouse_damage":0,"lost_in_post":0,"other_logs":0,"out_stock_days":0,"lost_sales":0,"has_location":false,"update_date":"2026-04-21T08:55:16","atum_locations":[],"atum_stock_status":"outofstock","restock_status":false,"low_stock_amount":"","sales_update_date":"2026-04-21T06:50:25","calc_backorders":null,"yoast_head":"<!-- This site is optimized with the Yoast SEO plugin v19.13 - https:\/\/yoast.com\/wordpress\/plugins\/seo\/ -->\n<title>CRAFT LOVE 2.0 - Letra<\/title>\n<meta name=\"description\" content=\"fruit Sour com 5,8% ABV,com adi\u00e7\u00e3o de framboesae morango. \u00c1cida, levee bem frutada. Perfeitapara celebrar dia deS\u00e3o valentim...\" \/>\n<meta name=\"robots\" content=\"index, follow, max-snippet:-1, max-image-preview:large, max-video-preview:-1\" \/>\n<link rel=\"canonical\" href=\"https:\/\/cervejaletra.pt\/en\/product\/craft-love-2-0\/\" \/>\n<meta property=\"og:locale\" content=\"en_GB\" \/>\n<meta property=\"og:type\" content=\"article\" \/>\n<meta property=\"og:title\" content=\"CRAFT LOVE 2.0 - Letra\" \/>\n<meta property=\"og:description\" content=\"fruit Sour com 5,8% ABV,com adi\u00e7\u00e3o de framboesae morango. \u00c1cida, levee bem frutada. Perfeitapara celebrar dia deS\u00e3o valentim...\" \/>\n<meta property=\"og:url\" content=\"https:\/\/cervejaletra.pt\/en\/product\/craft-love-2-0\/\" \/>\n<meta property=\"og:site_name\" content=\"Letra\" \/>\n<meta property=\"article:modified_time\" content=\"2026-04-21T09:55:13+00:00\" \/>\n<meta property=\"og:image\" content=\"https:\/\/cervejaletra.pt\/wp-content\/uploads\/2026\/01\/CRAFT-LOVE-2.0-LATA-COPO.png\" \/>\n\t<meta property=\"og:image:width\" content=\"800\" \/>\n\t<meta property=\"og:image:height\" content=\"1020\" \/>\n\t<meta property=\"og:image:type\" content=\"image\/png\" \/>\n<meta name=\"twitter:card\" content=\"summary_large_image\" \/>\n<meta name=\"twitter:label1\" content=\"Estimated reading time\" \/>\n\t<meta name=\"twitter:data1\" content=\"1 minute\" \/>\n<script type=\"application\/ld+json\" class=\"yoast-schema-graph\">{\"@context\":\"https:\/\/schema.org\",\"@graph\":[{\"@type\":\"WebPage\",\"@id\":\"https:\/\/cervejaletra.pt\/produto\/craft-love-2-0\/\",\"url\":\"https:\/\/cervejaletra.pt\/produto\/craft-love-2-0\/\",\"name\":\"CRAFT LOVE 2.0 - Letra\",\"isPartOf\":{\"@id\":\"https:\/\/cervejaletra.pt\/#website\"},\"datePublished\":\"2026-02-10T11:07:30+00:00\",\"dateModified\":\"2026-04-21T09:55:13+00:00\",\"description\":\"fruit Sour com 5,8% ABV,com adi\u00e7\u00e3o de framboesae morango. \u00c1cida, levee bem frutada. Perfeitapara celebrar dia deS\u00e3o valentim...\",\"breadcrumb\":{\"@id\":\"https:\/\/cervejaletra.pt\/produto\/craft-love-2-0\/#breadcrumb\"},\"inLanguage\":\"en-GB\",\"potentialAction\":[{\"@type\":\"ReadAction\",\"target\":[\"https:\/\/cervejaletra.pt\/produto\/craft-love-2-0\/\"]}]},{\"@type\":\"BreadcrumbList\",\"@id\":\"https:\/\/cervejaletra.pt\/produto\/craft-love-2-0\/#breadcrumb\",\"itemListElement\":[{\"@type\":\"ListItem\",\"position\":1,\"name\":\"In\u00edcio\",\"item\":\"https:\/\/cervejaletra.pt\/\"},{\"@type\":\"ListItem\",\"position\":2,\"name\":\"Loja\",\"item\":\"https:\/\/cervejaletra.pt\/loja\/\"},{\"@type\":\"ListItem\",\"position\":3,\"name\":\"CRAFT LOVE 2.0\"}]},{\"@type\":\"WebSite\",\"@id\":\"https:\/\/cervejaletra.pt\/#website\",\"url\":\"https:\/\/cervejaletra.pt\/\",\"name\":\"Cerveja Letra\",\"description\":\"Cerveja Artesanal Minhota\",\"publisher\":{\"@id\":\"https:\/\/cervejaletra.pt\/#organization\"},\"alternateName\":\"Letra\",\"potentialAction\":[{\"@type\":\"SearchAction\",\"target\":{\"@type\":\"EntryPoint\",\"urlTemplate\":\"https:\/\/cervejaletra.pt\/?s={search_term_string}\"},\"query-input\":\"required name=search_term_string\"}],\"inLanguage\":\"en-GB\"},{\"@type\":\"Organization\",\"@id\":\"https:\/\/cervejaletra.pt\/#organization\",\"name\":\"Cerveja Letra\",\"alternateName\":\"Letra\",\"url\":\"https:\/\/cervejaletra.pt\/\",\"logo\":{\"@type\":\"ImageObject\",\"inLanguage\":\"en-GB\",\"@id\":\"https:\/\/cervejaletra.pt\/#\/schema\/logo\/image\/\",\"url\":\"https:\/\/cervejaletra.pt\/wp-content\/uploads\/2022\/05\/logotipo_preto.svg\",\"contentUrl\":\"https:\/\/cervejaletra.pt\/wp-content\/uploads\/2022\/05\/logotipo_preto.svg\",\"width\":134,\"height\":39,\"caption\":\"Cerveja Letra\"},\"image\":{\"@id\":\"https:\/\/cervejaletra.pt\/#\/schema\/logo\/image\/\"}}]}<\/script>\n<!-- \/ Yoast SEO plugin. -->","yoast_head_json":{"title":"CRAFT LOVE 2.0 - Letra","description":"fruit Sour com 5,8% ABV,com adi\u00e7\u00e3o de framboesae morango. \u00c1cida, levee bem frutada. Perfeitapara celebrar dia deS\u00e3o valentim...","robots":{"index":"index","follow":"follow","max-snippet":"max-snippet:-1","max-image-preview":"max-image-preview:large","max-video-preview":"max-video-preview:-1"},"canonical":"https:\/\/cervejaletra.pt\/en\/product\/craft-love-2-0\/","og_locale":"en_GB","og_type":"article","og_title":"CRAFT LOVE 2.0 - Letra","og_description":"fruit Sour com 5,8% ABV,com adi\u00e7\u00e3o de framboesae morango. \u00c1cida, levee bem frutada. Perfeitapara celebrar dia deS\u00e3o valentim...","og_url":"https:\/\/cervejaletra.pt\/en\/product\/craft-love-2-0\/","og_site_name":"Letra","article_modified_time":"2026-04-21T09:55:13+00:00","og_image":[{"width":800,"height":1020,"url":"https:\/\/cervejaletra.pt\/wp-content\/uploads\/2026\/01\/CRAFT-LOVE-2.0-LATA-COPO.png","type":"image\/png"}],"twitter_card":"summary_large_image","twitter_misc":{"Estimated reading time":"1 minute"},"schema":{"@context":"https:\/\/schema.org","@graph":[{"@type":"WebPage","@id":"https:\/\/cervejaletra.pt\/produto\/craft-love-2-0\/","url":"https:\/\/cervejaletra.pt\/produto\/craft-love-2-0\/","name":"CRAFT LOVE 2.0 - Letra","isPartOf":{"@id":"https:\/\/cervejaletra.pt\/#website"},"datePublished":"2026-02-10T11:07:30+00:00","dateModified":"2026-04-21T09:55:13+00:00","description":"fruit Sour com 5,8% ABV,com adi\u00e7\u00e3o de framboesae morango. \u00c1cida, levee bem frutada. Perfeitapara celebrar dia deS\u00e3o valentim...","breadcrumb":{"@id":"https:\/\/cervejaletra.pt\/produto\/craft-love-2-0\/#breadcrumb"},"inLanguage":"en-GB","potentialAction":[{"@type":"ReadAction","target":["https:\/\/cervejaletra.pt\/produto\/craft-love-2-0\/"]}]},{"@type":"BreadcrumbList","@id":"https:\/\/cervejaletra.pt\/produto\/craft-love-2-0\/#breadcrumb","itemListElement":[{"@type":"ListItem","position":1,"name":"In\u00edcio","item":"https:\/\/cervejaletra.pt\/"},{"@type":"ListItem","position":2,"name":"Loja","item":"https:\/\/cervejaletra.pt\/loja\/"},{"@type":"ListItem","position":3,"name":"CRAFT LOVE 2.0"}]},{"@type":"WebSite","@id":"https:\/\/cervejaletra.pt\/#website","url":"https:\/\/cervejaletra.pt\/","name":"Cerveja Letra","description":"Cerveja Artesanal Minhota","publisher":{"@id":"https:\/\/cervejaletra.pt\/#organization"},"alternateName":"Letra","potentialAction":[{"@type":"SearchAction","target":{"@type":"EntryPoint","urlTemplate":"https:\/\/cervejaletra.pt\/?s={search_term_string}"},"query-input":"required name=search_term_string"}],"inLanguage":"en-GB"},{"@type":"Organization","@id":"https:\/\/cervejaletra.pt\/#organization","name":"Cerveja Letra","alternateName":"Letra","url":"https:\/\/cervejaletra.pt\/","logo":{"@type":"ImageObject","inLanguage":"en-GB","@id":"https:\/\/cervejaletra.pt\/#\/schema\/logo\/image\/","url":"https:\/\/cervejaletra.pt\/wp-content\/uploads\/2022\/05\/logotipo_preto.svg","contentUrl":"https:\/\/cervejaletra.pt\/wp-content\/uploads\/2022\/05\/logotipo_preto.svg","width":134,"height":39,"caption":"Cerveja Letra"},"image":{"@id":"https:\/\/cervejaletra.pt\/#\/schema\/logo\/image\/"}}]}},"_links":{"self":[{"href":"https:\/\/cervejaletra.pt\/en\/wp-json\/wp\/v2\/product\/17243"}],"collection":[{"href":"https:\/\/cervejaletra.pt\/en\/wp-json\/wp\/v2\/product"}],"about":[{"href":"https:\/\/cervejaletra.pt\/en\/wp-json\/wp\/v2\/types\/product"}],"wp:featuredmedia":[{"embeddable":true,"href":"https:\/\/cervejaletra.pt\/en\/wp-json\/wp\/v2\/media\/17245"}],"wp:attachment":[{"href":"https:\/\/cervejaletra.pt\/en\/wp-json\/wp\/v2\/media?parent=17243"}],"wp:term":[{"taxonomy":"product_cat","embeddable":true,"href":"https:\/\/cervejaletra.pt\/en\/wp-json\/wp\/v2\/product_cat?post=17243"},{"taxonomy":"product_tag","embeddable":true,"href":"https:\/\/cervejaletra.pt\/en\/wp-json\/wp\/v2\/product_tag?post=17243"},{"taxonomy":"giftcard-category","embeddable":true,"href":"https:\/\/cervejaletra.pt\/en\/wp-json\/wp\/v2\/giftcard-category?post=17243"}],"curies":[{"name":"wp","href":"https:\/\/api.w.org\/{rel}","templated":true}]}}