{"id":17468,"date":"2026-04-09T14:45:55","date_gmt":"2026-04-09T13:45:55","guid":{"rendered":"https:\/\/cervejaletra.pt\/?post_type=product&#038;p=17468"},"modified":"2026-04-09T15:40:26","modified_gmt":"2026-04-09T14:40:26","slug":"symmetry-juicy-neipa","status":"publish","type":"product","link":"https:\/\/cervejaletra.pt\/en\/product\/symmetry-juicy-neipa\/","title":{"rendered":"SYMMETRY"},"content":{"rendered":"<h1 data-section-id=\"4i76om\" data-start=\"634\" data-end=\"644\">SYMMETRY<\/h1>\n<h2 data-section-id=\"1k4rb5p\" data-start=\"646\" data-end=\"677\">Juicy NEIPA da Cerveja Letra<\/h2>\n<p data-start=\"679\" data-end=\"937\">A <strong data-start=\"681\" data-end=\"705\">SYMMETRY Juicy NEIPA<\/strong> nasce da nossa vontade de explorar equil\u00edbrio, intensidade e precis\u00e3o. Desde o in\u00edcio, procur\u00e1mos criar uma cerveja onde o aroma e a textura se encontram de forma natural, resultando numa experi\u00eancia envolvente e cheia de car\u00e1cter.<\/p>\n<p data-start=\"939\" data-end=\"1084\">Inspirada no nosso territ\u00f3rio e na est\u00e9tica do Minho, esta cerveja reflete uma abordagem moderna, mas sempre fiel \u00e0 nossa forma de fazer cerveja.<\/p>\n<hr data-start=\"1086\" data-end=\"1089\" \/>\n<h2 data-section-id=\"ml1f3p\" data-start=\"1091\" data-end=\"1131\">Uma Juicy NEIPA intensa e equilibrada<\/h2>\n<p data-start=\"1133\" data-end=\"1317\">Antes de mais, a <strong data-start=\"1150\" data-end=\"1174\">SYMMETRY Juicy NEIPA<\/strong> apresenta tudo o que procuramos neste estilo: apar\u00eancia turva, corpo macio e um perfil arom\u00e1tico vibrante. No entanto, quisemos ir mais longe.<\/p>\n<p data-start=\"1319\" data-end=\"1464\">Com <strong data-start=\"1323\" data-end=\"1335\">7.0% ABV<\/strong>, conseguimos uma cerveja intensa, mas ao mesmo tempo equilibrada. Assim, cada gole revela camadas de sabor sem se tornar pesado.<\/p>\n<p data-start=\"1466\" data-end=\"1585\">Al\u00e9m disso, a textura sedosa, proporcionada pela aveia e pelo trigo, refor\u00e7a a sensa\u00e7\u00e3o cremosa que define este estilo.<\/p>\n<hr data-start=\"1587\" data-end=\"1590\" \/>\n<h2 data-section-id=\"fbwfxa\" data-start=\"1592\" data-end=\"1625\">L\u00fapulos que definem a SYMMETRY<\/h2>\n<p data-start=\"1627\" data-end=\"1729\">Para construir o perfil da <strong data-start=\"1654\" data-end=\"1678\">SYMMETRY Juicy NEIPA<\/strong>, trabalh\u00e1mos com tr\u00eas l\u00fapulos que se complementam:<\/p>\n<ul data-start=\"1731\" data-end=\"1766\">\n<li data-section-id=\"2e3i9x\" data-start=\"1731\" data-end=\"1740\">Citra<\/li>\n<li data-section-id=\"84za4y\" data-start=\"1741\" data-end=\"1754\">El Dorado<\/li>\n<li data-section-id=\"1d673bb\" data-start=\"1755\" data-end=\"1766\">Ekuanot<\/li>\n<\/ul>\n<p data-start=\"1768\" data-end=\"1952\">Por um lado, procur\u00e1mos notas tropicais e c\u00edtricas; por outro, quisemos manter frescura e defini\u00e7\u00e3o. Consequentemente, utiliz\u00e1mos t\u00e9cnicas modernas de lupulagem para maximizar o aroma.<\/p>\n<p data-start=\"1954\" data-end=\"2028\">O resultado \u00e9 uma cerveja expressiva, arom\u00e1tica e extremamente envolvente.<\/p>\n<hr data-start=\"2030\" data-end=\"2033\" \/>\n<h2 data-section-id=\"1v2k04y\" data-start=\"2035\" data-end=\"2056\">Inspirada no Minho<\/h2>\n<p data-start=\"2058\" data-end=\"2305\">Tal como indicado no r\u00f3tulo, esta cerveja foi inspirada na nossa regi\u00e3o, com a imagem captada em Guimar\u00e3es . Assim, a SYMMETRY n\u00e3o \u00e9 apenas uma cerveja \u2014 \u00e9 tamb\u00e9m uma express\u00e3o visual e sensorial do territ\u00f3rio.<\/p>\n<hr data-start=\"2307\" data-end=\"2310\" \/>\n<h2 data-section-id=\"rdz8tp\" data-start=\"2312\" data-end=\"2338\">Especifica\u00e7\u00f5es T\u00e9cnicas<\/h2>\n<p>&nbsp;<\/p>\n<ul data-start=\"2340\" data-end=\"2738\">\n<li data-section-id=\"118pip1\" data-start=\"2340\" data-end=\"2363\">Estilo: Juicy NEIPA<\/li>\n<li data-section-id=\"a9b83l\" data-start=\"2364\" data-end=\"2430\">Teor alco\u00f3lico: 7.0% ABV<\/li>\n<li data-section-id=\"2t6v60\" data-start=\"2431\" data-end=\"2485\">Volume: 44cl<\/li>\n<li data-section-id=\"1owlwwk\" data-start=\"2486\" data-end=\"2562\">L\u00fapulos: Citra, El Dorado, Ekuanot<\/li>\n<li data-section-id=\"yajl0\" data-start=\"2563\" data-end=\"2667\">Ingredientes: malte de cevada, trigo, aveia, l\u00fapulo e levedura<\/li>\n<li data-section-id=\"1fnzfws\" data-start=\"2668\" data-end=\"2738\">Origem: Vila Verde, Portugal<\/li>\n<\/ul>\n<hr data-start=\"2740\" data-end=\"2743\" \/>\n<h3 data-section-id=\"1ayvm7h\" data-start=\"2745\" data-end=\"2772\">Para quem \u00e9 esta cerveja<\/h3>\n<p data-start=\"2774\" data-end=\"2988\">A <strong data-start=\"2776\" data-end=\"2800\">SYMMETRY Juicy NEIPA<\/strong> \u00e9 pensada para quem valoriza aroma intenso, textura macia e equil\u00edbrio. Portanto, seja para uma prova mais t\u00e9cnica ou para um momento descontra\u00eddo, \u00e9 uma cerveja que convida sempre ao pr\u00f3ximo gole.<\/p>\n<h2 data-start=\"2737\" data-end=\"2761\">Descobre mais sobre a SYMMETRY!<\/h2>\n<h6 data-start=\"2843\" data-end=\"2916\"><a href=\"https:\/\/cervejaletra.pt\/en\/glaze\/\"><em><strong>\u00a0Podes ainda ler o blog dedicado a explicar passos do processo produtivo, bem como, a cria\u00e7\u00e3o do r\u00f3tulo e express\u00e3o da cerveja artesanal Letra.<\/strong><\/em><\/a><\/h6>\n<h6 data-start=\"2843\" data-end=\"2916\"><a href=\"https:\/\/www.instagram.com\/p\/DUaqCALjcfn\/?img_index=1\"><strong><em>Descobre as novas <\/em><\/strong><\/a><strong><em>novas tend\u00eancias 2026 para o consumo de cerveja !<\/em><\/strong><\/h6>\n<p data-start=\"3019\" data-end=\"3049\">A SYMMETRY j\u00e1 est\u00e1 dispon\u00edvel.<\/p>\n<p data-start=\"3051\" data-end=\"3124\">Compra agora e descobre uma nova express\u00e3o da nossa cerveja artesanal.<\/p>","protected":false},"excerpt":{"rendered":"<h2 data-section-id=\"1k4rb5p\" data-start=\"646\" data-end=\"677\">JUICY NEIPA<\/h2>\n<p data-start=\"679\" data-end=\"937\">A <strong data-start=\"681\" data-end=\"705\">SYMMETRY Juicy NEIPA<\/strong> nasce da nossa vontade de explorar equil\u00edbrio, intensidade e precis\u00e3o. Desde o in\u00edcio, procur\u00e1mos criar uma cerveja onde o aroma e a textura se encontram de forma natural, resultando numa experi\u00eancia envolvente e cheia de car\u00e1cter.<\/p>\n<p data-start=\"939\" data-end=\"1084\">Inspirada no nosso territ\u00f3rio e na est\u00e9tica do Minho, esta cerveja reflete uma abordagem moderna, mas sempre fiel \u00e0 nossa forma de fazer cerveja.<\/p>\n<p data-start=\"939\" data-end=\"1084\">\n<h2 data-section-id=\"rdz8tp\" data-start=\"2312\" data-end=\"2338\">Especifica\u00e7\u00f5es T\u00e9cnicas<\/h2>\n<ul data-start=\"2340\" data-end=\"2738\">\n<li data-section-id=\"118pip1\" data-start=\"2340\" data-end=\"2363\">Estilo: Juicy NEIPA<\/li>\n<li data-section-id=\"a9b83l\" data-start=\"2364\" data-end=\"2430\">Teor alco\u00f3lico: 7.0% ABV<\/li>\n<li data-section-id=\"2t6v60\" data-start=\"2431\" data-end=\"2485\">Volume: 44cl<\/li>\n<li data-section-id=\"1owlwwk\" data-start=\"2486\" data-end=\"2562\">L\u00fapulos: Citra, El Dorado, Ekuanot<\/li>\n<li data-section-id=\"yajl0\" data-start=\"2563\" data-end=\"2667\">Ingredientes: malte de cevada, trigo, aveia, l\u00fapulo e levedura<\/li>\n<li data-section-id=\"1fnzfws\" data-start=\"2668\" data-end=\"2738\">Origem: Vila Verde, Portugal<\/li>\n<\/ul>","protected":false},"featured_media":17469,"template":"","meta":[],"product_cat":[20,21,17],"product_tag":[117,115,191,189,114,118,116,187],"giftcard-category":[],"supplier_id":null,"supplier_sku":"","barcode":null,"atum_controlled":true,"out_stock_date":null,"out_stock_threshold":null,"inheritable":false,"inbound_stock":null,"stock_on_hold":0,"sold_today":0,"sales_last_days":7,"reserved_stock":null,"customer_returns":null,"warehouse_damage":null,"lost_in_post":null,"other_logs":null,"out_stock_days":0,"lost_sales":0,"has_location":false,"update_date":"2026-04-15T06:48:18","atum_locations":[],"atum_stock_status":"instock","restock_status":false,"low_stock_amount":"","sales_update_date":"2026-04-15T06:48:18","calc_backorders":null,"yoast_head":"<!-- This site is optimized with the Yoast SEO plugin v19.13 - https:\/\/yoast.com\/wordpress\/plugins\/seo\/ -->\n<title>SYMMETRY Juicy NEIPA | Cerveja Letra<\/title>\n<meta name=\"description\" content=\"Descobre a SYMMETRY, uma Juicy NEIPA da Cerveja Letra com Citra, El Dorado e Ekuanot. Turva, arom\u00e1tica e intensa com 7.0% ABV.\" \/>\n<meta name=\"robots\" content=\"index, follow, max-snippet:-1, max-image-preview:large, max-video-preview:-1\" \/>\n<link rel=\"canonical\" href=\"https:\/\/cervejaletra.pt\/en\/product\/symmetry-juicy-neipa\/\" \/>\n<meta property=\"og:locale\" content=\"en_GB\" \/>\n<meta property=\"og:type\" content=\"article\" \/>\n<meta property=\"og:title\" content=\"SYMMETRY Juicy NEIPA | Cerveja Letra\" \/>\n<meta property=\"og:description\" content=\"Descobre a SYMMETRY, uma Juicy NEIPA da Cerveja Letra com Citra, El Dorado e Ekuanot. Turva, arom\u00e1tica e intensa com 7.0% ABV.\" \/>\n<meta property=\"og:url\" content=\"https:\/\/cervejaletra.pt\/en\/product\/symmetry-juicy-neipa\/\" \/>\n<meta property=\"og:site_name\" content=\"Letra\" \/>\n<meta property=\"article:modified_time\" content=\"2026-04-09T14:40:26+00:00\" \/>\n<meta property=\"og:image\" content=\"https:\/\/cervejaletra.pt\/wp-content\/uploads\/2026\/04\/SYMMETRY-LATA-COPO.png\" \/>\n\t<meta property=\"og:image:width\" content=\"800\" \/>\n\t<meta property=\"og:image:height\" content=\"1020\" \/>\n\t<meta property=\"og:image:type\" content=\"image\/png\" \/>\n<meta name=\"twitter:card\" content=\"summary_large_image\" \/>\n<meta name=\"twitter:label1\" content=\"Estimated reading time\" \/>\n\t<meta name=\"twitter:data1\" content=\"3 minutes\" \/>\n<script type=\"application\/ld+json\" class=\"yoast-schema-graph\">{\"@context\":\"https:\/\/schema.org\",\"@graph\":[{\"@type\":\"WebPage\",\"@id\":\"https:\/\/cervejaletra.pt\/produto\/symmetry-juicy-neipa\/\",\"url\":\"https:\/\/cervejaletra.pt\/produto\/symmetry-juicy-neipa\/\",\"name\":\"SYMMETRY Juicy NEIPA | Cerveja Letra\",\"isPartOf\":{\"@id\":\"https:\/\/cervejaletra.pt\/#website\"},\"datePublished\":\"2026-04-09T13:45:55+00:00\",\"dateModified\":\"2026-04-09T14:40:26+00:00\",\"description\":\"Descobre a SYMMETRY, uma Juicy NEIPA da Cerveja Letra com Citra, El Dorado e Ekuanot. Turva, arom\u00e1tica e intensa com 7.0% ABV.\",\"breadcrumb\":{\"@id\":\"https:\/\/cervejaletra.pt\/produto\/symmetry-juicy-neipa\/#breadcrumb\"},\"inLanguage\":\"en-GB\",\"potentialAction\":[{\"@type\":\"ReadAction\",\"target\":[\"https:\/\/cervejaletra.pt\/produto\/symmetry-juicy-neipa\/\"]}]},{\"@type\":\"BreadcrumbList\",\"@id\":\"https:\/\/cervejaletra.pt\/produto\/symmetry-juicy-neipa\/#breadcrumb\",\"itemListElement\":[{\"@type\":\"ListItem\",\"position\":1,\"name\":\"In\u00edcio\",\"item\":\"https:\/\/cervejaletra.pt\/\"},{\"@type\":\"ListItem\",\"position\":2,\"name\":\"Loja\",\"item\":\"https:\/\/cervejaletra.pt\/loja\/\"},{\"@type\":\"ListItem\",\"position\":3,\"name\":\"SYMMETRY\"}]},{\"@type\":\"WebSite\",\"@id\":\"https:\/\/cervejaletra.pt\/#website\",\"url\":\"https:\/\/cervejaletra.pt\/\",\"name\":\"Cerveja Letra\",\"description\":\"Cerveja Artesanal Minhota\",\"publisher\":{\"@id\":\"https:\/\/cervejaletra.pt\/#organization\"},\"alternateName\":\"Letra\",\"potentialAction\":[{\"@type\":\"SearchAction\",\"target\":{\"@type\":\"EntryPoint\",\"urlTemplate\":\"https:\/\/cervejaletra.pt\/?s={search_term_string}\"},\"query-input\":\"required name=search_term_string\"}],\"inLanguage\":\"en-GB\"},{\"@type\":\"Organization\",\"@id\":\"https:\/\/cervejaletra.pt\/#organization\",\"name\":\"Cerveja Letra\",\"alternateName\":\"Letra\",\"url\":\"https:\/\/cervejaletra.pt\/\",\"logo\":{\"@type\":\"ImageObject\",\"inLanguage\":\"en-GB\",\"@id\":\"https:\/\/cervejaletra.pt\/#\/schema\/logo\/image\/\",\"url\":\"https:\/\/cervejaletra.pt\/wp-content\/uploads\/2022\/05\/logotipo_preto.svg\",\"contentUrl\":\"https:\/\/cervejaletra.pt\/wp-content\/uploads\/2022\/05\/logotipo_preto.svg\",\"width\":134,\"height\":39,\"caption\":\"Cerveja Letra\"},\"image\":{\"@id\":\"https:\/\/cervejaletra.pt\/#\/schema\/logo\/image\/\"}}]}<\/script>\n<!-- \/ Yoast SEO plugin. -->","yoast_head_json":{"title":"SYMMETRY Juicy NEIPA | Cerveja Letra","description":"Descobre a SYMMETRY, uma Juicy NEIPA da Cerveja Letra com Citra, El Dorado e Ekuanot. Turva, arom\u00e1tica e intensa com 7.0% ABV.","robots":{"index":"index","follow":"follow","max-snippet":"max-snippet:-1","max-image-preview":"max-image-preview:large","max-video-preview":"max-video-preview:-1"},"canonical":"https:\/\/cervejaletra.pt\/en\/product\/symmetry-juicy-neipa\/","og_locale":"en_GB","og_type":"article","og_title":"SYMMETRY Juicy NEIPA | Cerveja Letra","og_description":"Descobre a SYMMETRY, uma Juicy NEIPA da Cerveja Letra com Citra, El Dorado e Ekuanot. Turva, arom\u00e1tica e intensa com 7.0% ABV.","og_url":"https:\/\/cervejaletra.pt\/en\/product\/symmetry-juicy-neipa\/","og_site_name":"Letra","article_modified_time":"2026-04-09T14:40:26+00:00","og_image":[{"width":800,"height":1020,"url":"https:\/\/cervejaletra.pt\/wp-content\/uploads\/2026\/04\/SYMMETRY-LATA-COPO.png","type":"image\/png"}],"twitter_card":"summary_large_image","twitter_misc":{"Estimated reading time":"3 minutes"},"schema":{"@context":"https:\/\/schema.org","@graph":[{"@type":"WebPage","@id":"https:\/\/cervejaletra.pt\/produto\/symmetry-juicy-neipa\/","url":"https:\/\/cervejaletra.pt\/produto\/symmetry-juicy-neipa\/","name":"SYMMETRY Juicy NEIPA | Cerveja Letra","isPartOf":{"@id":"https:\/\/cervejaletra.pt\/#website"},"datePublished":"2026-04-09T13:45:55+00:00","dateModified":"2026-04-09T14:40:26+00:00","description":"Descobre a SYMMETRY, uma Juicy NEIPA da Cerveja Letra com Citra, El Dorado e Ekuanot. Turva, arom\u00e1tica e intensa com 7.0% ABV.","breadcrumb":{"@id":"https:\/\/cervejaletra.pt\/produto\/symmetry-juicy-neipa\/#breadcrumb"},"inLanguage":"en-GB","potentialAction":[{"@type":"ReadAction","target":["https:\/\/cervejaletra.pt\/produto\/symmetry-juicy-neipa\/"]}]},{"@type":"BreadcrumbList","@id":"https:\/\/cervejaletra.pt\/produto\/symmetry-juicy-neipa\/#breadcrumb","itemListElement":[{"@type":"ListItem","position":1,"name":"In\u00edcio","item":"https:\/\/cervejaletra.pt\/"},{"@type":"ListItem","position":2,"name":"Loja","item":"https:\/\/cervejaletra.pt\/loja\/"},{"@type":"ListItem","position":3,"name":"SYMMETRY"}]},{"@type":"WebSite","@id":"https:\/\/cervejaletra.pt\/#website","url":"https:\/\/cervejaletra.pt\/","name":"Cerveja Letra","description":"Cerveja Artesanal Minhota","publisher":{"@id":"https:\/\/cervejaletra.pt\/#organization"},"alternateName":"Letra","potentialAction":[{"@type":"SearchAction","target":{"@type":"EntryPoint","urlTemplate":"https:\/\/cervejaletra.pt\/?s={search_term_string}"},"query-input":"required name=search_term_string"}],"inLanguage":"en-GB"},{"@type":"Organization","@id":"https:\/\/cervejaletra.pt\/#organization","name":"Cerveja Letra","alternateName":"Letra","url":"https:\/\/cervejaletra.pt\/","logo":{"@type":"ImageObject","inLanguage":"en-GB","@id":"https:\/\/cervejaletra.pt\/#\/schema\/logo\/image\/","url":"https:\/\/cervejaletra.pt\/wp-content\/uploads\/2022\/05\/logotipo_preto.svg","contentUrl":"https:\/\/cervejaletra.pt\/wp-content\/uploads\/2022\/05\/logotipo_preto.svg","width":134,"height":39,"caption":"Cerveja Letra"},"image":{"@id":"https:\/\/cervejaletra.pt\/#\/schema\/logo\/image\/"}}]}},"_links":{"self":[{"href":"https:\/\/cervejaletra.pt\/en\/wp-json\/wp\/v2\/product\/17468"}],"collection":[{"href":"https:\/\/cervejaletra.pt\/en\/wp-json\/wp\/v2\/product"}],"about":[{"href":"https:\/\/cervejaletra.pt\/en\/wp-json\/wp\/v2\/types\/product"}],"wp:featuredmedia":[{"embeddable":true,"href":"https:\/\/cervejaletra.pt\/en\/wp-json\/wp\/v2\/media\/17469"}],"wp:attachment":[{"href":"https:\/\/cervejaletra.pt\/en\/wp-json\/wp\/v2\/media?parent=17468"}],"wp:term":[{"taxonomy":"product_cat","embeddable":true,"href":"https:\/\/cervejaletra.pt\/en\/wp-json\/wp\/v2\/product_cat?post=17468"},{"taxonomy":"product_tag","embeddable":true,"href":"https:\/\/cervejaletra.pt\/en\/wp-json\/wp\/v2\/product_tag?post=17468"},{"taxonomy":"giftcard-category","embeddable":true,"href":"https:\/\/cervejaletra.pt\/en\/wp-json\/wp\/v2\/giftcard-category?post=17468"}],"curies":[{"name":"wp","href":"https:\/\/api.w.org\/{rel}","templated":true}]}}