{"id":2467,"date":"2022-01-19T18:14:49","date_gmt":"2022-01-19T18:14:49","guid":{"rendered":"https:\/\/letra22.wearemateria.com\/?post_type=product&#038;p=2467"},"modified":"2026-02-26T11:02:41","modified_gmt":"2026-02-26T11:02:41","slug":"visita-a-fabrica-da-cerveja-letra-e-degustacao-2-pessoas","status":"publish","type":"product","link":"https:\/\/cervejaletra.pt\/en\/product\/visita-a-fabrica-da-cerveja-letra-e-degustacao-2-pessoas\/","title":{"rendered":"Factory tour + tasting (2 people)"},"content":{"rendered":"<p class=\"description-inner-title\"><strong>VISITA \u00c0 F\u00c1BRICA DA CERVEJA LETRA E DEGUSTA\u00c7\u00c3O (2 PESSOAS)<\/strong><\/p>\n<h4 class=\"description-inner-title\">INCLUI<\/h4>\n<div>\n<ul style=\"margin: 0 0 10px 0;\">\n<li style=\"font-size: 18px;\">\n<h4>Guided tour of the Cerveja Letra factory;<\/h4>\n<\/li>\n<li style=\"font-size: 18px;\">\n<h4>1 x T\u00e1buas de degusta\u00e7\u00e3o de 6 Cervejas Letra (10cL cada).<\/h4>\n<\/li>\n<li style=\"font-size: 18px;\">\n<h4>T\u00e1buas de Queijos e enchidos para 2 pessoas.<\/h4>\n<\/li>\n<li style=\"font-size: 18px;\">\n<h4>6 x Cervejas Artesanais Letra 33cL (escolha entre as letras a-f) &#8211; entregues aquando da realiza\u00e7\u00e3o da experi\u00eancia para levar para casa<\/h4>\n<\/li>\n<\/ul>\n<h4><\/h4>\n<h4><strong>V\u00e1lido para 12 pessoas na Letraria Vila Verde. Necess\u00e1rio fazer a reserva.<\/strong><\/h4>\n<h4>*Para reservar enviar e-mail para encomendas@cervejaletra.pt ou telefonar para 927283225<\/h4>\n<h4>*Validade do Voucher: 1 ano<\/h4>\n<p>&nbsp;<\/p>\n<p><strong>Sabe Mais sobre a Cerveja Letra <a href=\"https:\/\/www.jn.pt\/evasoes\/artigo\/letra-harvest-fest-revive-as-tradicoes-da-cerveja-em-vila-verde\/17860148\">Aqu<\/a>i !<\/strong><\/p>\n<p><a href=\"https:\/\/cervejaletra.pt\/en\/loja\/\"><strong>Loja Cerveja Letra AQUI.<\/strong><\/a><\/p>\n<\/div>\n<p>Iniciou num ambiente acad\u00e9mico que surge a FermentUM, spin-off da Universidade do Minho, que em 2013 apresenta no mercado a Letra. Foi por isso, criada com o objetivo de criar em Portugal um maior conhecimento e cultura cervejeira e a marca tem procurado inovar e elevar o valor do produto cerveja em Portugal.<\/p>\n<p>A princ\u00edpio, pode desfrute de uma experi\u00eancia cervejeira completa na f\u00e1brica da Letra! Logo depois, na Letraria Brewpub pode degustar as cervejas da marca, com diferentes petiscos e snacks, e ainda visitar a f\u00e1brica na companhia do cervejeiro e ficar a conhecer tudo acerca das mat\u00e9rias-primas do fabrico e o m\u00e9todo de produ\u00e7\u00e3o artesanal.<\/p>\n<p><strong>Por fim, receber\u00e1 de oferta um pack com 6 cervejas artesanais Letra e um copo.<\/strong><\/p>\n<p>Brinde em boa companhia!<\/p>","protected":false},"excerpt":{"rendered":"<h4 class=\"description-inner-title\">INCLUI:<\/h4>\n<div>\n<ul style=\"margin: 0 0 10px 0;\">\n<li style=\"font-size: 18px;\">Visita guiada \u00e0 f\u00e1brica da Cerveja Letra ;<\/li>\n<li style=\"font-size: 18px;\">1 x T\u00e1buas de degusta\u00e7\u00e3o de 6 Cervejas Letra (10cL cada).<\/li>\n<li style=\"font-size: 18px;\">T\u00e1buas 4 Queijos e 4 enchidos para 2 pessoas.<\/li>\n<li style=\"font-size: 18px;\">6 x Cervejas Artesanais Letra 33cL (escolha entre as letras a-f) &#8211; entregues aquando da realiza\u00e7\u00e3o da experi\u00eancia para levar para casa<\/li>\n<\/ul>\n<h5><strong>V\u00e1lido para 2 pessoas na Letraria Vila Verde.<\/strong><\/h5>\n<h5><strong>A visita tem a dura\u00e7\u00e3o de aproximadamente 45 minutos at\u00e9 1 hora.<\/strong><\/h5>\n<\/div>\n<div>\n<h5><strong>Necess\u00e1rio fazer a reserva com 3 dias de anteced\u00eancia m\u00ednimo.<\/strong><\/h5>\n<ul>\n<li>Para reservar enviar e-mail para: encomendas@cervejaletra.pt ou telefonar para 927283225 , indicando o n\u00ba do voucher, dia e hora pretendido.<\/li>\n<li>Ter aten\u00e7\u00e3o: hor\u00e1rio preferencial de visitas \u00e0 f\u00e1brica entre as 18h00 e as 19h30, sextas, s\u00e1bados e domingos.<\/li>\n<\/ul>\n<h5><strong>Validade do Voucher: 1 ano<\/strong><\/h5>\n<\/div>","protected":false},"featured_media":11792,"template":"","meta":[],"product_cat":[44,72,17],"product_tag":[101],"giftcard-category":[67],"supplier_id":null,"supplier_sku":"","barcode":null,"atum_controlled":true,"out_stock_date":null,"out_stock_threshold":null,"inheritable":false,"inbound_stock":null,"stock_on_hold":9,"sold_today":0,"sales_last_days":1,"reserved_stock":null,"customer_returns":null,"warehouse_damage":null,"lost_in_post":null,"other_logs":null,"out_stock_days":0,"lost_sales":0,"has_location":false,"update_date":"2026-04-21T06:50:25","atum_locations":[],"atum_stock_status":"instock","restock_status":false,"low_stock_amount":"","sales_update_date":"2026-04-21T06:50:25","calc_backorders":null,"yoast_head":"<!-- This site is optimized with the Yoast SEO plugin v19.13 - https:\/\/yoast.com\/wordpress\/plugins\/seo\/ -->\n<title>Visita a F\u00e1brica da Cerveja Letra - Cerveja Artesanal Minhota<\/title>\n<meta name=\"description\" content=\"Visita \u00e0 f\u00e1brica da cerveja Letra e degusta\u00e7\u00e3o de cerveja artesanal acompanhada com uma t\u00e1bua de queijos e enchidos. V\u00e1lido para 2 pessoas mediante reserva.\" \/>\n<meta name=\"robots\" content=\"index, follow, max-snippet:-1, max-image-preview:large, max-video-preview:-1\" \/>\n<link rel=\"canonical\" href=\"https:\/\/cervejaletra.pt\/en\/product\/visita-a-fabrica-da-cerveja-letra-e-degustacao-2-pessoas\/\" \/>\n<meta property=\"og:locale\" content=\"en_GB\" \/>\n<meta property=\"og:type\" content=\"article\" \/>\n<meta property=\"og:title\" content=\"Visita a F\u00e1brica da Cerveja Letra - Cerveja Artesanal Minhota\" \/>\n<meta property=\"og:description\" content=\"Visita \u00e0 f\u00e1brica da cerveja Letra e degusta\u00e7\u00e3o de cerveja artesanal acompanhada com uma t\u00e1bua de queijos e enchidos. V\u00e1lido para 2 pessoas mediante reserva.\" \/>\n<meta property=\"og:url\" content=\"https:\/\/cervejaletra.pt\/en\/product\/visita-a-fabrica-da-cerveja-letra-e-degustacao-2-pessoas\/\" \/>\n<meta property=\"og:site_name\" content=\"Letra\" \/>\n<meta property=\"article:modified_time\" content=\"2026-02-26T11:02:41+00:00\" \/>\n<meta property=\"og:image\" content=\"https:\/\/cervejaletra.pt\/wp-content\/uploads\/2023\/04\/Untitled-3-01.png\" \/>\n\t<meta property=\"og:image:width\" content=\"3205\" \/>\n\t<meta property=\"og:image:height\" content=\"4080\" \/>\n\t<meta property=\"og:image:type\" content=\"image\/png\" \/>\n<meta name=\"twitter:card\" content=\"summary_large_image\" \/>\n<meta name=\"twitter:label1\" content=\"Estimated reading time\" \/>\n\t<meta name=\"twitter:data1\" content=\"2 minutes\" \/>\n<script type=\"application\/ld+json\" class=\"yoast-schema-graph\">{\"@context\":\"https:\/\/schema.org\",\"@graph\":[{\"@type\":\"WebPage\",\"@id\":\"https:\/\/cervejaletra.pt\/produto\/visita-a-fabrica-da-cerveja-letra-e-degustacao-2-pessoas\/\",\"url\":\"https:\/\/cervejaletra.pt\/produto\/visita-a-fabrica-da-cerveja-letra-e-degustacao-2-pessoas\/\",\"name\":\"Visita a F\u00e1brica da Cerveja Letra - Cerveja Artesanal Minhota\",\"isPartOf\":{\"@id\":\"https:\/\/cervejaletra.pt\/#website\"},\"datePublished\":\"2022-01-19T18:14:49+00:00\",\"dateModified\":\"2026-02-26T11:02:41+00:00\",\"description\":\"Visita \u00e0 f\u00e1brica da cerveja Letra e degusta\u00e7\u00e3o de cerveja artesanal acompanhada com uma t\u00e1bua de queijos e enchidos. V\u00e1lido para 2 pessoas mediante reserva.\",\"breadcrumb\":{\"@id\":\"https:\/\/cervejaletra.pt\/produto\/visita-a-fabrica-da-cerveja-letra-e-degustacao-2-pessoas\/#breadcrumb\"},\"inLanguage\":\"en-GB\",\"potentialAction\":[{\"@type\":\"ReadAction\",\"target\":[\"https:\/\/cervejaletra.pt\/produto\/visita-a-fabrica-da-cerveja-letra-e-degustacao-2-pessoas\/\"]}]},{\"@type\":\"BreadcrumbList\",\"@id\":\"https:\/\/cervejaletra.pt\/produto\/visita-a-fabrica-da-cerveja-letra-e-degustacao-2-pessoas\/#breadcrumb\",\"itemListElement\":[{\"@type\":\"ListItem\",\"position\":1,\"name\":\"In\u00edcio\",\"item\":\"https:\/\/cervejaletra.pt\/\"},{\"@type\":\"ListItem\",\"position\":2,\"name\":\"Loja\",\"item\":\"https:\/\/cervejaletra.pt\/loja\/\"},{\"@type\":\"ListItem\",\"position\":3,\"name\":\"VISITA \u00c0 F\u00c1BRICA + DEGUSTA\u00c7\u00c3O (2 pessoas)\"}]},{\"@type\":\"WebSite\",\"@id\":\"https:\/\/cervejaletra.pt\/#website\",\"url\":\"https:\/\/cervejaletra.pt\/\",\"name\":\"Cerveja Letra\",\"description\":\"Cerveja Artesanal Minhota\",\"publisher\":{\"@id\":\"https:\/\/cervejaletra.pt\/#organization\"},\"alternateName\":\"Letra\",\"potentialAction\":[{\"@type\":\"SearchAction\",\"target\":{\"@type\":\"EntryPoint\",\"urlTemplate\":\"https:\/\/cervejaletra.pt\/?s={search_term_string}\"},\"query-input\":\"required name=search_term_string\"}],\"inLanguage\":\"en-GB\"},{\"@type\":\"Organization\",\"@id\":\"https:\/\/cervejaletra.pt\/#organization\",\"name\":\"Cerveja Letra\",\"alternateName\":\"Letra\",\"url\":\"https:\/\/cervejaletra.pt\/\",\"logo\":{\"@type\":\"ImageObject\",\"inLanguage\":\"en-GB\",\"@id\":\"https:\/\/cervejaletra.pt\/#\/schema\/logo\/image\/\",\"url\":\"https:\/\/cervejaletra.pt\/wp-content\/uploads\/2022\/05\/logotipo_preto.svg\",\"contentUrl\":\"https:\/\/cervejaletra.pt\/wp-content\/uploads\/2022\/05\/logotipo_preto.svg\",\"width\":134,\"height\":39,\"caption\":\"Cerveja Letra\"},\"image\":{\"@id\":\"https:\/\/cervejaletra.pt\/#\/schema\/logo\/image\/\"}}]}<\/script>\n<!-- \/ Yoast SEO plugin. -->","yoast_head_json":{"title":"Visita a F\u00e1brica da Cerveja Letra - Cerveja Artesanal Minhota","description":"Visita \u00e0 f\u00e1brica da cerveja Letra e degusta\u00e7\u00e3o de cerveja artesanal acompanhada com uma t\u00e1bua de queijos e enchidos. V\u00e1lido para 2 pessoas mediante reserva.","robots":{"index":"index","follow":"follow","max-snippet":"max-snippet:-1","max-image-preview":"max-image-preview:large","max-video-preview":"max-video-preview:-1"},"canonical":"https:\/\/cervejaletra.pt\/en\/product\/visita-a-fabrica-da-cerveja-letra-e-degustacao-2-pessoas\/","og_locale":"en_GB","og_type":"article","og_title":"Visita a F\u00e1brica da Cerveja Letra - Cerveja Artesanal Minhota","og_description":"Visita \u00e0 f\u00e1brica da cerveja Letra e degusta\u00e7\u00e3o de cerveja artesanal acompanhada com uma t\u00e1bua de queijos e enchidos. V\u00e1lido para 2 pessoas mediante reserva.","og_url":"https:\/\/cervejaletra.pt\/en\/product\/visita-a-fabrica-da-cerveja-letra-e-degustacao-2-pessoas\/","og_site_name":"Letra","article_modified_time":"2026-02-26T11:02:41+00:00","og_image":[{"width":3205,"height":4080,"url":"https:\/\/cervejaletra.pt\/wp-content\/uploads\/2023\/04\/Untitled-3-01.png","type":"image\/png"}],"twitter_card":"summary_large_image","twitter_misc":{"Estimated reading time":"2 minutes"},"schema":{"@context":"https:\/\/schema.org","@graph":[{"@type":"WebPage","@id":"https:\/\/cervejaletra.pt\/produto\/visita-a-fabrica-da-cerveja-letra-e-degustacao-2-pessoas\/","url":"https:\/\/cervejaletra.pt\/produto\/visita-a-fabrica-da-cerveja-letra-e-degustacao-2-pessoas\/","name":"Visita a F\u00e1brica da Cerveja Letra - Cerveja Artesanal Minhota","isPartOf":{"@id":"https:\/\/cervejaletra.pt\/#website"},"datePublished":"2022-01-19T18:14:49+00:00","dateModified":"2026-02-26T11:02:41+00:00","description":"Visita \u00e0 f\u00e1brica da cerveja Letra e degusta\u00e7\u00e3o de cerveja artesanal acompanhada com uma t\u00e1bua de queijos e enchidos. V\u00e1lido para 2 pessoas mediante reserva.","breadcrumb":{"@id":"https:\/\/cervejaletra.pt\/produto\/visita-a-fabrica-da-cerveja-letra-e-degustacao-2-pessoas\/#breadcrumb"},"inLanguage":"en-GB","potentialAction":[{"@type":"ReadAction","target":["https:\/\/cervejaletra.pt\/produto\/visita-a-fabrica-da-cerveja-letra-e-degustacao-2-pessoas\/"]}]},{"@type":"BreadcrumbList","@id":"https:\/\/cervejaletra.pt\/produto\/visita-a-fabrica-da-cerveja-letra-e-degustacao-2-pessoas\/#breadcrumb","itemListElement":[{"@type":"ListItem","position":1,"name":"In\u00edcio","item":"https:\/\/cervejaletra.pt\/"},{"@type":"ListItem","position":2,"name":"Loja","item":"https:\/\/cervejaletra.pt\/loja\/"},{"@type":"ListItem","position":3,"name":"VISITA \u00c0 F\u00c1BRICA + DEGUSTA\u00c7\u00c3O (2 pessoas)"}]},{"@type":"WebSite","@id":"https:\/\/cervejaletra.pt\/#website","url":"https:\/\/cervejaletra.pt\/","name":"Cerveja Letra","description":"Cerveja Artesanal Minhota","publisher":{"@id":"https:\/\/cervejaletra.pt\/#organization"},"alternateName":"Letra","potentialAction":[{"@type":"SearchAction","target":{"@type":"EntryPoint","urlTemplate":"https:\/\/cervejaletra.pt\/?s={search_term_string}"},"query-input":"required name=search_term_string"}],"inLanguage":"en-GB"},{"@type":"Organization","@id":"https:\/\/cervejaletra.pt\/#organization","name":"Cerveja Letra","alternateName":"Letra","url":"https:\/\/cervejaletra.pt\/","logo":{"@type":"ImageObject","inLanguage":"en-GB","@id":"https:\/\/cervejaletra.pt\/#\/schema\/logo\/image\/","url":"https:\/\/cervejaletra.pt\/wp-content\/uploads\/2022\/05\/logotipo_preto.svg","contentUrl":"https:\/\/cervejaletra.pt\/wp-content\/uploads\/2022\/05\/logotipo_preto.svg","width":134,"height":39,"caption":"Cerveja Letra"},"image":{"@id":"https:\/\/cervejaletra.pt\/#\/schema\/logo\/image\/"}}]}},"_links":{"self":[{"href":"https:\/\/cervejaletra.pt\/en\/wp-json\/wp\/v2\/product\/2467"}],"collection":[{"href":"https:\/\/cervejaletra.pt\/en\/wp-json\/wp\/v2\/product"}],"about":[{"href":"https:\/\/cervejaletra.pt\/en\/wp-json\/wp\/v2\/types\/product"}],"wp:featuredmedia":[{"embeddable":true,"href":"https:\/\/cervejaletra.pt\/en\/wp-json\/wp\/v2\/media\/11792"}],"wp:attachment":[{"href":"https:\/\/cervejaletra.pt\/en\/wp-json\/wp\/v2\/media?parent=2467"}],"wp:term":[{"taxonomy":"product_cat","embeddable":true,"href":"https:\/\/cervejaletra.pt\/en\/wp-json\/wp\/v2\/product_cat?post=2467"},{"taxonomy":"product_tag","embeddable":true,"href":"https:\/\/cervejaletra.pt\/en\/wp-json\/wp\/v2\/product_tag?post=2467"},{"taxonomy":"giftcard-category","embeddable":true,"href":"https:\/\/cervejaletra.pt\/en\/wp-json\/wp\/v2\/giftcard-category?post=2467"}],"curies":[{"name":"wp","href":"https:\/\/api.w.org\/{rel}","templated":true}]}}