{"id":39,"date":"2021-05-18T16:47:31","date_gmt":"2021-05-18T15:47:31","guid":{"rendered":"http:\/\/letra22.wearemateria.com\/?post_type=product&#038;p=39"},"modified":"2025-12-10T16:48:37","modified_gmt":"2025-12-10T16:48:37","slug":"pack-de-ouro","status":"publish","type":"product","link":"https:\/\/cervejaletra.pt\/en\/product\/pack-de-ouro\/","title":{"rendered":"Golden Pack"},"content":{"rendered":"<h1><strong>Pack Ouro<\/strong><\/h1>\n<h2 data-start=\"101\" data-end=\"517\">O <strong>Pack Ouro<\/strong> oferece a experi\u00eancia completa da Cerveja Letra. Re\u00fane uma sele\u00e7\u00e3o cuidada de 6 estilos artesanais, criados com mat\u00e9rias-primas de alta qualidade, e inclui o copo oficial que real\u00e7a cada aroma, juntamente com bases para copos exclusivas. Este pack apresenta-se como uma op\u00e7\u00e3o vers\u00e1til e elegante para quem quer descobrir ou aprofundar o mundo da cerveja artesanal portuguesa \u2014 seja para si ou para oferecer.<\/h2>\n<h4 data-start=\"217\" data-end=\"246\"><em><strong>Podes encontrar no Pack Ouro:<\/strong><\/em><\/h4>\n<ul data-start=\"248\" data-end=\"556\">\n<li data-start=\"248\" data-end=\"355\">\n<p data-start=\"250\" data-end=\"355\">2 x Letra C \u2013 vencedoras de 2 Medalhas de Ouro no Barcelona Beer Challenge e distin\u00e7\u00e3o de Melhor no WBA<\/p>\n<\/li>\n<li data-start=\"356\" data-end=\"435\">\n<p data-start=\"358\" data-end=\"435\">2 x Letra D \u2013 vencedoras de 2 Medalhas de Ouro e 1 Medalha de Prata em Lyon<\/p>\n<\/li>\n<li data-start=\"436\" data-end=\"514\">\n<p data-start=\"438\" data-end=\"514\">2 x Letra F \u2013 vencedoras de 1 Medalha de Ouro e 1 Medalha de Prata em Lyon<\/p>\n<\/li>\n<li data-start=\"515\" data-end=\"536\">\n<p data-start=\"517\" data-end=\"536\">1 x Copo p\u00e9 Letra<\/p>\n<\/li>\n<li data-start=\"537\" data-end=\"556\">\n<p data-start=\"539\" data-end=\"556\">3 x Bases Letra<\/p>\n<\/li>\n<\/ul>\n<p data-start=\"558\" data-end=\"658\">Recebes 6 cervejas artesanais de 33cl com pr\u00e9mios internacionais, incluindo v\u00e1rias medalhas de ouro.<\/p>\n<h3 data-start=\"660\" data-end=\"690\"><strong data-start=\"664\" data-end=\"690\">Nota sobre a embalagem<\/strong><\/h3>\n<p data-start=\"691\" data-end=\"931\">Expedimos os packs numa caixa de cart\u00e3o simples, castanha, com o log\u00f3tipo Letra impresso a preto.<br data-start=\"788\" data-end=\"791\" \/>Se pretenderes uma embalagem pr\u00f3pria para oferta, indica essa prefer\u00eancia no momento da encomenda para prepararmos o pack de forma adequada.<\/p>","protected":false},"excerpt":{"rendered":"<h1><strong>Pack Ouro<\/strong><\/h1>\n<h2 data-start=\"101\" data-end=\"517\">O <strong>Pack Ouro<\/strong> oferece a experi\u00eancia completa da Cerveja Letra. Re\u00fane uma sele\u00e7\u00e3o cuidada de 6 estilos artesanais, criados com mat\u00e9rias-primas de alta qualidade, e inclui o copo oficial que real\u00e7a cada aroma, juntamente com bases para copos exclusivas. Este pack apresenta-se como uma op\u00e7\u00e3o vers\u00e1til e elegante para quem quer descobrir ou aprofundar o mundo da cerveja artesanal portuguesa \u2014 seja para si ou para oferecer.<\/h2>\n<p data-start=\"217\" data-end=\"246\">Podes encontrar no Pack Ouro:<\/p>\n<ul data-start=\"248\" data-end=\"556\">\n<li data-start=\"248\" data-end=\"355\">\n<p data-start=\"250\" data-end=\"355\">2 x Letra C \u2013 vencedoras de 2 Medalhas de Ouro no Barcelona Beer Challenge e distin\u00e7\u00e3o de Melhor no WBA<\/p>\n<\/li>\n<li data-start=\"356\" data-end=\"435\">\n<p data-start=\"358\" data-end=\"435\">2 x Letra D \u2013 vencedoras de 2 Medalhas de Ouro e 1 Medalha de Prata em Lyon<\/p>\n<\/li>\n<li data-start=\"436\" data-end=\"514\">\n<p data-start=\"438\" data-end=\"514\">2 x Letra F \u2013 vencedoras de 1 Medalha de Ouro e 1 Medalha de Prata em Lyon<\/p>\n<\/li>\n<li data-start=\"515\" data-end=\"536\">\n<p data-start=\"517\" data-end=\"536\">1 x Copo p\u00e9 Letra<\/p>\n<\/li>\n<li data-start=\"537\" data-end=\"556\">\n<p data-start=\"539\" data-end=\"556\">3 x Bases Letra<\/p>\n<\/li>\n<\/ul>\n<p data-start=\"558\" data-end=\"658\">Recebes 6 cervejas artesanais de 33cl com pr\u00e9mios internacionais, incluindo v\u00e1rias medalhas de ouro.<\/p>\n<h3 data-start=\"660\" data-end=\"690\"><strong data-start=\"664\" data-end=\"690\">Nota sobre a embalagem<\/strong><\/h3>\n<p data-start=\"691\" data-end=\"931\">Expedimos os packs numa caixa de cart\u00e3o simples, castanha, com o log\u00f3tipo Letra impresso a preto.<br data-start=\"788\" data-end=\"791\" \/>Se pretenderes uma embalagem pr\u00f3pria para oferta, indica essa prefer\u00eancia no momento da encomenda para prepararmos o pack de forma adequada.<\/p>","protected":false},"featured_media":4943,"template":"","meta":[],"product_cat":[37,72,17],"product_tag":[],"giftcard-category":[],"supplier_id":null,"supplier_sku":"","barcode":null,"atum_controlled":true,"out_stock_date":null,"out_stock_threshold":null,"inheritable":false,"inbound_stock":0,"stock_on_hold":4,"sold_today":0,"sales_last_days":0,"reserved_stock":0,"customer_returns":0,"warehouse_damage":0,"lost_in_post":0,"other_logs":0,"out_stock_days":0,"lost_sales":0,"has_location":false,"update_date":"2026-04-21T06:50:24","atum_locations":[],"atum_stock_status":"instock","restock_status":false,"low_stock_amount":"","sales_update_date":"2026-04-21T06:50:24","calc_backorders":null,"yoast_head":"<!-- This site is optimized with the Yoast SEO plugin v19.13 - https:\/\/yoast.com\/wordpress\/plugins\/seo\/ -->\n<title>Pack de Ouro - Letra Pack_Ouro - Cerveja Letra<\/title>\n<meta name=\"description\" content=\"O Pack Ouro inclui 6 cervejas artesanais de diferentes estilos, um copo oficial e bases para copos exclusivas. Ideal para degusta\u00e7\u00e3o, oferta ou ...\" \/>\n<meta name=\"robots\" content=\"index, follow, max-snippet:-1, max-image-preview:large, max-video-preview:-1\" \/>\n<link rel=\"canonical\" href=\"https:\/\/cervejaletra.pt\/en\/product\/pack-de-ouro\/\" \/>\n<meta property=\"og:locale\" content=\"en_GB\" \/>\n<meta property=\"og:type\" content=\"article\" \/>\n<meta property=\"og:title\" content=\"Pack de Ouro - Letra Pack_Ouro - Cerveja Letra\" \/>\n<meta property=\"og:description\" content=\"O Pack Ouro inclui 6 cervejas artesanais de diferentes estilos, um copo oficial e bases para copos exclusivas. Ideal para degusta\u00e7\u00e3o, oferta ou ...\" \/>\n<meta property=\"og:url\" content=\"https:\/\/cervejaletra.pt\/en\/product\/pack-de-ouro\/\" \/>\n<meta property=\"og:site_name\" content=\"Letra\" \/>\n<meta property=\"article:modified_time\" content=\"2025-12-10T16:48:37+00:00\" \/>\n<meta property=\"og:image\" content=\"https:\/\/cervejaletra.pt\/wp-content\/uploads\/2021\/05\/Pack_Ouro-e1729251108709.png\" \/>\n\t<meta property=\"og:image:width\" content=\"617\" \/>\n\t<meta property=\"og:image:height\" content=\"527\" \/>\n\t<meta property=\"og:image:type\" content=\"image\/png\" \/>\n<meta name=\"twitter:card\" content=\"summary_large_image\" \/>\n<meta name=\"twitter:label1\" content=\"Estimated reading time\" \/>\n\t<meta name=\"twitter:data1\" content=\"2 minutes\" \/>\n<script type=\"application\/ld+json\" class=\"yoast-schema-graph\">{\"@context\":\"https:\/\/schema.org\",\"@graph\":[{\"@type\":\"WebPage\",\"@id\":\"https:\/\/cervejaletra.pt\/produto\/pack-de-ouro\/\",\"url\":\"https:\/\/cervejaletra.pt\/produto\/pack-de-ouro\/\",\"name\":\"Pack de Ouro - Letra Pack_Ouro - Cerveja Letra\",\"isPartOf\":{\"@id\":\"https:\/\/cervejaletra.pt\/#website\"},\"datePublished\":\"2021-05-18T15:47:31+00:00\",\"dateModified\":\"2025-12-10T16:48:37+00:00\",\"description\":\"O Pack Ouro inclui 6 cervejas artesanais de diferentes estilos, um copo oficial e bases para copos exclusivas. Ideal para degusta\u00e7\u00e3o, oferta ou ...\",\"breadcrumb\":{\"@id\":\"https:\/\/cervejaletra.pt\/produto\/pack-de-ouro\/#breadcrumb\"},\"inLanguage\":\"en-GB\",\"potentialAction\":[{\"@type\":\"ReadAction\",\"target\":[\"https:\/\/cervejaletra.pt\/produto\/pack-de-ouro\/\"]}]},{\"@type\":\"BreadcrumbList\",\"@id\":\"https:\/\/cervejaletra.pt\/produto\/pack-de-ouro\/#breadcrumb\",\"itemListElement\":[{\"@type\":\"ListItem\",\"position\":1,\"name\":\"In\u00edcio\",\"item\":\"https:\/\/cervejaletra.pt\/\"},{\"@type\":\"ListItem\",\"position\":2,\"name\":\"Loja\",\"item\":\"https:\/\/cervejaletra.pt\/loja\/\"},{\"@type\":\"ListItem\",\"position\":3,\"name\":\"Pack de Ouro\"}]},{\"@type\":\"WebSite\",\"@id\":\"https:\/\/cervejaletra.pt\/#website\",\"url\":\"https:\/\/cervejaletra.pt\/\",\"name\":\"Cerveja Letra\",\"description\":\"Cerveja Artesanal Minhota\",\"publisher\":{\"@id\":\"https:\/\/cervejaletra.pt\/#organization\"},\"alternateName\":\"Letra\",\"potentialAction\":[{\"@type\":\"SearchAction\",\"target\":{\"@type\":\"EntryPoint\",\"urlTemplate\":\"https:\/\/cervejaletra.pt\/?s={search_term_string}\"},\"query-input\":\"required name=search_term_string\"}],\"inLanguage\":\"en-GB\"},{\"@type\":\"Organization\",\"@id\":\"https:\/\/cervejaletra.pt\/#organization\",\"name\":\"Cerveja Letra\",\"alternateName\":\"Letra\",\"url\":\"https:\/\/cervejaletra.pt\/\",\"logo\":{\"@type\":\"ImageObject\",\"inLanguage\":\"en-GB\",\"@id\":\"https:\/\/cervejaletra.pt\/#\/schema\/logo\/image\/\",\"url\":\"https:\/\/cervejaletra.pt\/wp-content\/uploads\/2022\/05\/logotipo_preto.svg\",\"contentUrl\":\"https:\/\/cervejaletra.pt\/wp-content\/uploads\/2022\/05\/logotipo_preto.svg\",\"width\":134,\"height\":39,\"caption\":\"Cerveja Letra\"},\"image\":{\"@id\":\"https:\/\/cervejaletra.pt\/#\/schema\/logo\/image\/\"}}]}<\/script>\n<!-- \/ Yoast SEO plugin. -->","yoast_head_json":{"title":"Pack de Ouro - Letra Pack_Ouro - Cerveja Letra","description":"O Pack Ouro inclui 6 cervejas artesanais de diferentes estilos, um copo oficial e bases para copos exclusivas. Ideal para degusta\u00e7\u00e3o, oferta ou ...","robots":{"index":"index","follow":"follow","max-snippet":"max-snippet:-1","max-image-preview":"max-image-preview:large","max-video-preview":"max-video-preview:-1"},"canonical":"https:\/\/cervejaletra.pt\/en\/product\/pack-de-ouro\/","og_locale":"en_GB","og_type":"article","og_title":"Pack de Ouro - Letra Pack_Ouro - Cerveja Letra","og_description":"O Pack Ouro inclui 6 cervejas artesanais de diferentes estilos, um copo oficial e bases para copos exclusivas. Ideal para degusta\u00e7\u00e3o, oferta ou ...","og_url":"https:\/\/cervejaletra.pt\/en\/product\/pack-de-ouro\/","og_site_name":"Letra","article_modified_time":"2025-12-10T16:48:37+00:00","og_image":[{"width":617,"height":527,"url":"https:\/\/cervejaletra.pt\/wp-content\/uploads\/2021\/05\/Pack_Ouro-e1729251108709.png","type":"image\/png"}],"twitter_card":"summary_large_image","twitter_misc":{"Estimated reading time":"2 minutes"},"schema":{"@context":"https:\/\/schema.org","@graph":[{"@type":"WebPage","@id":"https:\/\/cervejaletra.pt\/produto\/pack-de-ouro\/","url":"https:\/\/cervejaletra.pt\/produto\/pack-de-ouro\/","name":"Pack de Ouro - Letra Pack_Ouro - Cerveja Letra","isPartOf":{"@id":"https:\/\/cervejaletra.pt\/#website"},"datePublished":"2021-05-18T15:47:31+00:00","dateModified":"2025-12-10T16:48:37+00:00","description":"O Pack Ouro inclui 6 cervejas artesanais de diferentes estilos, um copo oficial e bases para copos exclusivas. Ideal para degusta\u00e7\u00e3o, oferta ou ...","breadcrumb":{"@id":"https:\/\/cervejaletra.pt\/produto\/pack-de-ouro\/#breadcrumb"},"inLanguage":"en-GB","potentialAction":[{"@type":"ReadAction","target":["https:\/\/cervejaletra.pt\/produto\/pack-de-ouro\/"]}]},{"@type":"BreadcrumbList","@id":"https:\/\/cervejaletra.pt\/produto\/pack-de-ouro\/#breadcrumb","itemListElement":[{"@type":"ListItem","position":1,"name":"In\u00edcio","item":"https:\/\/cervejaletra.pt\/"},{"@type":"ListItem","position":2,"name":"Loja","item":"https:\/\/cervejaletra.pt\/loja\/"},{"@type":"ListItem","position":3,"name":"Pack de Ouro"}]},{"@type":"WebSite","@id":"https:\/\/cervejaletra.pt\/#website","url":"https:\/\/cervejaletra.pt\/","name":"Cerveja Letra","description":"Cerveja Artesanal Minhota","publisher":{"@id":"https:\/\/cervejaletra.pt\/#organization"},"alternateName":"Letra","potentialAction":[{"@type":"SearchAction","target":{"@type":"EntryPoint","urlTemplate":"https:\/\/cervejaletra.pt\/?s={search_term_string}"},"query-input":"required name=search_term_string"}],"inLanguage":"en-GB"},{"@type":"Organization","@id":"https:\/\/cervejaletra.pt\/#organization","name":"Cerveja Letra","alternateName":"Letra","url":"https:\/\/cervejaletra.pt\/","logo":{"@type":"ImageObject","inLanguage":"en-GB","@id":"https:\/\/cervejaletra.pt\/#\/schema\/logo\/image\/","url":"https:\/\/cervejaletra.pt\/wp-content\/uploads\/2022\/05\/logotipo_preto.svg","contentUrl":"https:\/\/cervejaletra.pt\/wp-content\/uploads\/2022\/05\/logotipo_preto.svg","width":134,"height":39,"caption":"Cerveja Letra"},"image":{"@id":"https:\/\/cervejaletra.pt\/#\/schema\/logo\/image\/"}}]}},"_links":{"self":[{"href":"https:\/\/cervejaletra.pt\/en\/wp-json\/wp\/v2\/product\/39"}],"collection":[{"href":"https:\/\/cervejaletra.pt\/en\/wp-json\/wp\/v2\/product"}],"about":[{"href":"https:\/\/cervejaletra.pt\/en\/wp-json\/wp\/v2\/types\/product"}],"wp:featuredmedia":[{"embeddable":true,"href":"https:\/\/cervejaletra.pt\/en\/wp-json\/wp\/v2\/media\/4943"}],"wp:attachment":[{"href":"https:\/\/cervejaletra.pt\/en\/wp-json\/wp\/v2\/media?parent=39"}],"wp:term":[{"taxonomy":"product_cat","embeddable":true,"href":"https:\/\/cervejaletra.pt\/en\/wp-json\/wp\/v2\/product_cat?post=39"},{"taxonomy":"product_tag","embeddable":true,"href":"https:\/\/cervejaletra.pt\/en\/wp-json\/wp\/v2\/product_tag?post=39"},{"taxonomy":"giftcard-category","embeddable":true,"href":"https:\/\/cervejaletra.pt\/en\/wp-json\/wp\/v2\/giftcard-category?post=39"}],"curies":[{"name":"wp","href":"https:\/\/api.w.org\/{rel}","templated":true}]}}