{"id":43,"date":"2021-05-18T16:47:31","date_gmt":"2021-05-18T15:47:31","guid":{"rendered":"http:\/\/letra22.wearemateria.com\/?post_type=product&#038;p=43"},"modified":"2026-04-02T12:13:36","modified_gmt":"2026-04-02T11:13:36","slug":"letra-b","status":"publish","type":"product","link":"https:\/\/cervejaletra.pt\/en\/product\/letra-b\/","title":{"rendered":"Letra B"},"content":{"rendered":"<h1>Letra B<\/h1>\n<p>A Letra B \u00e9 uma Lager de cor dourada e paladar que transita do doce ao amargo. O l\u00fapulo Saaz, da regi\u00e3o de Bo\u00e9mia (Rep. Checa), confere-lhe uma frescura aroma \u00fanico.<\/p>\n<p>Ingredientes: \u00e1gua, malte de CEVADA, l\u00fapulo e levedura. Conservar na vertical, em local seco e fresco.<\/p>\n<p>Pre\u00e7o por litro: 6,81\u20ac\/L<\/p>","protected":false},"excerpt":{"rendered":"<h2>Bohemian Pilsner<\/h2>\n<p>5% (alc) | 35 IBU | 7 EBC | 6\u00baC Ideal | 33cl<\/p>\n<p><a style=\"color: black; font-family: 'HWT'; font-weight: 500; text-align: center; border: 1px solid black; border-radius: 5px; background: #356976; line-height: 2; padding-left: 25px; padding-right: 25px; margin-left: 0px; font-size: 26px; margin-bottom: 50px; transition: 0.3s;\" href=\"https:\/\/www.youtube.com\/watch?v=NJipSXSZTuY&amp;list=PLv8lfwLDngIibThfbOKcj-PppKG8IydRW&amp;index=2\" target=\"_blank\" rel=\"noopener\">SEE COMMENTATED TEST<\/a><\/p>","protected":false},"featured_media":15807,"template":"","meta":[],"product_cat":[18],"product_tag":[51],"giftcard-category":[],"supplier_id":null,"supplier_sku":"","barcode":null,"atum_controlled":true,"out_stock_date":null,"out_stock_threshold":null,"inheritable":false,"inbound_stock":0,"stock_on_hold":47,"sold_today":0,"sales_last_days":0,"reserved_stock":0,"customer_returns":0,"warehouse_damage":0,"lost_in_post":0,"other_logs":0,"out_stock_days":0,"lost_sales":0,"has_location":false,"update_date":"2026-04-21T06:50:24","atum_locations":[],"atum_stock_status":"instock","restock_status":false,"low_stock_amount":"","sales_update_date":"2026-04-21T06:50:24","calc_backorders":null,"yoast_head":"<!-- This site is optimized with the Yoast SEO plugin v19.13 - https:\/\/yoast.com\/wordpress\/plugins\/seo\/ -->\n<title>Letra B - Letra<\/title>\n<meta name=\"description\" content=\"A Letra B \u00e9 uma Lager de cor dourada e paladar que transita do doce ao amargo. O l\u00fapulo Saaz, da regi\u00e3o de Bo\u00e9mia (Rep. Checa), confere-lhe uma ...\" \/>\n<meta name=\"robots\" content=\"index, follow, max-snippet:-1, max-image-preview:large, max-video-preview:-1\" \/>\n<link rel=\"canonical\" href=\"https:\/\/cervejaletra.pt\/en\/product\/letra-b\/\" \/>\n<meta property=\"og:locale\" content=\"en_GB\" \/>\n<meta property=\"og:type\" content=\"article\" \/>\n<meta property=\"og:title\" content=\"Letra B - Letra\" \/>\n<meta property=\"og:description\" content=\"A Letra B \u00e9 uma Lager de cor dourada e paladar que transita do doce ao amargo. O l\u00fapulo Saaz, da regi\u00e3o de Bo\u00e9mia (Rep. Checa), confere-lhe uma ...\" \/>\n<meta property=\"og:url\" content=\"https:\/\/cervejaletra.pt\/en\/product\/letra-b\/\" \/>\n<meta property=\"og:site_name\" content=\"Letra\" \/>\n<meta property=\"article:modified_time\" content=\"2026-04-02T11:13:36+00:00\" \/>\n<meta property=\"og:image\" content=\"https:\/\/cervejaletra.pt\/wp-content\/uploads\/2021\/05\/LETRA-B-SITE.png\" \/>\n\t<meta property=\"og:image:width\" content=\"800\" \/>\n\t<meta property=\"og:image:height\" content=\"1020\" \/>\n\t<meta property=\"og:image:type\" content=\"image\/png\" \/>\n<meta name=\"twitter:card\" content=\"summary_large_image\" \/>\n<meta name=\"twitter:label1\" content=\"Estimated reading time\" \/>\n\t<meta name=\"twitter:data1\" content=\"1 minute\" \/>\n<script type=\"application\/ld+json\" class=\"yoast-schema-graph\">{\"@context\":\"https:\/\/schema.org\",\"@graph\":[{\"@type\":\"WebPage\",\"@id\":\"https:\/\/cervejaletra.pt\/produto\/letra-b\/\",\"url\":\"https:\/\/cervejaletra.pt\/produto\/letra-b\/\",\"name\":\"Letra B - Letra\",\"isPartOf\":{\"@id\":\"https:\/\/cervejaletra.pt\/#website\"},\"datePublished\":\"2021-05-18T15:47:31+00:00\",\"dateModified\":\"2026-04-02T11:13:36+00:00\",\"description\":\"A Letra B \u00e9 uma Lager de cor dourada e paladar que transita do doce ao amargo. O l\u00fapulo Saaz, da regi\u00e3o de Bo\u00e9mia (Rep. Checa), confere-lhe uma ...\",\"breadcrumb\":{\"@id\":\"https:\/\/cervejaletra.pt\/produto\/letra-b\/#breadcrumb\"},\"inLanguage\":\"en-GB\",\"potentialAction\":[{\"@type\":\"ReadAction\",\"target\":[\"https:\/\/cervejaletra.pt\/produto\/letra-b\/\"]}]},{\"@type\":\"BreadcrumbList\",\"@id\":\"https:\/\/cervejaletra.pt\/produto\/letra-b\/#breadcrumb\",\"itemListElement\":[{\"@type\":\"ListItem\",\"position\":1,\"name\":\"In\u00edcio\",\"item\":\"https:\/\/cervejaletra.pt\/\"},{\"@type\":\"ListItem\",\"position\":2,\"name\":\"Loja\",\"item\":\"https:\/\/cervejaletra.pt\/loja\/\"},{\"@type\":\"ListItem\",\"position\":3,\"name\":\"Letra B\"}]},{\"@type\":\"WebSite\",\"@id\":\"https:\/\/cervejaletra.pt\/#website\",\"url\":\"https:\/\/cervejaletra.pt\/\",\"name\":\"Cerveja Letra\",\"description\":\"Cerveja Artesanal Minhota\",\"publisher\":{\"@id\":\"https:\/\/cervejaletra.pt\/#organization\"},\"alternateName\":\"Letra\",\"potentialAction\":[{\"@type\":\"SearchAction\",\"target\":{\"@type\":\"EntryPoint\",\"urlTemplate\":\"https:\/\/cervejaletra.pt\/?s={search_term_string}\"},\"query-input\":\"required name=search_term_string\"}],\"inLanguage\":\"en-GB\"},{\"@type\":\"Organization\",\"@id\":\"https:\/\/cervejaletra.pt\/#organization\",\"name\":\"Cerveja Letra\",\"alternateName\":\"Letra\",\"url\":\"https:\/\/cervejaletra.pt\/\",\"logo\":{\"@type\":\"ImageObject\",\"inLanguage\":\"en-GB\",\"@id\":\"https:\/\/cervejaletra.pt\/#\/schema\/logo\/image\/\",\"url\":\"https:\/\/cervejaletra.pt\/wp-content\/uploads\/2022\/05\/logotipo_preto.svg\",\"contentUrl\":\"https:\/\/cervejaletra.pt\/wp-content\/uploads\/2022\/05\/logotipo_preto.svg\",\"width\":134,\"height\":39,\"caption\":\"Cerveja Letra\"},\"image\":{\"@id\":\"https:\/\/cervejaletra.pt\/#\/schema\/logo\/image\/\"}}]}<\/script>\n<!-- \/ Yoast SEO plugin. -->","yoast_head_json":{"title":"Letra B - Letra","description":"A Letra B \u00e9 uma Lager de cor dourada e paladar que transita do doce ao amargo. O l\u00fapulo Saaz, da regi\u00e3o de Bo\u00e9mia (Rep. Checa), confere-lhe uma ...","robots":{"index":"index","follow":"follow","max-snippet":"max-snippet:-1","max-image-preview":"max-image-preview:large","max-video-preview":"max-video-preview:-1"},"canonical":"https:\/\/cervejaletra.pt\/en\/product\/letra-b\/","og_locale":"en_GB","og_type":"article","og_title":"Letra B - Letra","og_description":"A Letra B \u00e9 uma Lager de cor dourada e paladar que transita do doce ao amargo. O l\u00fapulo Saaz, da regi\u00e3o de Bo\u00e9mia (Rep. Checa), confere-lhe uma ...","og_url":"https:\/\/cervejaletra.pt\/en\/product\/letra-b\/","og_site_name":"Letra","article_modified_time":"2026-04-02T11:13:36+00:00","og_image":[{"width":800,"height":1020,"url":"https:\/\/cervejaletra.pt\/wp-content\/uploads\/2021\/05\/LETRA-B-SITE.png","type":"image\/png"}],"twitter_card":"summary_large_image","twitter_misc":{"Estimated reading time":"1 minute"},"schema":{"@context":"https:\/\/schema.org","@graph":[{"@type":"WebPage","@id":"https:\/\/cervejaletra.pt\/produto\/letra-b\/","url":"https:\/\/cervejaletra.pt\/produto\/letra-b\/","name":"Letra B - Letra","isPartOf":{"@id":"https:\/\/cervejaletra.pt\/#website"},"datePublished":"2021-05-18T15:47:31+00:00","dateModified":"2026-04-02T11:13:36+00:00","description":"A Letra B \u00e9 uma Lager de cor dourada e paladar que transita do doce ao amargo. O l\u00fapulo Saaz, da regi\u00e3o de Bo\u00e9mia (Rep. Checa), confere-lhe uma ...","breadcrumb":{"@id":"https:\/\/cervejaletra.pt\/produto\/letra-b\/#breadcrumb"},"inLanguage":"en-GB","potentialAction":[{"@type":"ReadAction","target":["https:\/\/cervejaletra.pt\/produto\/letra-b\/"]}]},{"@type":"BreadcrumbList","@id":"https:\/\/cervejaletra.pt\/produto\/letra-b\/#breadcrumb","itemListElement":[{"@type":"ListItem","position":1,"name":"In\u00edcio","item":"https:\/\/cervejaletra.pt\/"},{"@type":"ListItem","position":2,"name":"Loja","item":"https:\/\/cervejaletra.pt\/loja\/"},{"@type":"ListItem","position":3,"name":"Letra B"}]},{"@type":"WebSite","@id":"https:\/\/cervejaletra.pt\/#website","url":"https:\/\/cervejaletra.pt\/","name":"Cerveja Letra","description":"Cerveja Artesanal Minhota","publisher":{"@id":"https:\/\/cervejaletra.pt\/#organization"},"alternateName":"Letra","potentialAction":[{"@type":"SearchAction","target":{"@type":"EntryPoint","urlTemplate":"https:\/\/cervejaletra.pt\/?s={search_term_string}"},"query-input":"required name=search_term_string"}],"inLanguage":"en-GB"},{"@type":"Organization","@id":"https:\/\/cervejaletra.pt\/#organization","name":"Cerveja Letra","alternateName":"Letra","url":"https:\/\/cervejaletra.pt\/","logo":{"@type":"ImageObject","inLanguage":"en-GB","@id":"https:\/\/cervejaletra.pt\/#\/schema\/logo\/image\/","url":"https:\/\/cervejaletra.pt\/wp-content\/uploads\/2022\/05\/logotipo_preto.svg","contentUrl":"https:\/\/cervejaletra.pt\/wp-content\/uploads\/2022\/05\/logotipo_preto.svg","width":134,"height":39,"caption":"Cerveja Letra"},"image":{"@id":"https:\/\/cervejaletra.pt\/#\/schema\/logo\/image\/"}}]}},"_links":{"self":[{"href":"https:\/\/cervejaletra.pt\/en\/wp-json\/wp\/v2\/product\/43"}],"collection":[{"href":"https:\/\/cervejaletra.pt\/en\/wp-json\/wp\/v2\/product"}],"about":[{"href":"https:\/\/cervejaletra.pt\/en\/wp-json\/wp\/v2\/types\/product"}],"wp:featuredmedia":[{"embeddable":true,"href":"https:\/\/cervejaletra.pt\/en\/wp-json\/wp\/v2\/media\/15807"}],"wp:attachment":[{"href":"https:\/\/cervejaletra.pt\/en\/wp-json\/wp\/v2\/media?parent=43"}],"wp:term":[{"taxonomy":"product_cat","embeddable":true,"href":"https:\/\/cervejaletra.pt\/en\/wp-json\/wp\/v2\/product_cat?post=43"},{"taxonomy":"product_tag","embeddable":true,"href":"https:\/\/cervejaletra.pt\/en\/wp-json\/wp\/v2\/product_tag?post=43"},{"taxonomy":"giftcard-category","embeddable":true,"href":"https:\/\/cervejaletra.pt\/en\/wp-json\/wp\/v2\/giftcard-category?post=43"}],"curies":[{"name":"wp","href":"https:\/\/api.w.org\/{rel}","templated":true}]}}