{"id":50,"date":"2023-03-28T12:00:31","date_gmt":"2023-03-28T11:00:31","guid":{"rendered":"http:\/\/letra22.wearemateria.com\/?post_type=product&#038;p=50"},"modified":"2025-10-28T11:59:48","modified_gmt":"2025-10-28T11:59:48","slug":"rebendita","status":"publish","type":"product","link":"https:\/\/cervejaletra.pt\/en\/product\/rebendita\/","title":{"rendered":"Rebendita"},"content":{"rendered":"<h1>Rebendita<\/h1>\n<p>Rebendita \u00e9 um MilkShake Passion IPA, com notas adocicadas a malte e da adi\u00e7\u00e3o de lactose, tamb\u00e9m adicionamos muito maracuj\u00e1 vindo diretamente da Madeira. Os l\u00fapulos americanos Mosaic e Citra, adicionados em Dry Hopping, apresentam um aroma poderoso e um amargor equilibrado.<\/p>\n<p>Ingredientes: \u00c1gua, malte, l\u00fapulo, levedura, AVEIA, TRIGO, maracuj\u00e1 madeirense. Cont\u00e9m Gluten.<\/p>\n<p>Pre\u00e7o por litro: 10,66\u20ac\/L<\/p>","protected":false},"excerpt":{"rendered":"<h2>MilkShake Passion IPA<\/h2>\n<p>6% (alc) | 14,1 IBU | 10,6 EBC | 8\u00baC Ideal | 33cl<\/p>\n<p><a style=\"color: black; font-family: 'HWT'; font-weight: 500; text-align: center; border: 1px solid black; border-radius: 5px; background: #356976; line-height: 2; padding-left: 25px; padding-right: 25px; margin-left: 0px; font-size: 26px; margin-bottom: 50px; transition: 0.3s;\" href=\"https:\/\/www.youtube.com\/watch?v=az2JeBGDKhs&amp;list=PLv8lfwLDngIibThfbOKcj-PppKG8IydRW&amp;index=9\" target=\"_blank\" rel=\"noopener\">SEE COMMENTATED TEST<\/a><\/p>","protected":false},"featured_media":16538,"template":"","meta":[],"product_cat":[20],"product_tag":[52],"giftcard-category":[],"supplier_id":null,"supplier_sku":"","barcode":null,"atum_controlled":true,"out_stock_date":"2025-10-28 11:59:48","out_stock_threshold":null,"inheritable":false,"inbound_stock":0,"stock_on_hold":35,"sold_today":0,"sales_last_days":0,"reserved_stock":0,"customer_returns":0,"warehouse_damage":0,"lost_in_post":0,"other_logs":0,"out_stock_days":174,"lost_sales":0,"has_location":false,"update_date":"2026-04-21T06:50:22","atum_locations":[],"atum_stock_status":"outofstock","restock_status":false,"low_stock_amount":"","sales_update_date":"2026-04-21T06:50:22","calc_backorders":null,"yoast_head":"<!-- This site is optimized with the Yoast SEO plugin v19.13 - https:\/\/yoast.com\/wordpress\/plugins\/seo\/ -->\n<title>Rebendita - Letra<\/title>\n<meta name=\"description\" content=\"Rebendita \u00e9 um MilkShake Passion IPA, com notas adocicadas a malte e da adi\u00e7\u00e3o de lactose, tamb\u00e9m adicionamos muito maracuj\u00e1 vindo diretamente da Madeira e.\" \/>\n<meta name=\"robots\" content=\"index, follow, max-snippet:-1, max-image-preview:large, max-video-preview:-1\" \/>\n<link rel=\"canonical\" href=\"https:\/\/cervejaletra.pt\/en\/product\/rebendita\/\" \/>\n<meta property=\"og:locale\" content=\"en_GB\" \/>\n<meta property=\"og:type\" content=\"article\" \/>\n<meta property=\"og:title\" content=\"Rebendita - Letra\" \/>\n<meta property=\"og:description\" content=\"Rebendita \u00e9 um MilkShake Passion IPA, com notas adocicadas a malte e da adi\u00e7\u00e3o de lactose, tamb\u00e9m adicionamos muito maracuj\u00e1 vindo diretamente da Madeira e.\" \/>\n<meta property=\"og:url\" content=\"https:\/\/cervejaletra.pt\/en\/product\/rebendita\/\" \/>\n<meta property=\"og:site_name\" content=\"Letra\" \/>\n<meta property=\"article:modified_time\" content=\"2025-10-28T11:59:48+00:00\" \/>\n<meta property=\"og:image\" content=\"https:\/\/cervejaletra.pt\/wp-content\/uploads\/2023\/03\/Rebendita-2025-madeira.png\" \/>\n\t<meta property=\"og:image:width\" content=\"6649\" \/>\n\t<meta property=\"og:image:height\" content=\"8138\" \/>\n\t<meta property=\"og:image:type\" content=\"image\/png\" \/>\n<meta name=\"twitter:card\" content=\"summary_large_image\" \/>\n<meta name=\"twitter:label1\" content=\"Estimated reading time\" \/>\n\t<meta name=\"twitter:data1\" content=\"1 minute\" \/>\n<script type=\"application\/ld+json\" class=\"yoast-schema-graph\">{\"@context\":\"https:\/\/schema.org\",\"@graph\":[{\"@type\":\"WebPage\",\"@id\":\"https:\/\/cervejaletra.pt\/produto\/rebendita\/\",\"url\":\"https:\/\/cervejaletra.pt\/produto\/rebendita\/\",\"name\":\"Rebendita - Letra\",\"isPartOf\":{\"@id\":\"https:\/\/cervejaletra.pt\/#website\"},\"datePublished\":\"2023-03-28T11:00:31+00:00\",\"dateModified\":\"2025-10-28T11:59:48+00:00\",\"description\":\"Rebendita \u00e9 um MilkShake Passion IPA, com notas adocicadas a malte e da adi\u00e7\u00e3o de lactose, tamb\u00e9m adicionamos muito maracuj\u00e1 vindo diretamente da Madeira e.\",\"breadcrumb\":{\"@id\":\"https:\/\/cervejaletra.pt\/produto\/rebendita\/#breadcrumb\"},\"inLanguage\":\"en-GB\",\"potentialAction\":[{\"@type\":\"ReadAction\",\"target\":[\"https:\/\/cervejaletra.pt\/produto\/rebendita\/\"]}]},{\"@type\":\"BreadcrumbList\",\"@id\":\"https:\/\/cervejaletra.pt\/produto\/rebendita\/#breadcrumb\",\"itemListElement\":[{\"@type\":\"ListItem\",\"position\":1,\"name\":\"In\u00edcio\",\"item\":\"https:\/\/cervejaletra.pt\/\"},{\"@type\":\"ListItem\",\"position\":2,\"name\":\"Loja\",\"item\":\"https:\/\/cervejaletra.pt\/loja\/\"},{\"@type\":\"ListItem\",\"position\":3,\"name\":\"Rebendita\"}]},{\"@type\":\"WebSite\",\"@id\":\"https:\/\/cervejaletra.pt\/#website\",\"url\":\"https:\/\/cervejaletra.pt\/\",\"name\":\"Cerveja Letra\",\"description\":\"Cerveja Artesanal Minhota\",\"publisher\":{\"@id\":\"https:\/\/cervejaletra.pt\/#organization\"},\"alternateName\":\"Letra\",\"potentialAction\":[{\"@type\":\"SearchAction\",\"target\":{\"@type\":\"EntryPoint\",\"urlTemplate\":\"https:\/\/cervejaletra.pt\/?s={search_term_string}\"},\"query-input\":\"required name=search_term_string\"}],\"inLanguage\":\"en-GB\"},{\"@type\":\"Organization\",\"@id\":\"https:\/\/cervejaletra.pt\/#organization\",\"name\":\"Cerveja Letra\",\"alternateName\":\"Letra\",\"url\":\"https:\/\/cervejaletra.pt\/\",\"logo\":{\"@type\":\"ImageObject\",\"inLanguage\":\"en-GB\",\"@id\":\"https:\/\/cervejaletra.pt\/#\/schema\/logo\/image\/\",\"url\":\"https:\/\/cervejaletra.pt\/wp-content\/uploads\/2022\/05\/logotipo_preto.svg\",\"contentUrl\":\"https:\/\/cervejaletra.pt\/wp-content\/uploads\/2022\/05\/logotipo_preto.svg\",\"width\":134,\"height\":39,\"caption\":\"Cerveja Letra\"},\"image\":{\"@id\":\"https:\/\/cervejaletra.pt\/#\/schema\/logo\/image\/\"}}]}<\/script>\n<!-- \/ Yoast SEO plugin. -->","yoast_head_json":{"title":"Rebendita - Letra","description":"Rebendita \u00e9 um MilkShake Passion IPA, com notas adocicadas a malte e da adi\u00e7\u00e3o de lactose, tamb\u00e9m adicionamos muito maracuj\u00e1 vindo diretamente da Madeira e.","robots":{"index":"index","follow":"follow","max-snippet":"max-snippet:-1","max-image-preview":"max-image-preview:large","max-video-preview":"max-video-preview:-1"},"canonical":"https:\/\/cervejaletra.pt\/en\/product\/rebendita\/","og_locale":"en_GB","og_type":"article","og_title":"Rebendita - Letra","og_description":"Rebendita \u00e9 um MilkShake Passion IPA, com notas adocicadas a malte e da adi\u00e7\u00e3o de lactose, tamb\u00e9m adicionamos muito maracuj\u00e1 vindo diretamente da Madeira e.","og_url":"https:\/\/cervejaletra.pt\/en\/product\/rebendita\/","og_site_name":"Letra","article_modified_time":"2025-10-28T11:59:48+00:00","og_image":[{"width":6649,"height":8138,"url":"https:\/\/cervejaletra.pt\/wp-content\/uploads\/2023\/03\/Rebendita-2025-madeira.png","type":"image\/png"}],"twitter_card":"summary_large_image","twitter_misc":{"Estimated reading time":"1 minute"},"schema":{"@context":"https:\/\/schema.org","@graph":[{"@type":"WebPage","@id":"https:\/\/cervejaletra.pt\/produto\/rebendita\/","url":"https:\/\/cervejaletra.pt\/produto\/rebendita\/","name":"Rebendita - Letra","isPartOf":{"@id":"https:\/\/cervejaletra.pt\/#website"},"datePublished":"2023-03-28T11:00:31+00:00","dateModified":"2025-10-28T11:59:48+00:00","description":"Rebendita \u00e9 um MilkShake Passion IPA, com notas adocicadas a malte e da adi\u00e7\u00e3o de lactose, tamb\u00e9m adicionamos muito maracuj\u00e1 vindo diretamente da Madeira e.","breadcrumb":{"@id":"https:\/\/cervejaletra.pt\/produto\/rebendita\/#breadcrumb"},"inLanguage":"en-GB","potentialAction":[{"@type":"ReadAction","target":["https:\/\/cervejaletra.pt\/produto\/rebendita\/"]}]},{"@type":"BreadcrumbList","@id":"https:\/\/cervejaletra.pt\/produto\/rebendita\/#breadcrumb","itemListElement":[{"@type":"ListItem","position":1,"name":"In\u00edcio","item":"https:\/\/cervejaletra.pt\/"},{"@type":"ListItem","position":2,"name":"Loja","item":"https:\/\/cervejaletra.pt\/loja\/"},{"@type":"ListItem","position":3,"name":"Rebendita"}]},{"@type":"WebSite","@id":"https:\/\/cervejaletra.pt\/#website","url":"https:\/\/cervejaletra.pt\/","name":"Cerveja Letra","description":"Cerveja Artesanal Minhota","publisher":{"@id":"https:\/\/cervejaletra.pt\/#organization"},"alternateName":"Letra","potentialAction":[{"@type":"SearchAction","target":{"@type":"EntryPoint","urlTemplate":"https:\/\/cervejaletra.pt\/?s={search_term_string}"},"query-input":"required name=search_term_string"}],"inLanguage":"en-GB"},{"@type":"Organization","@id":"https:\/\/cervejaletra.pt\/#organization","name":"Cerveja Letra","alternateName":"Letra","url":"https:\/\/cervejaletra.pt\/","logo":{"@type":"ImageObject","inLanguage":"en-GB","@id":"https:\/\/cervejaletra.pt\/#\/schema\/logo\/image\/","url":"https:\/\/cervejaletra.pt\/wp-content\/uploads\/2022\/05\/logotipo_preto.svg","contentUrl":"https:\/\/cervejaletra.pt\/wp-content\/uploads\/2022\/05\/logotipo_preto.svg","width":134,"height":39,"caption":"Cerveja Letra"},"image":{"@id":"https:\/\/cervejaletra.pt\/#\/schema\/logo\/image\/"}}]}},"_links":{"self":[{"href":"https:\/\/cervejaletra.pt\/en\/wp-json\/wp\/v2\/product\/50"}],"collection":[{"href":"https:\/\/cervejaletra.pt\/en\/wp-json\/wp\/v2\/product"}],"about":[{"href":"https:\/\/cervejaletra.pt\/en\/wp-json\/wp\/v2\/types\/product"}],"wp:featuredmedia":[{"embeddable":true,"href":"https:\/\/cervejaletra.pt\/en\/wp-json\/wp\/v2\/media\/16538"}],"wp:attachment":[{"href":"https:\/\/cervejaletra.pt\/en\/wp-json\/wp\/v2\/media?parent=50"}],"wp:term":[{"taxonomy":"product_cat","embeddable":true,"href":"https:\/\/cervejaletra.pt\/en\/wp-json\/wp\/v2\/product_cat?post=50"},{"taxonomy":"product_tag","embeddable":true,"href":"https:\/\/cervejaletra.pt\/en\/wp-json\/wp\/v2\/product_tag?post=50"},{"taxonomy":"giftcard-category","embeddable":true,"href":"https:\/\/cervejaletra.pt\/en\/wp-json\/wp\/v2\/giftcard-category?post=50"}],"curies":[{"name":"wp","href":"https:\/\/api.w.org\/{rel}","templated":true}]}}