{"id":59,"date":"2021-05-18T16:47:31","date_gmt":"2021-05-18T15:47:31","guid":{"rendered":"http:\/\/letra22.wearemateria.com\/?post_type=product&#038;p=59"},"modified":"2026-04-10T10:46:07","modified_gmt":"2026-04-10T09:46:07","slug":"pack-maiusculas","status":"publish","type":"product","link":"https:\/\/cervejaletra.pt\/en\/product\/pack-maiusculas\/","title":{"rendered":"Pack Capital Letters"},"content":{"rendered":"<h1>Letras Mai\u00fasculas<\/h1>\n<h4>Here you can buy your pack with your favorite Capital Letra at the best price. There are 6 bottles of 75cl waiting for you.<br \/>\nThe Letra available at 75cl format are:<\/h4>\n<ul>\n<li>\n<h5>\u00a0LETRA B (Pilsner)<\/h5>\n<\/li>\n<li>\n<h5>LETRA D (Red Ale)<\/h5>\n<\/li>\n<li>\n<h5>LETRA E (Belgian Dark Strong Ale)<\/h5>\n<\/li>\n<\/ul>\n<h3><strong>Escolhe se queres uma s\u00f3 Letra ou uma caixa com mistura.<\/strong><\/h3>","protected":false},"excerpt":{"rendered":"<h1>Letras Mai\u00fasculas<\/h1>\n<h4>Here you can buy your pack with your favorite Capital Letra at the best price. There are 6 bottles of 75cl waiting for you.<br \/>\nThe Letra available at 75cl format are:<\/h4>\n<ul>\n<li>\n<h5>\u00a0LETRA B (Pilsner)<\/h5>\n<\/li>\n<li>\n<h5>LETRA D (Red Ale)<\/h5>\n<\/li>\n<li>\n<h5>LETRA E (Belgian Dark Strong Ale)<\/h5>\n<\/li>\n<\/ul>\n<h3><strong>Escolhe se queres uma s\u00f3 Letra ou uma caixa com mistura.<\/strong><\/h3>","protected":false},"featured_media":15560,"template":"","meta":[],"product_cat":[37,72,17],"product_tag":[],"giftcard-category":[],"supplier_id":null,"supplier_sku":"","barcode":null,"atum_controlled":true,"out_stock_date":null,"out_stock_threshold":null,"inheritable":true,"inbound_stock":0,"stock_on_hold":14,"sold_today":0,"sales_last_days":2,"reserved_stock":0,"customer_returns":0,"warehouse_damage":0,"lost_in_post":0,"other_logs":0,"out_stock_days":0,"lost_sales":0,"has_location":false,"update_date":"2026-04-24T06:53:06","atum_locations":[],"atum_stock_status":"instock","restock_status":false,"low_stock_amount":"","sales_update_date":"2026-04-24T06:53:06","calc_backorders":null,"yoast_head":"<!-- This site is optimized with the Yoast SEO plugin v19.13 - https:\/\/yoast.com\/wordpress\/plugins\/seo\/ -->\n<title>Pack Mai\u00fasculas - Letra<\/title>\n<meta name=\"description\" content=\"Aqui podes comprar a tua caixa com as tuas letras mai\u00fasculas ao melhor pre\u00e7o. S\u00e3o 6 garrafas de 75cl com o melhor n\u00e9ctar, e com a melhor cerveja do minho..\" \/>\n<meta name=\"robots\" content=\"index, follow, max-snippet:-1, max-image-preview:large, max-video-preview:-1\" \/>\n<link rel=\"canonical\" href=\"https:\/\/cervejaletra.pt\/en\/product\/pack-maiusculas\/\" \/>\n<meta property=\"og:locale\" content=\"en_GB\" \/>\n<meta property=\"og:type\" content=\"article\" \/>\n<meta property=\"og:title\" content=\"Pack Mai\u00fasculas - Letra\" \/>\n<meta property=\"og:description\" content=\"Aqui podes comprar a tua caixa com as tuas letras mai\u00fasculas ao melhor pre\u00e7o. S\u00e3o 6 garrafas de 75cl com o melhor n\u00e9ctar, e com a melhor cerveja do minho..\" \/>\n<meta property=\"og:url\" content=\"https:\/\/cervejaletra.pt\/en\/product\/pack-maiusculas\/\" \/>\n<meta property=\"og:site_name\" content=\"Letra\" \/>\n<meta property=\"article:modified_time\" content=\"2026-04-10T09:46:07+00:00\" \/>\n<meta property=\"og:image\" content=\"https:\/\/cervejaletra.pt\/wp-content\/uploads\/2021\/05\/pack-75-bde-13-1024x803.png\" \/>\n\t<meta property=\"og:image:width\" content=\"1024\" \/>\n\t<meta property=\"og:image:height\" content=\"803\" \/>\n\t<meta property=\"og:image:type\" content=\"image\/png\" \/>\n<meta name=\"twitter:card\" content=\"summary_large_image\" \/>\n<meta name=\"twitter:label1\" content=\"Estimated reading time\" \/>\n\t<meta name=\"twitter:data1\" content=\"1 minute\" \/>\n<script type=\"application\/ld+json\" class=\"yoast-schema-graph\">{\"@context\":\"https:\/\/schema.org\",\"@graph\":[{\"@type\":\"WebPage\",\"@id\":\"https:\/\/cervejaletra.pt\/produto\/pack-maiusculas\/\",\"url\":\"https:\/\/cervejaletra.pt\/produto\/pack-maiusculas\/\",\"name\":\"Pack Mai\u00fasculas - Letra\",\"isPartOf\":{\"@id\":\"https:\/\/cervejaletra.pt\/#website\"},\"datePublished\":\"2021-05-18T15:47:31+00:00\",\"dateModified\":\"2026-04-10T09:46:07+00:00\",\"description\":\"Aqui podes comprar a tua caixa com as tuas letras mai\u00fasculas ao melhor pre\u00e7o. S\u00e3o 6 garrafas de 75cl com o melhor n\u00e9ctar, e com a melhor cerveja do minho..\",\"breadcrumb\":{\"@id\":\"https:\/\/cervejaletra.pt\/produto\/pack-maiusculas\/#breadcrumb\"},\"inLanguage\":\"en-GB\",\"potentialAction\":[{\"@type\":\"ReadAction\",\"target\":[\"https:\/\/cervejaletra.pt\/produto\/pack-maiusculas\/\"]}]},{\"@type\":\"BreadcrumbList\",\"@id\":\"https:\/\/cervejaletra.pt\/produto\/pack-maiusculas\/#breadcrumb\",\"itemListElement\":[{\"@type\":\"ListItem\",\"position\":1,\"name\":\"In\u00edcio\",\"item\":\"https:\/\/cervejaletra.pt\/\"},{\"@type\":\"ListItem\",\"position\":2,\"name\":\"Loja\",\"item\":\"https:\/\/cervejaletra.pt\/loja\/\"},{\"@type\":\"ListItem\",\"position\":3,\"name\":\"Pack Mai\u00fasculas\"}]},{\"@type\":\"WebSite\",\"@id\":\"https:\/\/cervejaletra.pt\/#website\",\"url\":\"https:\/\/cervejaletra.pt\/\",\"name\":\"Cerveja Letra\",\"description\":\"Cerveja Artesanal Minhota\",\"publisher\":{\"@id\":\"https:\/\/cervejaletra.pt\/#organization\"},\"alternateName\":\"Letra\",\"potentialAction\":[{\"@type\":\"SearchAction\",\"target\":{\"@type\":\"EntryPoint\",\"urlTemplate\":\"https:\/\/cervejaletra.pt\/?s={search_term_string}\"},\"query-input\":\"required name=search_term_string\"}],\"inLanguage\":\"en-GB\"},{\"@type\":\"Organization\",\"@id\":\"https:\/\/cervejaletra.pt\/#organization\",\"name\":\"Cerveja Letra\",\"alternateName\":\"Letra\",\"url\":\"https:\/\/cervejaletra.pt\/\",\"logo\":{\"@type\":\"ImageObject\",\"inLanguage\":\"en-GB\",\"@id\":\"https:\/\/cervejaletra.pt\/#\/schema\/logo\/image\/\",\"url\":\"https:\/\/cervejaletra.pt\/wp-content\/uploads\/2022\/05\/logotipo_preto.svg\",\"contentUrl\":\"https:\/\/cervejaletra.pt\/wp-content\/uploads\/2022\/05\/logotipo_preto.svg\",\"width\":134,\"height\":39,\"caption\":\"Cerveja Letra\"},\"image\":{\"@id\":\"https:\/\/cervejaletra.pt\/#\/schema\/logo\/image\/\"}}]}<\/script>\n<!-- \/ Yoast SEO plugin. -->","yoast_head_json":{"title":"Pack Mai\u00fasculas - Letra","description":"Aqui podes comprar a tua caixa com as tuas letras mai\u00fasculas ao melhor pre\u00e7o. S\u00e3o 6 garrafas de 75cl com o melhor n\u00e9ctar, e com a melhor cerveja do minho..","robots":{"index":"index","follow":"follow","max-snippet":"max-snippet:-1","max-image-preview":"max-image-preview:large","max-video-preview":"max-video-preview:-1"},"canonical":"https:\/\/cervejaletra.pt\/en\/product\/pack-maiusculas\/","og_locale":"en_GB","og_type":"article","og_title":"Pack Mai\u00fasculas - Letra","og_description":"Aqui podes comprar a tua caixa com as tuas letras mai\u00fasculas ao melhor pre\u00e7o. S\u00e3o 6 garrafas de 75cl com o melhor n\u00e9ctar, e com a melhor cerveja do minho..","og_url":"https:\/\/cervejaletra.pt\/en\/product\/pack-maiusculas\/","og_site_name":"Letra","article_modified_time":"2026-04-10T09:46:07+00:00","og_image":[{"width":1024,"height":803,"url":"https:\/\/cervejaletra.pt\/wp-content\/uploads\/2021\/05\/pack-75-bde-13-1024x803.png","type":"image\/png"}],"twitter_card":"summary_large_image","twitter_misc":{"Estimated reading time":"1 minute"},"schema":{"@context":"https:\/\/schema.org","@graph":[{"@type":"WebPage","@id":"https:\/\/cervejaletra.pt\/produto\/pack-maiusculas\/","url":"https:\/\/cervejaletra.pt\/produto\/pack-maiusculas\/","name":"Pack Mai\u00fasculas - Letra","isPartOf":{"@id":"https:\/\/cervejaletra.pt\/#website"},"datePublished":"2021-05-18T15:47:31+00:00","dateModified":"2026-04-10T09:46:07+00:00","description":"Aqui podes comprar a tua caixa com as tuas letras mai\u00fasculas ao melhor pre\u00e7o. S\u00e3o 6 garrafas de 75cl com o melhor n\u00e9ctar, e com a melhor cerveja do minho..","breadcrumb":{"@id":"https:\/\/cervejaletra.pt\/produto\/pack-maiusculas\/#breadcrumb"},"inLanguage":"en-GB","potentialAction":[{"@type":"ReadAction","target":["https:\/\/cervejaletra.pt\/produto\/pack-maiusculas\/"]}]},{"@type":"BreadcrumbList","@id":"https:\/\/cervejaletra.pt\/produto\/pack-maiusculas\/#breadcrumb","itemListElement":[{"@type":"ListItem","position":1,"name":"In\u00edcio","item":"https:\/\/cervejaletra.pt\/"},{"@type":"ListItem","position":2,"name":"Loja","item":"https:\/\/cervejaletra.pt\/loja\/"},{"@type":"ListItem","position":3,"name":"Pack Mai\u00fasculas"}]},{"@type":"WebSite","@id":"https:\/\/cervejaletra.pt\/#website","url":"https:\/\/cervejaletra.pt\/","name":"Cerveja Letra","description":"Cerveja Artesanal Minhota","publisher":{"@id":"https:\/\/cervejaletra.pt\/#organization"},"alternateName":"Letra","potentialAction":[{"@type":"SearchAction","target":{"@type":"EntryPoint","urlTemplate":"https:\/\/cervejaletra.pt\/?s={search_term_string}"},"query-input":"required name=search_term_string"}],"inLanguage":"en-GB"},{"@type":"Organization","@id":"https:\/\/cervejaletra.pt\/#organization","name":"Cerveja Letra","alternateName":"Letra","url":"https:\/\/cervejaletra.pt\/","logo":{"@type":"ImageObject","inLanguage":"en-GB","@id":"https:\/\/cervejaletra.pt\/#\/schema\/logo\/image\/","url":"https:\/\/cervejaletra.pt\/wp-content\/uploads\/2022\/05\/logotipo_preto.svg","contentUrl":"https:\/\/cervejaletra.pt\/wp-content\/uploads\/2022\/05\/logotipo_preto.svg","width":134,"height":39,"caption":"Cerveja Letra"},"image":{"@id":"https:\/\/cervejaletra.pt\/#\/schema\/logo\/image\/"}}]}},"_links":{"self":[{"href":"https:\/\/cervejaletra.pt\/en\/wp-json\/wp\/v2\/product\/59"}],"collection":[{"href":"https:\/\/cervejaletra.pt\/en\/wp-json\/wp\/v2\/product"}],"about":[{"href":"https:\/\/cervejaletra.pt\/en\/wp-json\/wp\/v2\/types\/product"}],"wp:featuredmedia":[{"embeddable":true,"href":"https:\/\/cervejaletra.pt\/en\/wp-json\/wp\/v2\/media\/15560"}],"wp:attachment":[{"href":"https:\/\/cervejaletra.pt\/en\/wp-json\/wp\/v2\/media?parent=59"}],"wp:term":[{"taxonomy":"product_cat","embeddable":true,"href":"https:\/\/cervejaletra.pt\/en\/wp-json\/wp\/v2\/product_cat?post=59"},{"taxonomy":"product_tag","embeddable":true,"href":"https:\/\/cervejaletra.pt\/en\/wp-json\/wp\/v2\/product_tag?post=59"},{"taxonomy":"giftcard-category","embeddable":true,"href":"https:\/\/cervejaletra.pt\/en\/wp-json\/wp\/v2\/giftcard-category?post=59"}],"curies":[{"name":"wp","href":"https:\/\/api.w.org\/{rel}","templated":true}]}}